{"id":25028,"date":"2024-08-21T12:42:06","date_gmt":"2024-08-21T10:42:06","guid":{"rendered":"https:\/\/dev.kauma.es\/pressupost\/"},"modified":"2025-05-08T09:37:22","modified_gmt":"2025-05-08T07:37:22","slug":"pressupost","status":"publish","type":"page","link":"https:\/\/kauma.es\/ca\/pressupost\/","title":{"rendered":"Pressupost"},"content":{"rendered":"<section class=\"l-section wpb_row height_auto full_height valign_center color_alternate with_slider\"><div class=\"l-section-slider\"><div class=\"w-slider style_none fit_cover nav_none count_3\"><div class=\"w-slider-h\" aria-hidden=\"true\"><div class=\"royalSlider\"><div class=\"rsContent\"><a class=\"rsImg\" data-rsw=\"1619\" data-rsh=\"1080\" href=\"https:\/\/kauma.es\/wp-content\/uploads\/2024\/07\/Imagen-Pergolas-bioclimaticas-slider1.jpg\"><span data-alt=\"\"><\/span><\/a><\/div><div class=\"rsContent\"><a class=\"rsImg\" data-rsw=\"1619\" data-rsh=\"1080\" href=\"https:\/\/kauma.es\/wp-content\/uploads\/2024\/07\/Imagen-Pergolas-bioclimaticas-slider2.jpg\"><span data-alt=\"\"><\/span><\/a><\/div><div class=\"rsContent\"><a class=\"rsImg\" data-rsw=\"1619\" data-rsh=\"1080\" href=\"https:\/\/kauma.es\/wp-content\/uploads\/2024\/07\/Imagen-Pergolas-bioclimaticas-slider3.jpg\"><span data-alt=\"\"><\/span><\/a><\/div><\/div><img decoding=\"async\" src=\"https:\/\/kauma.es\/wp-content\/uploads\/2024\/07\/Imagen-Pergolas-bioclimaticas-slider1.jpg\" width=\"1619\" height=\"1080\" alt loading=\"lazy\"><\/div><div class=\"w-slider-json\" onclick='return {&quot;autoScaleSlider&quot;:true,&quot;addActiveClass&quot;:true,&quot;loop&quot;:true,&quot;fadeInLoadedSlide&quot;:false,&quot;slidesSpacing&quot;:0,&quot;imageScalePadding&quot;:0,&quot;numImagesToPreload&quot;:2,&quot;arrowsNav&quot;:false,&quot;arrowsNavAutoHide&quot;:false,&quot;transitionType&quot;:&quot;move&quot;,&quot;transitionSpeed&quot;:1000,&quot;block&quot;:{&quot;moveEffect&quot;:&quot;none&quot;,&quot;speed&quot;:300},&quot;thumbs&quot;:{&quot;fitInViewport&quot;:false,&quot;firstMargin&quot;:false,&quot;spacing&quot;:4},&quot;controlNavigation&quot;:&quot;none&quot;,&quot;autoplay&quot;:{&quot;enabled&quot;:true,&quot;pauseOnHover&quot;:false,&quot;delay&quot;:3000},&quot;autoScaleSliderWidth&quot;:1619,&quot;autoScaleSliderHeight&quot;:1080}'><\/div><\/div><\/div><div class=\"l-section-h i-cf\"><div class=\"g-cols vc_row via_flex valign_top type_default stacking_default\"><div class=\"vc_col-sm-12 wpb_column vc_column_container\"><div class=\"vc_column-inner\"><div class=\"wpb_wrapper\"><h2 class=\"w-text\"><span class=\"w-text-h\"><span class=\"w-text-value\">Sol\u00b7licita\u2019ns pressupost sense comprom\u00eds<\/span><\/span><\/h2><div class=\"w-separator size_medium\"><\/div><div class=\"w-hwrapper valign_top align_none\"><div class=\"w-btn-wrapper align_left\"><a class=\"w-btn us-btn-style_4 icon-rotate icon_atright\" href=\"#formulario-presupuesto\"><span class=\"w-btn-label\">Formulari de pressupost<\/span><i class=\"fas fa-caret-right\"><\/i><\/a><\/div><\/div><\/div><\/div><\/div><\/div><\/div><\/section><section class=\"l-section wpb_row height_auto\"><div class=\"l-section-h i-cf\"><div class=\"g-cols vc_row via_flex valign_top type_default stacking_default\"><div class=\"vc_col-sm-6 wpb_column vc_column_container\"><div class=\"vc_column-inner\"><div class=\"wpb_wrapper\"><div class=\"w-text\"><span class=\"w-text-h\"><span class=\"w-text-value\">SOL.LICITAR PRESSUPOST<\/span><\/span><\/div><div class=\"w-separator size_medium\"><\/div><h3 class=\"w-text us_custom_83857763\"><span class=\"w-text-h\"><span class=\"w-text-value\">A un pas de gaudir la vida a l\u00b4exterior.<\/span><\/span><\/h3><\/div><\/div><\/div><div class=\"vc_col-sm-6 wpb_column vc_column_container\"><div class=\"vc_column-inner\"><div class=\"wpb_wrapper\"><div class=\"wpb_text_column us_custom_0033d580\"><div class=\"wpb_wrapper\"><p>Tens definit com ser\u00e0 el teu projecte? Est\u00e0s encara en una fase prospectiva y necessites assessorament?. Envia\u2019ns la teva consulta o petici\u00f3 a trav\u00e9s del seg\u00fcent formulari i contactarem amb tu.<\/p>\n<\/div><\/div><\/div><\/div><\/div><\/div><\/div><\/section><section class=\"l-section wpb_row height_auto\" id=\"formulario-presupuesto\"><div class=\"l-section-h i-cf\"><div class=\"g-cols vc_row via_flex valign_top type_default stacking_default\"><div class=\"vc_col-sm-12 wpb_column vc_column_container\"><div class=\"vc_column-inner\"><div class=\"wpb_wrapper\">\n<div class=\"wpcf7 no-js\" id=\"wpcf7-f27109-o1\" lang=\"ca\" dir=\"ltr\" data-wpcf7-id=\"27109\">\n<div class=\"screen-reader-response\"><p role=\"status\" aria-live=\"polite\" aria-atomic=\"true\"><\/p> <ul><\/ul><\/div>\n<form action=\"\/ca\/wp-json\/wp\/v2\/pages\/25028#wpcf7-f27109-o1\" method=\"post\" class=\"wpcf7-form init\" aria-label=\"Formulari de contacte\" novalidate=\"novalidate\" data-status=\"init\">\n<fieldset class=\"hidden-fields-container\"><input type=\"hidden\" name=\"_wpcf7\" value=\"27109\" \/><input type=\"hidden\" name=\"_wpcf7_version\" value=\"6.1.5\" \/><input type=\"hidden\" name=\"_wpcf7_locale\" value=\"ca\" \/><input type=\"hidden\" name=\"_wpcf7_unit_tag\" value=\"wpcf7-f27109-o1\" \/><input type=\"hidden\" name=\"_wpcf7_container_post\" value=\"0\" \/><input type=\"hidden\" name=\"_wpcf7_posted_data_hash\" value=\"\" \/><input type=\"hidden\" name=\"_wpcf7_recaptcha_response\" value=\"\" \/>\n<\/fieldset>\n<div class=\"cf-container\">\n\t<div class=\"cf-col-4\">\n\t\t<p><span class=\"wpcf7-form-control-wrap\" data-name=\"Nombre\"><input size=\"40\" maxlength=\"400\" class=\"wpcf7-form-control wpcf7-text wpcf7-validates-as-required\" aria-required=\"true\" aria-invalid=\"false\" placeholder=\"Nom\" value=\"\" type=\"text\" name=\"Nombre\" \/><\/span>\n\t\t<\/p>\n\t<\/div>\n\t<div class=\"cf-col-4\">\n\t\t<p><span class=\"wpcf7-form-control-wrap\" data-name=\"Apellido\"><input size=\"40\" maxlength=\"400\" class=\"wpcf7-form-control wpcf7-text wpcf7-validates-as-required\" aria-required=\"true\" aria-invalid=\"false\" placeholder=\"Cognom\" value=\"\" type=\"text\" name=\"Apellido\" \/><\/span>\n\t\t<\/p>\n\t<\/div>\n\t<div class=\"cf-col-4\">\n\t\t<p><span class=\"wpcf7-form-control-wrap\" data-name=\"email-870\"><input size=\"40\" maxlength=\"400\" class=\"wpcf7-form-control wpcf7-email wpcf7-validates-as-required wpcf7-text wpcf7-validates-as-email\" aria-required=\"true\" aria-invalid=\"false\" placeholder=\"Correu electr\u00f2nic\" value=\"\" type=\"email\" name=\"email-870\" \/><\/span>\n\t\t<\/p>\n\t<\/div>\n\t<div class=\"cf-col-4\">\n\t\t<p><span class=\"wpcf7-form-control-wrap\" data-name=\"Telefono\"><input size=\"40\" maxlength=\"400\" class=\"wpcf7-form-control wpcf7-text wpcf7-validates-as-required\" aria-required=\"true\" aria-invalid=\"false\" placeholder=\"Tel\u00e8fon\" value=\"\" type=\"text\" name=\"Telefono\" \/><\/span>\n\t\t<\/p>\n\t<\/div>\n\t<div class=\"cf-col-4\">\n\t\t<p><span class=\"wpcf7-form-control-wrap\" data-name=\"Pais\"><select class=\"wpcf7-form-control wpcf7-select wpcf7-validates-as-required\" aria-required=\"true\" aria-invalid=\"false\" name=\"Pais\"><option value=\"\">Pa\u00eds<\/option><option value=\"Afganistan\">Afganistan<\/option><option value=\"Alb\u00e0nia\">Alb\u00e0nia<\/option><option value=\"Alemanya\">Alemanya<\/option><option value=\"Andorra\">Andorra<\/option><option value=\"Angola\">Angola<\/option><option value=\"Antigua i Barbuda\">Antigua i Barbuda<\/option><option value=\"Ar\u00e0bia Saudita\">Ar\u00e0bia Saudita<\/option><option value=\"Alg\u00e8ria\">Alg\u00e8ria<\/option><option value=\"Argentina\">Argentina<\/option><option value=\"Arm\u00e8nia\">Arm\u00e8nia<\/option><option value=\"Austr\u00e0lia\">Austr\u00e0lia<\/option><option value=\"\u00c0ustria\">\u00c0ustria<\/option><option value=\"Azerbaidjan\">Azerbaidjan<\/option><option value=\"Bahames\">Bahames<\/option><option value=\"Bangladesh\">Bangladesh<\/option><option value=\"Barbados\">Barbados<\/option><option value=\"Bahrain\">Bahrain<\/option><option value=\"B\u00e8lgica\">B\u00e8lgica<\/option><option value=\"Belize\">Belize<\/option><option value=\"Ben\u00edn\">Ben\u00edn<\/option><option value=\"Bielor\u00fassia\">Bielor\u00fassia<\/option><option value=\"Birm\u00e0nia (Myanmar)\">Birm\u00e0nia (Myanmar)<\/option><option value=\"Bol\u00edvia\">Bol\u00edvia<\/option><option value=\"B\u00f2snia i Hercegovina\">B\u00f2snia i Hercegovina<\/option><option value=\"Botswana\">Botswana<\/option><option value=\"Brasil\">Brasil<\/option><option value=\"Brunei\">Brunei<\/option><option value=\"Bulg\u00e0ria\">Bulg\u00e0ria<\/option><option value=\"Burkina Faso\">Burkina Faso<\/option><option value=\"Burundi\">Burundi<\/option><option value=\"Bhutan\">Bhutan<\/option><option value=\"Cap Verd\">Cap Verd<\/option><option value=\"Cambodja\">Cambodja<\/option><option value=\"Camerun\">Camerun<\/option><option value=\"Canad\u00e0\">Canad\u00e0<\/option><option value=\"Qatar\">Qatar<\/option><option value=\"Txad\">Txad<\/option><option value=\"Xile\">Xile<\/option><option value=\"Xina\">Xina<\/option><option value=\"Xipre\">Xipre<\/option><option value=\"Col\u00f2mbia\">Col\u00f2mbia<\/option><option value=\"Comores\">Comores<\/option><option value=\"Corea del Nord\">Corea del Nord<\/option><option value=\"Corea del Sud\">Corea del Sud<\/option><option value=\"Costa d&#039;Ivori\">Costa d&#039;Ivori<\/option><option value=\"Costa Rica\">Costa Rica<\/option><option value=\"Cro\u00e0cia\">Cro\u00e0cia<\/option><option value=\"Cuba\">Cuba<\/option><option value=\"Dinamarca\">Dinamarca<\/option><option value=\"Dominica\">Dominica<\/option><option value=\"Equador\">Equador<\/option><option value=\"Egipte\">Egipte<\/option><option value=\"El Salvador\">El Salvador<\/option><option value=\"Emirats \u00c0rabs Units\">Emirats \u00c0rabs Units<\/option><option value=\"Eritrea\">Eritrea<\/option><option value=\"Eslov\u00e0quia\">Eslov\u00e0quia<\/option><option value=\"Eslov\u00e8nia\">Eslov\u00e8nia<\/option><option value=\"Espanya\">Espanya<\/option><option value=\"Estats Units\">Estats Units<\/option><option value=\"Est\u00f2nia\">Est\u00f2nia<\/option><option value=\"Eswatini (Swazil\u00e0ndia)\">Eswatini (Swazil\u00e0ndia)<\/option><option value=\"Eti\u00f2pia\">Eti\u00f2pia<\/option><option value=\"Fiji\">Fiji<\/option><option value=\"Filipines\">Filipines<\/option><option value=\"Finl\u00e0ndia\">Finl\u00e0ndia<\/option><option value=\"Fran\u00e7a\">Fran\u00e7a<\/option><option value=\"Gabon\">Gabon<\/option><option value=\"G\u00e0mbia\">G\u00e0mbia<\/option><option value=\"Ge\u00f2rgia\">Ge\u00f2rgia<\/option><option value=\"Ghana\">Ghana<\/option><option value=\"Granada\">Granada<\/option><option value=\"Gr\u00e8cia\">Gr\u00e8cia<\/option><option value=\"Guatemala\">Guatemala<\/option><option value=\"Guinea\">Guinea<\/option><option value=\"Guinea Bissau\">Guinea Bissau<\/option><option value=\"Guinea Equatorial\">Guinea Equatorial<\/option><option value=\"Guyana\">Guyana<\/option><option value=\"Hait\u00ed\">Hait\u00ed<\/option><option value=\"Hondures\">Hondures<\/option><option value=\"Hongria\">Hongria<\/option><option value=\"\u00cdndia\">\u00cdndia<\/option><option value=\"Indon\u00e8sia\">Indon\u00e8sia<\/option><option value=\"Iraq\">Iraq<\/option><option value=\"Iran\">Iran<\/option><option value=\"Irlanda\">Irlanda<\/option><option value=\"Isl\u00e0ndia\">Isl\u00e0ndia<\/option><option value=\"Illes Marshall\">Illes Marshall<\/option><option value=\"Illes Salom\u00f3\">Illes Salom\u00f3<\/option><option value=\"Israel\">Israel<\/option><option value=\"It\u00e0lia\">It\u00e0lia<\/option><option value=\"Jamaica\">Jamaica<\/option><option value=\"Jap\u00f3\">Jap\u00f3<\/option><option value=\"Jord\u00e0nia\">Jord\u00e0nia<\/option><option value=\"Kazakhstan\">Kazakhstan<\/option><option value=\"Kenya\">Kenya<\/option><option value=\"Kirguizistan\">Kirguizistan<\/option><option value=\"Kiribati\">Kiribati<\/option><option value=\"Kosovo\">Kosovo<\/option><option value=\"Kuwait\">Kuwait<\/option><option value=\"Laos\">Laos<\/option><option value=\"Lesotho\">Lesotho<\/option><option value=\"Let\u00f2nia\">Let\u00f2nia<\/option><option value=\"L\u00edban\">L\u00edban<\/option><option value=\"Lib\u00e8ria\">Lib\u00e8ria<\/option><option value=\"L\u00edbia\">L\u00edbia<\/option><option value=\"Liechtenstein\">Liechtenstein<\/option><option value=\"Litu\u00e0nia\">Litu\u00e0nia<\/option><option value=\"Luxemburg\">Luxemburg<\/option><option value=\"Maced\u00f2nia del Nord\">Maced\u00f2nia del Nord<\/option><option value=\"Madagascar\">Madagascar<\/option><option value=\"Mal\u00e0isia\">Mal\u00e0isia<\/option><option value=\"Malawi\">Malawi<\/option><option value=\"Maldives\">Maldives<\/option><option value=\"Mali\">Mali<\/option><option value=\"Malta\">Malta<\/option><option value=\"Marroc\">Marroc<\/option><option value=\"Maurici\">Maurici<\/option><option value=\"Maurit\u00e0nia\">Maurit\u00e0nia<\/option><option value=\"M\u00e8xic\">M\u00e8xic<\/option><option value=\"Micron\u00e8sia\">Micron\u00e8sia<\/option><option value=\"Mold\u00e0via\">Mold\u00e0via<\/option><option value=\"M\u00f2naco\">M\u00f2naco<\/option><option value=\"Mong\u00f2lia\">Mong\u00f2lia<\/option><option value=\"Montenegro\">Montenegro<\/option><option value=\"Mo\u00e7ambic\">Mo\u00e7ambic<\/option><option value=\"Nam\u00edbia\">Nam\u00edbia<\/option><option value=\"Nauru\">Nauru<\/option><option value=\"Nepal\">Nepal<\/option><option value=\"Nicaragua\">Nicaragua<\/option><option value=\"N\u00edger\">N\u00edger<\/option><option value=\"Nig\u00e8ria\">Nig\u00e8ria<\/option><option value=\"Noruega\">Noruega<\/option><option value=\"Nova Zelanda\">Nova Zelanda<\/option><option value=\"Oman\">Oman<\/option><option value=\"Pa\u00efsos Baixos\">Pa\u00efsos Baixos<\/option><option value=\"Pakistan\">Pakistan<\/option><option value=\"Palaos\">Palaos<\/option><option value=\"Panam\u00e0\">Panam\u00e0<\/option><option value=\"Papua Nova Guinea\">Papua Nova Guinea<\/option><option value=\"Paraguai\">Paraguai<\/option><option value=\"Per\u00fa\">Per\u00fa<\/option><option value=\"Pol\u00f2nia\">Pol\u00f2nia<\/option><option value=\"Portugal\">Portugal<\/option><option value=\"Regne Unit\">Regne Unit<\/option><option value=\"Rep\u00fablica Centrafricana\">Rep\u00fablica Centrafricana<\/option><option value=\"Rep\u00fablica Txeca\">Rep\u00fablica Txeca<\/option><option value=\"Rep\u00fablica del Congo\">Rep\u00fablica del Congo<\/option><option value=\"Rep\u00fablica Democr\u00e0tica del Congo\">Rep\u00fablica Democr\u00e0tica del Congo<\/option><option value=\"Rep\u00fablica Dominicana\">Rep\u00fablica Dominicana<\/option><option value=\"Ruanda\">Ruanda<\/option><option value=\"Romania\">Romania<\/option><option value=\"R\u00fassia\">R\u00fassia<\/option><option value=\"Samoa\">Samoa<\/option><option value=\"Saint Kitts i Nevis\">Saint Kitts i Nevis<\/option><option value=\"San Marino\">San Marino<\/option><option value=\"Saint Vincent i les Grenadines\">Saint Vincent i les Grenadines<\/option><option value=\"Santa Ll\u00facia\">Santa Ll\u00facia<\/option><option value=\"Sao Tom\u00e9 i Pr\u00edncipe\">Sao Tom\u00e9 i Pr\u00edncipe<\/option><option value=\"Senegal\">Senegal<\/option><option value=\"S\u00e8rbia\">S\u00e8rbia<\/option><option value=\"Seychelles\">Seychelles<\/option><option value=\"Sierra Leone\">Sierra Leone<\/option><option value=\"Singapur\">Singapur<\/option><option value=\"S\u00edria\">S\u00edria<\/option><option value=\"Som\u00e0lia\">Som\u00e0lia<\/option><option value=\"Sri Lanka\">Sri Lanka<\/option><option value=\"Sud-\u00e0frica\">Sud-\u00e0frica<\/option><option value=\"Sudan\">Sudan<\/option><option value=\"Sudan del Sud\">Sudan del Sud<\/option><option value=\"Su\u00e8cia\">Su\u00e8cia<\/option><option value=\"Su\u00efssa\">Su\u00efssa<\/option><option value=\"Surinam\">Surinam<\/option><option value=\"Tail\u00e0ndia\">Tail\u00e0ndia<\/option><option value=\"Tanz\u00e0nia\">Tanz\u00e0nia<\/option><option value=\"Tadjikistan\">Tadjikistan<\/option><option value=\"Timor Oriental\">Timor Oriental<\/option><option value=\"Togo\">Togo<\/option><option value=\"Tonga\">Tonga<\/option><option value=\"Trinitat i Tobago\">Trinitat i Tobago<\/option><option value=\"Tun\u00edsia\">Tun\u00edsia<\/option><option value=\"Turkmenistan\">Turkmenistan<\/option><option value=\"Turquia\">Turquia<\/option><option value=\"Tuvalu\">Tuvalu<\/option><option value=\"Ucra\u00efna\">Ucra\u00efna<\/option><option value=\"Uganda\">Uganda<\/option><option value=\"Uruguai\">Uruguai<\/option><option value=\"Uzbekistan\">Uzbekistan<\/option><option value=\"Vanuatu\">Vanuatu<\/option><option value=\"Vene\u00e7uela\">Vene\u00e7uela<\/option><option value=\"Vietnam\">Vietnam<\/option><option value=\"Iemen\">Iemen<\/option><option value=\"Djibouti\">Djibouti<\/option><option value=\"Z\u00e0mbia\">Z\u00e0mbia<\/option><option value=\"Zimbabwe\">Zimbabwe<\/option><\/select><\/span>\n\t\t<\/p>\n\t<\/div>\n\t<div class=\"cf-col-4\">\n\t\t<p><span class=\"wpcf7-form-control-wrap\" data-name=\"codigo-postal\"><input size=\"40\" maxlength=\"400\" class=\"wpcf7-form-control wpcf7-text wpcf7-validates-as-required\" aria-required=\"true\" aria-invalid=\"false\" placeholder=\"Codi postal\" value=\"\" type=\"text\" name=\"codigo-postal\" \/><\/span>\n\t\t<\/p>\n\t<\/div>\n\t<div class=\"cf-col-4\">\n\t\t<p><span class=\"wpcf7-form-control-wrap\" data-name=\"Direccion\"><input size=\"40\" maxlength=\"400\" class=\"wpcf7-form-control wpcf7-text\" aria-invalid=\"false\" placeholder=\"Adre\u00e7a\" value=\"\" type=\"text\" name=\"Direccion\" \/><\/span>\n\t\t<\/p>\n\t<\/div>\n\t<div class=\"cf-col-4\">\n\t\t<p><span class=\"wpcf7-form-control-wrap\" data-name=\"Bloque-piso-escalera\"><input size=\"40\" maxlength=\"400\" class=\"wpcf7-form-control wpcf7-text\" aria-invalid=\"false\" placeholder=\"Bloc, pis, escala...\" value=\"\" type=\"text\" name=\"Bloque-piso-escalera\" \/><\/span>\n\t\t<\/p>\n\t<\/div>\n\t<div class=\"cf-col-4\">\n\t\t<p><span class=\"wpcf7-form-control-wrap\" data-name=\"Soy\"><select class=\"wpcf7-form-control wpcf7-select wpcf7-validates-as-required\" aria-required=\"true\" aria-invalid=\"false\" name=\"Soy\"><option value=\"Soc\">Soc<\/option><option value=\"Particular\">Particular<\/option><option value=\"Hostaleria\">Hostaleria<\/option><option value=\"Comer\u00e7\">Comer\u00e7<\/option><option value=\"Instal\u00b7lador\">Instal\u00b7lador<\/option><option value=\"Distribu\u00efdor\">Distribu\u00efdor<\/option><option value=\"Arquitecte\">Arquitecte<\/option><option value=\"Decorador\">Decorador<\/option><\/select><\/span>\n\t\t<\/p>\n\t<\/div>\n\t<div class=\"cf-col-4\">\n\t\t<p><span class=\"wpcf7-form-control-wrap\" data-name=\"Empresa\"><input size=\"40\" maxlength=\"400\" class=\"wpcf7-form-control wpcf7-text\" aria-invalid=\"false\" placeholder=\"Empresa\" value=\"\" type=\"text\" name=\"Empresa\" \/><\/span>\n\t\t<\/p>\n\t<\/div>\n\t<div class=\"cf-col-4\">\n\t\t<p><span class=\"wpcf7-form-control-wrap\" data-name=\"nos-conoces-por\"><select class=\"wpcf7-form-control wpcf7-select wpcf7-validates-as-required\" aria-required=\"true\" aria-invalid=\"false\" name=\"nos-conoces-por\"><option value=\"Ens coneixes per\">Ens coneixes per<\/option><option value=\"M&#039;ho han recomanat\">M&#039;ho han recomanat<\/option><option value=\"Xarxes socials\">Xarxes socials<\/option><option value=\"Cercant a internet\">Cercant a internet<\/option><option value=\"Publicitat\">Publicitat<\/option><option value=\"Fira o exposici\u00f3\">Fira o exposici\u00f3<\/option><\/select><\/span>\n\t\t<\/p>\n\t<\/div>\n\t<div class=\"cf-col-8\">\n\t\t<p><span class=\"wpcf7-form-control-wrap\" data-name=\"Cuentanos\"><textarea cols=\"40\" rows=\"10\" maxlength=\"2000\" class=\"wpcf7-form-control wpcf7-textarea\" aria-invalid=\"false\" placeholder=\"Explica&#039;ns m\u00e9s...\" name=\"Cuentanos\"><\/textarea><\/span>\n\t\t<\/p>\n\t<\/div>\n<\/div>\n<div class=\"checkbox-columns \">\n\n\n <!-- Columna 1: Cortinas de cristal -->\n\t<div class=\"cf-col-4\">\n\t\t<h5 class=\"column-title\">Cortines de vidre\n\t\t<\/h5>\n\t\t<p><label class=\"cf-checkbox\"><br \/>\n<input type=\"checkbox\" name=\"parallel150\" \/> Parallel 150<br \/>\n<\/label><br \/>\n<label class=\"cf-checkbox\"><br \/>\n<input type=\"checkbox\" name=\"pivotal250\" \/> Pivotal 250<br \/>\n<\/label><br \/>\n<label class=\"cf-checkbox\"><br \/>\n<input type=\"checkbox\" name=\"pivotal350\" \/> Pivotal 350<br \/>\n<\/label><br \/>\n<label class=\"cf-checkbox\"><br \/>\n<input type=\"checkbox\" name=\"gravital400\" \/> Gravital 400<br \/>\n<\/label>\n\t\t<\/p>\n\t<\/div>\n\n\n <!-- Columna 2: Sistema de techo -->\n\t<div class=\"cf-col-4\">\n\t\t<h5 class=\"column-title\">Sistema de sostre\n\t\t<\/h5>\n\t\t<p><label class=\"cf-checkbox\"><br \/>\n<input type=\"checkbox\" name=\"tectum\" \/> Tectum<br \/>\n<\/label><br \/>\n<label class=\"cf-checkbox\"><br \/>\n<input type=\"checkbox\" name=\"tatic120\" \/> Tatic 120<br \/>\n<\/label><br \/>\n<label class=\"cf-checkbox\"><br \/>\n<input type=\"checkbox\" name=\"tende10\" \/> Tende 10<br \/>\n<\/label>\n\t\t<\/p>\n\t<\/div>\n\n\n <!-- Columna 3: P\u00e9rgola\/Paravientos -->\n\t<div class=\"cf-col-4\">\n\t\t<h5 class=\"column-title\">P\u00e8rgola\n\t\t<\/h5>\n\t\t<p><label class=\"cf-checkbox\"><br \/>\n<input type=\"checkbox\" name=\"nimbo\" \/> Nimbo<br \/>\n<\/label>\n\t\t<\/p>\n\t\t<h5 class=\"column-title\">Paravents\n\t\t<\/h5>\n\t\t<p><label class=\"cf-checkbox\"><br \/>\n<input type=\"checkbox\" name=\"aure\" \/> Aure<br \/>\n<\/label><br \/>\n<label class=\"cf-checkbox\"><br \/>\n<input type=\"checkbox\" name=\"extenda\" \/> Extenda<br \/>\n<\/label><br \/>\n<label class=\"cf-checkbox\"><br \/>\n<input type=\"checkbox\" name=\"plega\" \/> Plega<br \/>\n<\/label>\n\t\t<\/p>\n\t<\/div>\n<\/div>\n<div class=\"cf-col-12\">\n\t<p><span class=\"wpcf7-form-control-wrap\" data-name=\"upload-file-82\"><input size=\"40\" class=\"wpcf7-form-control wpcf7-drag-n-drop-file d-none\" aria-invalid=\"false\" type=\"file\" multiple=\"multiple\" data-name=\"upload-file-82\" data-id=\"27109\" data-version=\"free version 1.3.9.7\" accept=\".\" \/><\/span>\n\t<\/p>\n<\/div>\n<div class=\"cf-col-12 margin-bottom-acceptance\">\n\t<p><span class=\"wpcf7-form-control-wrap\" data-name=\"aceptacion-condiciones\"><span class=\"wpcf7-form-control wpcf7-acceptance\"><span class=\"wpcf7-list-item\"><label><input type=\"checkbox\" name=\"aceptacion-condiciones\" value=\"1\" aria-invalid=\"false\" \/><span class=\"wpcf7-list-item-label\">Accepto els <a href=\"\/legal\/\">termes i condicions<\/a>.<\/span><\/label><\/span><\/span><\/span>\n\t<\/p>\n<\/div>\n<div class=\"cf-col-12\">\n\t<p><span class=\"wpcf7-form-control-wrap\" data-name=\"newsletter\"><span class=\"wpcf7-form-control wpcf7-acceptance optional\"><span class=\"wpcf7-list-item\"><label><input type=\"checkbox\" name=\"newsletter\" value=\"1\" aria-invalid=\"false\" \/><span class=\"wpcf7-list-item-label\">Subscriu-te al butllet\u00ed.<\/span><\/label><\/span><\/span><\/span>\n\t<\/p>\n<\/div>\n<div class=\"cf-col-8\">\n\t<p><a href=\"\/legal\" class=\"btn-terms\">Llegeix els termes i condicions \u25b8<\/a>\n\t<\/p>\n<\/div>\n<p><input class=\"wpcf7-form-control wpcf7-submit has-spinner enviar-boton\" type=\"submit\" value=\"Enviar\" \/>\n<\/p><div class=\"wpcf7-response-output\" aria-hidden=\"true\"><\/div>\n<\/form>\n<\/div>\n<\/div><\/div><\/div><\/div><\/div><\/section>\n","protected":false},"excerpt":{"rendered":"Sol\u00b7licita\u2019ns pressupost sense comprom\u00edsFormulari de pressupostSOL.LICITAR PRESSUPOSTA un pas de gaudir la vida a l\u00b4exterior.Tens definit com ser\u00e0 el teu projecte? Est\u00e0s encara en una fase prospectiva y necessites assessorament?. Envia\u2019ns la teva consulta o petici\u00f3 a trav\u00e9s del seg\u00fcent formulari i contactarem amb tu. Pa\u00edsAfganistanAlb\u00e0niaAlemanyaAndorraAngolaAntigua i BarbudaAr\u00e0bia SauditaAlg\u00e8riaArgentinaArm\u00e8niaAustr\u00e0lia\u00c0ustriaAzerbaidjanBahamesBangladeshBarbadosBahrainB\u00e8lgicaBelizeBen\u00ednBielor\u00fassiaBirm\u00e0nia (Myanmar)Bol\u00edviaB\u00f2snia i HercegovinaBotswanaBrasilBruneiBulg\u00e0riaBurkina FasoBurundiBhutanCap VerdCambodjaCamerunCanad\u00e0QatarTxadXileXinaXipreCol\u00f2mbiaComoresCorea del...","protected":false},"author":8,"featured_media":0,"parent":0,"menu_order":0,"comment_status":"closed","ping_status":"closed","template":"","meta":{"_acf_changed":false,"rank_math_title":"","rank_math_description":"Sol\u00b7licita el teu pressupost personalitzat per a tancaments de vidre, p\u00e8rgoles bioclim\u00e0tiques i m\u00e9s solucions per a terrasses.","rank_math_focus_keyword":"","rank_math_robots":null,"rank_math_canonical_url":"","rank_math_seo_score":"","rank_math_pillar_content":"","rank_math_advanced_robots":"","rank_math_facebook_title":"","rank_math_facebook_description":"","rank_math_facebook_image":"","rank_math_twitter_title":"","rank_math_twitter_description":"","rank_math_twitter_image":"","rank_math_twitter_card_type":"","rank_math_breadcrumb_title":"","rank_math_schema_Article":"","rank_math_schema_Book":"","rank_math_schema_Course":"","rank_math_schema_Dataset":"","rank_math_schema_Event":"","rank_math_schema_FAQPage":"","rank_math_schema_FactCheck":"","rank_math_schema_HowTo":"","rank_math_schema_JobPosting":"","rank_math_schema_Movie":"","rank_math_schema_MusicRecording":"","rank_math_schema_Person":"","rank_math_schema_Product":"","rank_math_schema_Recipe":"","rank_math_schema_Restaurant":"","rank_math_schema_Service":"","rank_math_schema_SoftwareApplication":"","rank_math_schema_VideoObject":"","rank_math_schema_WooCommerceProduct":"","rank_math_schema_MedicalProcedure":"","footnotes":""},"class_list":["post-25028","page","type-page","status-publish","hentry"],"acf":[],"_links":{"self":[{"href":"https:\/\/kauma.es\/ca\/wp-json\/wp\/v2\/pages\/25028","targetHints":{"allow":["GET"]}}],"collection":[{"href":"https:\/\/kauma.es\/ca\/wp-json\/wp\/v2\/pages"}],"about":[{"href":"https:\/\/kauma.es\/ca\/wp-json\/wp\/v2\/types\/page"}],"author":[{"embeddable":true,"href":"https:\/\/kauma.es\/ca\/wp-json\/wp\/v2\/users\/8"}],"replies":[{"embeddable":true,"href":"https:\/\/kauma.es\/ca\/wp-json\/wp\/v2\/comments?post=25028"}],"version-history":[{"count":0,"href":"https:\/\/kauma.es\/ca\/wp-json\/wp\/v2\/pages\/25028\/revisions"}],"wp:attachment":[{"href":"https:\/\/kauma.es\/ca\/wp-json\/wp\/v2\/media?parent=25028"}],"curies":[{"name":"wp","href":"https:\/\/api.w.org\/{rel}","templated":true}]}}