{"id":25506,"date":"2025-02-11T15:19:58","date_gmt":"2025-02-11T14:19:58","guid":{"rendered":"https:\/\/dev.kauma.es\/solucions-de-vidre\/"},"modified":"2025-05-12T17:38:13","modified_gmt":"2025-05-12T15:38:13","slug":"solucions-de-vidre","status":"publish","type":"page","link":"https:\/\/kauma.es\/ca\/solucions-de-vidre\/","title":{"rendered":"Solucions de vidre"},"content":{"rendered":"<section class=\"l-section wpb_row height_large full_height valign_center width_custom color_alternate with_img\" style=\"--site-content-width:1280px;\"><div class=\"l-section-img\" role=\"img\" aria-label=\"Soluciones de cristal\" data-img-width=\"2048\" data-img-height=\"1365\" style=\"background-image: url(https:\/\/kauma.es\/wp-content\/uploads\/2025\/03\/soluciones-de-cristal.jpg);background-repeat: no-repeat;\"><\/div><div class=\"l-section-overlay\" style=\"background:linear-gradient(240deg,rgba(0,0,0,0.00),#000000)\"><\/div><div class=\"l-section-h i-cf\"><div class=\"g-cols vc_row via_flex valign_bottom type_default stacking_default\"><div class=\"vc_col-sm-6 wpb_column vc_column_container\"><div class=\"vc_column-inner\"><div class=\"wpb_wrapper\"><h1 class=\"w-post-elm post_title align_left entry-title\">Solucions de vidre<\/h1><div class=\"wpb_text_column us_custom_93b11a50 has_text_color\"><div class=\"wpb_wrapper\"><p>Disseny, Funcionalitat i Seguretat<\/p>\n<\/div><\/div><div class=\"w-separator size_medium\"><\/div><div class=\"wpb_text_column us_custom_93b11a50 has_text_color\"><div class=\"wpb_wrapper\"><p>Les solucions de vidre s\u00f3n l&#8217;opci\u00f3 perfecta per als que cerquen funcionalitat, seguretat i disseny en un mateix sistema. Gr\u00e0cies a la seva versatilitat, aquests tancaments permeten dividir, protegir i optimitzar espais sense perdre lluminositat ni amplitud visual. Des d&#8217;espais residencials fins a establiments comercials, el vidre esdev\u00e9 un aliat clau per crear ambients moderns i sofisticats.<\/p>\n<\/div><\/div><\/div><\/div><\/div><div class=\"vc_col-sm-6 wpb_column vc_column_container\"><div class=\"vc_column-inner us_custom_2f42520b\"><div class=\"wpb_wrapper\"><div class=\"w-btn-wrapper align_right\"><a class=\"w-btn us-btn-style_1 icon_atright\" href=\"#presupuesto\"><span class=\"w-btn-label\">Sol\u00b7licitar pressupost per a solucions de vidre<\/span><i class=\"fas fa-arrow-right\"><\/i><\/a><\/div><\/div><\/div><\/div><\/div><\/div><\/section><section class=\"l-section wpb_row height_auto\"><div class=\"l-section-h i-cf\"><div class=\"g-cols vc_row via_flex valign_top type_boxes stacking_default\"><div class=\"vc_col-sm-12 wpb_column vc_column_container\"><div class=\"vc_column-inner us_custom_eb849559\"><div class=\"wpb_wrapper\"><div class=\"g-cols wpb_row via_flex valign_middle type_default stacking_default\"><div class=\"vc_col-sm-6 wpb_column vc_column_container stretched\"><div class=\"vc_column-inner\"><div class=\"wpb_wrapper\"><h2 class=\"w-text us_custom_6e307244\"><span class=\"w-text-h\"><span class=\"w-text-value\">Innovaci\u00f3 i Eleg\u00e0ncia al teu negoci o habitatge<\/span><\/span><\/h2><div class=\"wpb_text_column us_custom_4ec69003\"><div class=\"wpb_wrapper\"><p><span>A Kauma oferim tres grans solucions de vidre, adaptades a diferents necessitats:<\/span><\/p>\n<p><strong>Paravents de Cristall: Protecci\u00f3 contra el vent sense perdre vistes<\/strong><\/p>\n<p>Els paravents de vidre permeten gaudir d&#8217;espais exteriors sense mol\u00e8sties del vent, mantenint sempre la visibilitat i la sensaci\u00f3 d&#8217;amplitud. S\u00f3n la soluci\u00f3 ideal per a terrasses, jardins i zones de restauraci\u00f3 exterior que busquen un confort superior sense comprometre l&#8217;est\u00e8tica de l&#8217;entorn.<\/p>\n<p><strong>Baranes de Cristall: Seguretat i eleg\u00e0ncia per a balcons, terrasses i escales<\/strong><\/p>\n<p>Les baranes de vidre combinen resist\u00e8ncia i sofisticaci\u00f3, garantint la seguretat a diferents espais sense interrompre l&#8217;harmonia visual. Dissenyades per adaptar-se a qualsevol estil arquitect\u00f2nic, ofereixen una soluci\u00f3 moderna i minimalista per a habitatges, oficines i comer\u00e7os.<\/p>\n<p><strong>Separadors de Cristall: Delimitaci\u00f3 d&#8217;espais amb un disseny obert i llumin\u00f3s<\/strong><\/p>\n<p>Els separadors de vidre permeten dividir ambients sense perdre la sensaci\u00f3 de llum i amplitud. S\u00f3n perfectes per a oficines, restaurants i habitatges que busquen generar privadesa sense afectar la comunicaci\u00f3 visual ni el disseny contemporani de l&#8217;espai.<\/p>\n<\/div><\/div><\/div><\/div><\/div><div class=\"vc_col-sm-6 wpb_column vc_column_container\"><div class=\"vc_column-inner\"><div class=\"wpb_wrapper\"><div class=\"w-gallery fit_cover type_metro_1 ratio_1x1 count_3\" style=\"--columns:4;--items-gap:10px;\"><div class=\"w-gallery-list\"><div class=\"w-gallery-item\"><div class=\"w-gallery-item-img\"><img loading=\"lazy\" decoding=\"async\" width=\"1024\" height=\"683\" src=\"https:\/\/kauma.es\/wp-content\/uploads\/2023\/09\/paravientos-terraza-bar.jpg\" class=\"attachment-large size-large\" alt=\"\" srcset=\"https:\/\/kauma.es\/wp-content\/uploads\/2023\/09\/paravientos-terraza-bar.jpg 1024w, https:\/\/kauma.es\/wp-content\/uploads\/2023\/09\/paravientos-terraza-bar-300x200.jpg 300w, https:\/\/kauma.es\/wp-content\/uploads\/2023\/09\/paravientos-terraza-bar-600x400.jpg 600w\" sizes=\"auto, (max-width: 1024px) 100vw, 1024px\" \/><\/div><\/div><div class=\"w-gallery-item\"><div class=\"w-gallery-item-img\"><img loading=\"lazy\" decoding=\"async\" width=\"1024\" height=\"682\" src=\"https:\/\/kauma.es\/wp-content\/uploads\/2024\/07\/Imagen-Mamparas-paravientos-slider1-1024x682.jpg\" class=\"attachment-large size-large\" alt=\"\" srcset=\"https:\/\/kauma.es\/wp-content\/uploads\/2024\/07\/Imagen-Mamparas-paravientos-slider1-1024x682.jpg 1024w, https:\/\/kauma.es\/wp-content\/uploads\/2024\/07\/Imagen-Mamparas-paravientos-slider1-600x400.jpg 600w, https:\/\/kauma.es\/wp-content\/uploads\/2024\/07\/Imagen-Mamparas-paravientos-slider1-300x200.jpg 300w, https:\/\/kauma.es\/wp-content\/uploads\/2024\/07\/Imagen-Mamparas-paravientos-slider1.jpg 1250w\" sizes=\"auto, (max-width: 1024px) 100vw, 1024px\" \/><\/div><\/div><div class=\"w-gallery-item\"><div class=\"w-gallery-item-img\"><img loading=\"lazy\" decoding=\"async\" width=\"1024\" height=\"626\" src=\"https:\/\/kauma.es\/wp-content\/uploads\/2018\/08\/280319_1_Paravientos-veladores-1024x626.jpg\" class=\"attachment-large size-large\" alt=\"mampara redondeada de cristal como ejemplo de restaurantes con terraza\" srcset=\"https:\/\/kauma.es\/wp-content\/uploads\/2018\/08\/280319_1_Paravientos-veladores-1024x626.jpg 1024w, https:\/\/kauma.es\/wp-content\/uploads\/2018\/08\/280319_1_Paravientos-veladores-300x183.jpg 300w, https:\/\/kauma.es\/wp-content\/uploads\/2018\/08\/280319_1_Paravientos-veladores-600x367.jpg 600w, https:\/\/kauma.es\/wp-content\/uploads\/2018\/08\/280319_1_Paravientos-veladores.jpg 1100w\" sizes=\"auto, (max-width: 1024px) 100vw, 1024px\" \/><\/div><\/div><\/div><\/div><\/div><\/div><\/div><\/div><\/div><\/div><\/div><\/div><\/div><\/section><section class=\"l-section wpb_row us_custom_24c1f17b height_auto with_img\"><div class=\"l-section-img\" role=\"img\" aria-label=\"Imatge\" data-img-width=\"2560\" data-img-height=\"1473\" style=\"background-image: url(https:\/\/kauma.es\/wp-content\/uploads\/2025\/03\/caracteristicas-soluciones-de-cristal.jpg);background-position: bottom center;\"><\/div><div class=\"l-section-overlay\" style=\"background:rgba(0,0,0,0.45)\"><\/div><div class=\"l-section-h i-cf\"><div class=\"g-cols vc_row via_flex valign_top type_default stacking_default\"><div class=\"vc_col-sm-12 wpb_column vc_column_container has_text_color\"><div class=\"vc_column-inner us_custom_1364d7d6\"><div class=\"wpb_wrapper\"><h3 class=\"w-text us_custom_95172211\"><span class=\"w-text-h\"><span class=\"w-text-value\">Caracter\u00edstiques Comunes de Les nostres Solucions de Cristall<\/span><\/span><\/h3><div class=\"wpb_text_column us_custom_a9432f80\"><div class=\"wpb_wrapper\"><p>Les nostres solucions de vidre destaquen pel seu equilibri entre est\u00e8tica i funcionalitat. Dissenyades per adaptar-se a diferents entorns, proporcionen seguretat, versatilitat i un estil sofisticat sense comprometre la lluminositat i l&#8217;amplitud visual. A continuaci\u00f3, us presentem les principals caracter\u00edstiques que fan de les nostres solucions una elecci\u00f3 ideal:<\/p>\n<\/div><\/div><div class=\"g-cols wpb_row us_custom_8a398476 via_flex valign_top type_default stacking_default\"><div class=\"vc_col-sm-3 wpb_column vc_column_container\"><div class=\"vc_column-inner us_custom_c7d14729\"><div class=\"wpb_wrapper\"><div class=\"w-iconbox us_custom_59aee68e iconpos_top style_default color_secondary align_left\"><div class=\"w-iconbox-icon\" style=\"font-size:2rem;\"><i class=\"fal fa-sun\"><\/i><\/div><div class=\"w-iconbox-meta\"><h4 class=\"w-iconbox-title\" style=\"font-size:16.8px;\">M\u00e0xima transpar\u00e8ncia i lluminositat<\/h4><div class=\"w-iconbox-text\"><p>Permeten el pas de llum natural, creant ambients oberts i agradables.<\/p>\n<\/div><\/div><\/div><\/div><\/div><\/div><div class=\"vc_col-sm-3 wpb_column vc_column_container\"><div class=\"vc_column-inner us_custom_66e943d9\"><div class=\"wpb_wrapper\"><div class=\"w-iconbox us_custom_59aee68e iconpos_top style_default color_secondary align_left\"><div class=\"w-iconbox-icon\" style=\"font-size:2rem;\"><i class=\"fal fa-wind\"><\/i><\/div><div class=\"w-iconbox-meta\"><h4 class=\"w-iconbox-title\">Alta resist\u00e8ncia i seguretat<\/h4><div class=\"w-iconbox-text\"><p>Fabricades amb materials d\u00b4alta qualitat per garantir durabilitat i protecci\u00f3.<\/p>\n<\/div><\/div><\/div><\/div><\/div><\/div><div class=\"vc_col-sm-3 wpb_column vc_column_container\"><div class=\"vc_column-inner\"><div class=\"wpb_wrapper\"><div class=\"w-iconbox us_custom_59aee68e iconpos_top style_default color_secondary align_left\"><div class=\"w-iconbox-icon\" style=\"font-size:2rem;\"><i class=\"fal fa-swatchbook\"><\/i><\/div><div class=\"w-iconbox-meta\"><h4 class=\"w-iconbox-title\">Opcions de personalitzaci\u00f3<\/h4><div class=\"w-iconbox-text\"><p>Dissenys adaptats a les necessitats espec\u00edfiques de cada client.<\/p>\n<\/div><\/div><\/div><\/div><\/div><\/div><div class=\"vc_col-sm-3 wpb_column vc_column_container\"><div class=\"vc_column-inner\"><div class=\"wpb_wrapper\"><div class=\"w-iconbox us_custom_59aee68e iconpos_top style_default color_secondary align_left\"><div class=\"w-iconbox-icon\" style=\"font-size:2rem;\"><i class=\"fal fa-container-storage\"><\/i><\/div><div class=\"w-iconbox-meta\"><h4 class=\"w-iconbox-title\">F\u00e0cil manteniment<\/h4><div class=\"w-iconbox-text\"><p>Superf\u00edcies llises i resistents que requereixen un manteniment m\u00ednim.<\/p>\n<\/div><\/div><\/div><\/div><\/div><\/div><\/div><\/div><\/div><\/div><\/div><\/div><\/section><section class=\"l-section wpb_row us_custom_e0d50655 height_medium\"><div class=\"l-section-h i-cf\"><div class=\"g-cols vc_row via_flex valign_top type_default stacking_default\"><div class=\"vc_col-sm-2 wpb_column vc_column_container\"><div class=\"vc_column-inner\"><div class=\"wpb_wrapper\"><\/div><\/div><\/div><div class=\"vc_col-sm-8 wpb_column vc_column_container\"><div class=\"vc_column-inner\"><div class=\"wpb_wrapper\"><h2 class=\"w-text us_custom_95413ca0\"><span class=\"w-text-h\"><span class=\"w-text-value\">Tipus i Aplicacions de Les nostres Solucions de Cristall<\/span><\/span><\/h2><div class=\"wpb_text_column us_custom_f61e9d75\"><div class=\"wpb_wrapper\"><p>Cada projecte requereix una soluci\u00f3 diferent, ia Kauma ho sabem. Per aix\u00f2, hem desenvolupat una gamma de productes de vidre pensats per adaptar-se a diverses situacions i espais, ja siguin residencials o comercials. A continuaci\u00f3, us presentem les nostres principals opcions, amb les seves aplicacions m\u00e9s comunes i els seus avantatges distintius:<\/p>\n<\/div><\/div><\/div><\/div><\/div><div class=\"vc_col-sm-2 wpb_column vc_column_container\"><div class=\"vc_column-inner\"><div class=\"wpb_wrapper\"><\/div><\/div><\/div><\/div><\/div><\/section><section class=\"l-section wpb_row height_auto width_full\"><div class=\"l-section-h i-cf\"><div class=\"g-cols vc_row via_flex valign_middle type_default\"><div class=\"vc_col-sm-6 wpb_column vc_column_container\"><div class=\"vc_column-inner\"><div class=\"wpb_wrapper\"><div class=\"w-image align_none\"><div class=\"w-image-h\"><img decoding=\"async\" width=\"1024\" height=\"683\" src=\"https:\/\/kauma.es\/wp-content\/uploads\/2025\/03\/Extenda-11-1024x683.jpg\" class=\"attachment-large size-large\" alt=\"\" loading=\"lazy\" srcset=\"https:\/\/kauma.es\/wp-content\/uploads\/2025\/03\/Extenda-11-1024x683.jpg 1024w, https:\/\/kauma.es\/wp-content\/uploads\/2025\/03\/Extenda-11-300x200.jpg 300w, https:\/\/kauma.es\/wp-content\/uploads\/2025\/03\/Extenda-11-600x400.jpg 600w, https:\/\/kauma.es\/wp-content\/uploads\/2025\/03\/Extenda-11.jpg 2048w\" sizes=\"auto, (max-width: 1024px) 100vw, 1024px\" \/><\/div><\/div><\/div><\/div><\/div><div class=\"vc_col-sm-6 wpb_column vc_column_container\"><div class=\"vc_column-inner\"><div class=\"wpb_wrapper\"><h2 class=\"w-text\"><span class=\"w-text-h\"><span class=\"w-text-value\">Paravents de vidre<\/span><\/span><\/h2><div class=\"wpb_text_column us_custom_0033d580\"><div class=\"wpb_wrapper\"><p>Els paravents de vidre s\u00f3n la soluci\u00f3 ideal per als que busquen protegir espais sense renunciar a la lluminositat ni a les vistes. Amb una estructura resistent i un disseny minimalista, aquests sistemes ofereixen protecci\u00f3 davant del vent i delimitaci\u00f3 d&#8217;ambients a terrasses, jardins i negocis d&#8217;hostaleria.<\/p>\n<p>L\u00b4innovador sistema de regulaci\u00f3 d\u00b4al\u00e7ada permet adaptar el nivell de protecci\u00f3 segons les necessitats de l\u00b4entorn, proporcionant comoditat i seguretat als qui gaudeixen de l\u00b4espai.<\/p>\n<\/div><\/div><div class=\"w-btn-wrapper align_none\"><a class=\"w-btn us-btn-style_3 us_custom_72fc42ef\" href=\"\/ca\/solucions-de-vidre\/paravents-de-vidre\/\"><span class=\"w-btn-label\">Descobreix els nostres paravents<\/span><\/a><\/div><\/div><\/div><\/div><\/div><\/div><\/section><section class=\"l-section wpb_row height_auto width_full\"><div class=\"l-section-h i-cf\"><div class=\"g-cols vc_row via_flex valign_middle type_default\"><div class=\"vc_col-sm-6 wpb_column vc_column_container\"><div class=\"vc_column-inner us_custom_a874c9af\"><div class=\"wpb_wrapper\"><h2 class=\"w-text us_custom_f8154820\"><span class=\"w-text-h\"><span class=\"w-text-value\">Baranes de vidre<\/span><\/span><\/h2><div class=\"wpb_text_column us_custom_0adc0ebf\"><div class=\"wpb_wrapper\"><p>Les baranes de vidre destaquen per la capacitat d&#8217;aportar amplitud i llum a qualsevol espai, convertint-se en una soluci\u00f3 est\u00e8tica i segura per a terrasses, balcons, escales i espais exteriors. La transpar\u00e8ncia permet gaudir de les vistes sense barreres visuals, mantenint la protecci\u00f3 necess\u00e0ria.<\/p>\n<p>Fabricades amb vidres temperats i de seguretat, aquestes baranes compten amb diferents opcions de subjecci\u00f3, com pinces, fixapunts o perfil continu, adaptant-se a les necessitats de cada projecte.<\/p>\n<\/div><\/div><div class=\"w-btn-wrapper align_none\"><a class=\"w-btn us-btn-style_3 us_custom_72fc42ef\" href=\"https:\/\/kauma.es\/ca\/solucions-de-vidre\/baranes-de-vidre\/\"><span class=\"w-btn-label\">Descobreix les baranes de vidre<\/span><\/a><\/div><\/div><\/div><\/div><div class=\"vc_col-sm-6 wpb_column vc_column_container\"><div class=\"vc_column-inner\"><div class=\"wpb_wrapper\"><div class=\"w-image align_none\"><div class=\"w-image-h\"><img decoding=\"async\" width=\"1024\" height=\"683\" src=\"https:\/\/kauma.es\/wp-content\/uploads\/2025\/03\/barandillas-de-cristal-1024x683.jpg\" class=\"attachment-large size-large\" alt=\"\" loading=\"lazy\" srcset=\"https:\/\/kauma.es\/wp-content\/uploads\/2025\/03\/barandillas-de-cristal-1024x683.jpg 1024w, https:\/\/kauma.es\/wp-content\/uploads\/2025\/03\/barandillas-de-cristal-300x200.jpg 300w, https:\/\/kauma.es\/wp-content\/uploads\/2025\/03\/barandillas-de-cristal-600x400.jpg 600w\" sizes=\"auto, (max-width: 1024px) 100vw, 1024px\" \/><\/div><\/div><\/div><\/div><\/div><\/div><\/div><\/section><section class=\"l-section wpb_row height_auto width_full\"><div class=\"l-section-h i-cf\"><div class=\"g-cols vc_row via_flex valign_middle type_default\"><div class=\"vc_col-sm-6 wpb_column vc_column_container\"><div class=\"vc_column-inner\"><div class=\"wpb_wrapper\"><div class=\"w-image align_none\"><div class=\"w-image-h\"><img decoding=\"async\" width=\"1024\" height=\"682\" src=\"https:\/\/kauma.es\/wp-content\/uploads\/2025\/03\/cortina-de-cristal-abatible-restaurante-1024x682.jpg\" class=\"attachment-large size-large\" alt=\"Cortinas de cristal abatibles en restaurante\" loading=\"lazy\" srcset=\"https:\/\/kauma.es\/wp-content\/uploads\/2025\/03\/cortina-de-cristal-abatible-restaurante-1024x682.jpg 1024w, https:\/\/kauma.es\/wp-content\/uploads\/2025\/03\/cortina-de-cristal-abatible-restaurante-300x200.jpg 300w, https:\/\/kauma.es\/wp-content\/uploads\/2025\/03\/cortina-de-cristal-abatible-restaurante-600x399.jpg 600w\" sizes=\"auto, (max-width: 1024px) 100vw, 1024px\" \/><\/div><\/div><\/div><\/div><\/div><div class=\"vc_col-sm-6 wpb_column vc_column_container\"><div class=\"vc_column-inner\"><div class=\"wpb_wrapper\"><h2 class=\"w-text\"><span class=\"w-text-h\"><span class=\"w-text-value\">Separadors de vidre<\/span><\/span><\/h2><div class=\"wpb_text_column us_custom_0033d580\"><div class=\"wpb_wrapper\"><p>Els separadors de vidre emergeixen com la soluci\u00f3 ideal per transformar espais interiors. Aquests sistemes de tancament augmenten la sensaci\u00f3 d\u201famplitud al\u201finterior de l\u201fhabitatge i maximitzen la connexi\u00f3 visual amb l\u201fentorn.<\/p>\n<p>Les possibilitats de personalitzaci\u00f3 adapten aquests separadors de vidre a tots els gustos i els tipus d&#8217;arquitectures, aconseguint un espai que redefineixi la interacci\u00f3 amb els nostres espais. Descobreix com aquests separadors redefinixen el confort i l&#8217;est\u00e8tica de llars i negocis a Espanya<\/p>\n<\/div><\/div><div class=\"w-btn-wrapper align_none\"><a class=\"w-btn us-btn-style_3 us_custom_72fc42ef\" href=\"https:\/\/kauma.es\/ca\/solucions-de-vidre\/separadors-de-vidre\/\"><span class=\"w-btn-label\">Descobreix els nostres separadors de vidre<\/span><\/a><\/div><\/div><\/div><\/div><\/div><\/div><\/section><section class=\"l-section wpb_row us_custom_b992cee1 height_medium width_custom\" style=\"--site-content-width:1280px;\"><div class=\"l-section-h i-cf\"><div class=\"g-cols vc_row via_flex valign_top type_default stacking_default\"><div class=\"vc_col-sm-12 wpb_column vc_column_container\"><div class=\"vc_column-inner\"><div class=\"wpb_wrapper\"><h2 class=\"w-text us_custom_eb849559\"><span class=\"w-text-h\"><span class=\"w-text-value\">Beneficis d&#8217;elegir Kauma<\/span><\/span><\/h2><div class=\"wpb_text_column us_custom_2313d8aa\"><div class=\"wpb_wrapper\"><ul>\n<li>Assessorament personalitzat: Experts en disseny i tancaments de vidre us ajudaran a trobar la millor soluci\u00f3 per al vostre espai.<\/li>\n<li>Materials d\u00b4alta qualitat: Garantim productes resistents, segurs i amb un disseny excepcional.<\/li>\n<li>Instal\u00b7laci\u00f3 professional: Equip especialitzat que assegura una col\u00b7locaci\u00f3 precisa i eficient.<\/li>\n<li>Garantia i servei postvenda: Suport continu per garantir la durabilitat de les nostres solucions.<\/li>\n<\/ul>\n<\/div><\/div><\/div><\/div><\/div><\/div><\/div><\/section><section class=\"l-section wpb_row us_custom_623ba360 height_medium width_custom color_primary\" style=\"--site-content-width:900px;\" id=\"presupuesto\"><div class=\"l-section-overlay\" style=\"background:var(--color-texto-negro-boton)\"><\/div><div class=\"l-section-h i-cf\"><div class=\"g-cols vc_row via_flex valign_top type_default stacking_default\"><div class=\"vc_col-sm-12 wpb_column vc_column_container\"><div class=\"vc_column-inner\"><div class=\"wpb_wrapper\"><h2 class=\"w-text us_custom_eb849559\"><span class=\"w-text-h\"><span class=\"w-text-value\">Quina soluci\u00f3 de vidre necessites?<\/span><\/span><\/h2>\n<div class=\"wpcf7 no-js\" id=\"wpcf7-f27130-o1\" lang=\"ca\" dir=\"ltr\" data-wpcf7-id=\"27130\">\n<div class=\"screen-reader-response\"><p role=\"status\" aria-live=\"polite\" aria-atomic=\"true\"><\/p> <ul><\/ul><\/div>\n<form action=\"\/ca\/wp-json\/wp\/v2\/pages\/25506#wpcf7-f27130-o1\" method=\"post\" class=\"wpcf7-form init wpcf7-acceptance-as-validation\" aria-label=\"Formulari de contacte\" novalidate=\"novalidate\" data-status=\"init\">\n<fieldset class=\"hidden-fields-container\"><input type=\"hidden\" name=\"_wpcf7\" value=\"27130\" \/><input type=\"hidden\" name=\"_wpcf7_version\" value=\"6.1.5\" \/><input type=\"hidden\" name=\"_wpcf7_locale\" value=\"ca\" \/><input type=\"hidden\" name=\"_wpcf7_unit_tag\" value=\"wpcf7-f27130-o1\" \/><input type=\"hidden\" name=\"_wpcf7_container_post\" value=\"0\" \/><input type=\"hidden\" name=\"_wpcf7_posted_data_hash\" value=\"\" \/><input type=\"hidden\" name=\"_wpcf7_recaptcha_response\" value=\"\" \/>\n<\/fieldset>\n<div class=\"cf-container\">\n\t<div class=\"cf-col-6\">\n\t\t<p><span class=\"wpcf7-form-control-wrap\" data-name=\"nombre\"><input size=\"40\" maxlength=\"400\" class=\"wpcf7-form-control wpcf7-text wpcf7-validates-as-required\" aria-required=\"true\" aria-invalid=\"false\" placeholder=\"* Nom\" value=\"\" type=\"text\" name=\"nombre\" \/><\/span>\n\t\t<\/p>\n\t<\/div>\n\t<div class=\"cf-col-6\">\n\t\t<p><span class=\"wpcf7-form-control-wrap\" data-name=\"apellido\"><input size=\"40\" maxlength=\"400\" class=\"wpcf7-form-control wpcf7-text wpcf7-validates-as-required\" aria-required=\"true\" aria-invalid=\"false\" placeholder=\"* Cognom\" value=\"\" type=\"text\" name=\"apellido\" \/><\/span>\n\t\t<\/p>\n\t<\/div>\n\t<div class=\"cf-col-6\">\n\t\t<p><span class=\"wpcf7-form-control-wrap\" data-name=\"email\"><input size=\"40\" maxlength=\"400\" class=\"wpcf7-form-control wpcf7-email wpcf7-validates-as-required wpcf7-text wpcf7-validates-as-email\" aria-required=\"true\" aria-invalid=\"false\" placeholder=\"* Email\" value=\"\" type=\"email\" name=\"email\" \/><\/span>\n\t\t<\/p>\n\t<\/div>\n\t<div class=\"cf-col-6\">\n\t\t<p><span class=\"wpcf7-form-control-wrap\" data-name=\"telefono\"><input size=\"40\" maxlength=\"400\" class=\"wpcf7-form-control wpcf7-tel wpcf7-validates-as-required wpcf7-text wpcf7-validates-as-tel\" aria-required=\"true\" aria-invalid=\"false\" placeholder=\"* Tel\u00e8fon\" value=\"\" type=\"tel\" name=\"telefono\" \/><\/span>\n\t\t<\/p>\n\t<\/div>\n\t<div class=\"cf-col-6\">\n\t\t<p><span class=\"wpcf7-form-control-wrap\" data-name=\"poblacion\"><input size=\"40\" maxlength=\"400\" class=\"wpcf7-form-control wpcf7-text wpcf7-validates-as-required\" aria-required=\"true\" aria-invalid=\"false\" placeholder=\"* Poblaci\u00f3\" value=\"\" type=\"text\" name=\"poblacion\" \/><\/span>\n\t\t<\/p>\n\t<\/div>\n\t<div class=\"cf-col-6\">\n\t\t<p><span class=\"wpcf7-form-control-wrap\" data-name=\"codigo-postal\"><input size=\"40\" maxlength=\"400\" class=\"wpcf7-form-control wpcf7-text wpcf7-validates-as-required\" aria-required=\"true\" aria-invalid=\"false\" placeholder=\"* C\u00f3di postal\" value=\"\" type=\"text\" name=\"codigo-postal\" \/><\/span>\n\t\t<\/p>\n\t<\/div>\n\t<div class=\"cf-col-12\">\n\t\t<p><span class=\"wpcf7-form-control-wrap\" data-name=\"cuentanos\"><textarea cols=\"40\" rows=\"10\" maxlength=\"2000\" class=\"wpcf7-form-control wpcf7-textarea wpcf7-validates-as-required\" aria-required=\"true\" aria-invalid=\"false\" placeholder=\"* Explic\u00b4ns m\u00e9s coses\" name=\"cuentanos\"><\/textarea><\/span>\n\t\t<\/p>\n\t<\/div>\n\t<div class=\"cf-col-12 margin-bottom-acceptance\">\n\t\t<p><span class=\"wpcf7-form-control-wrap\" data-name=\"aceptacion-condiciones\"><span class=\"wpcf7-form-control wpcf7-acceptance\"><span class=\"wpcf7-list-item\"><label><input type=\"checkbox\" name=\"aceptacion-condiciones\" value=\"1\" aria-invalid=\"false\" \/><span class=\"wpcf7-list-item-label\">Accepto els <a href=\"\/legal\/\">termes i condicions<\/a><\/span><\/label><\/span><\/span><\/span>\n\t\t<\/p>\n\t<\/div>\n\t<div class=\"cf-col-12\">\n\t\t<p><input class=\"wpcf7-form-control wpcf7-submit has-spinner\" type=\"submit\" value=\"Enviar\" \/>\n\t\t<\/p>\n\t<\/div>\n<\/div><div class=\"wpcf7-response-output\" aria-hidden=\"true\"><\/div>\n<\/form>\n<\/div>\n<\/div><\/div><\/div><\/div><\/div><\/section>\n","protected":false},"excerpt":{"rendered":"Solucions de vidreDisseny, Funcionalitat i Seguretat Les solucions de vidre s\u00f3n l&#8217;opci\u00f3 perfecta per als que cerquen funcionalitat, seguretat i disseny en un mateix sistema. Gr\u00e0cies a la seva versatilitat, aquests tancaments permeten dividir, protegir i optimitzar espais sense perdre lluminositat ni amplitud visual. Des d&#8217;espais residencials fins a establiments comercials, el vidre esdev\u00e9 un...","protected":false},"author":9,"featured_media":0,"parent":0,"menu_order":0,"comment_status":"closed","ping_status":"closed","template":"","meta":{"_acf_changed":false,"rank_math_title":"","rank_math_description":"","rank_math_focus_keyword":"","rank_math_robots":null,"rank_math_canonical_url":"","rank_math_seo_score":"","rank_math_pillar_content":"","rank_math_advanced_robots":"","rank_math_facebook_title":"","rank_math_facebook_description":"","rank_math_facebook_image":"","rank_math_twitter_title":"","rank_math_twitter_description":"","rank_math_twitter_image":"","rank_math_twitter_card_type":"","rank_math_breadcrumb_title":"","rank_math_schema_Article":"","rank_math_schema_Book":"","rank_math_schema_Course":"","rank_math_schema_Dataset":"","rank_math_schema_Event":"","rank_math_schema_FAQPage":"","rank_math_schema_FactCheck":"","rank_math_schema_HowTo":"","rank_math_schema_JobPosting":"","rank_math_schema_Movie":"","rank_math_schema_MusicRecording":"","rank_math_schema_Person":"","rank_math_schema_Product":"","rank_math_schema_Recipe":"","rank_math_schema_Restaurant":"","rank_math_schema_Service":"","rank_math_schema_SoftwareApplication":"","rank_math_schema_VideoObject":"","rank_math_schema_WooCommerceProduct":"","rank_math_schema_MedicalProcedure":"","footnotes":""},"class_list":["post-25506","page","type-page","status-publish","hentry"],"acf":[],"_links":{"self":[{"href":"https:\/\/kauma.es\/ca\/wp-json\/wp\/v2\/pages\/25506","targetHints":{"allow":["GET"]}}],"collection":[{"href":"https:\/\/kauma.es\/ca\/wp-json\/wp\/v2\/pages"}],"about":[{"href":"https:\/\/kauma.es\/ca\/wp-json\/wp\/v2\/types\/page"}],"author":[{"embeddable":true,"href":"https:\/\/kauma.es\/ca\/wp-json\/wp\/v2\/users\/9"}],"replies":[{"embeddable":true,"href":"https:\/\/kauma.es\/ca\/wp-json\/wp\/v2\/comments?post=25506"}],"version-history":[{"count":0,"href":"https:\/\/kauma.es\/ca\/wp-json\/wp\/v2\/pages\/25506\/revisions"}],"wp:attachment":[{"href":"https:\/\/kauma.es\/ca\/wp-json\/wp\/v2\/media?parent=25506"}],"curies":[{"name":"wp","href":"https:\/\/api.w.org\/{rel}","templated":true}]}}