{"id":26866,"date":"2024-07-26T12:23:14","date_gmt":"2024-07-26T10:23:14","guid":{"rendered":"https:\/\/kauma.es\/empresa\/"},"modified":"2025-04-29T15:19:19","modified_gmt":"2025-04-29T13:19:19","slug":"empresa","status":"publish","type":"page","link":"https:\/\/kauma.es\/ca\/empresa\/","title":{"rendered":"Empresa"},"content":{"rendered":"<section class=\"l-section wpb_row height_auto full_height valign_center color_alternate with_slider\"><div class=\"l-section-slider\"><div class=\"w-slider style_none fit_cover nav_none count_1\"><div class=\"w-slider-h\" aria-hidden=\"true\"><div class=\"royalSlider\"><div class=\"rsContent\"><a class=\"rsImg\" data-rsw=\"1620\" data-rsh=\"1080\" href=\"https:\/\/kauma.es\/wp-content\/uploads\/2024\/10\/1-3.jpg\"><span data-alt=\"\"><\/span><\/a><\/div><\/div><img decoding=\"async\" src=\"https:\/\/kauma.es\/wp-content\/uploads\/2024\/10\/1-3.jpg\" width=\"1620\" height=\"1080\" alt loading=\"lazy\"><\/div><div class=\"w-slider-json\" onclick='return {&quot;autoScaleSlider&quot;:true,&quot;addActiveClass&quot;:true,&quot;loop&quot;:true,&quot;fadeInLoadedSlide&quot;:false,&quot;slidesSpacing&quot;:0,&quot;imageScalePadding&quot;:0,&quot;numImagesToPreload&quot;:2,&quot;arrowsNav&quot;:false,&quot;arrowsNavAutoHide&quot;:false,&quot;transitionType&quot;:&quot;move&quot;,&quot;transitionSpeed&quot;:1000,&quot;block&quot;:{&quot;moveEffect&quot;:&quot;none&quot;,&quot;speed&quot;:300},&quot;thumbs&quot;:{&quot;fitInViewport&quot;:false,&quot;firstMargin&quot;:false,&quot;spacing&quot;:4},&quot;controlNavigation&quot;:&quot;none&quot;,&quot;autoplay&quot;:{&quot;enabled&quot;:true,&quot;pauseOnHover&quot;:false,&quot;delay&quot;:3000},&quot;autoScaleSliderWidth&quot;:1620,&quot;autoScaleSliderHeight&quot;:1080}'><\/div><\/div><\/div><div class=\"l-section-overlay\" style=\"background:rgba(0,0,0,0.15)\"><\/div><div class=\"l-section-h i-cf\"><div class=\"g-cols vc_row via_flex valign_middle type_default stacking_default\"><div class=\"vc_col-sm-12 wpb_column vc_column_container\"><div class=\"vc_column-inner\"><div class=\"wpb_wrapper\"><h2 class=\"w-text\"><span class=\"w-text-h\"><span class=\"w-text-value\">Kauma.<br \/>\nThe natural connection<\/span><\/span><\/h2><div class=\"w-separator size_medium\"><\/div><div class=\"w-btn-wrapper align_left\"><a class=\"w-btn us-btn-style_4 icon-rotate icon_atright\" href=\"#empresa\"><span class=\"w-btn-label\">Coneix la nostra companyia<\/span><i class=\"fas fa-caret-right\"><\/i><\/a><\/div><\/div><\/div><\/div><\/div><\/div><\/section><section class=\"l-section wpb_row us_custom_19737bc8 height_auto width_full\" id=\"empresa\"><div class=\"l-section-h i-cf\"><div class=\"g-cols vc_row via_flex valign_top type_default stacking_default\"><div class=\"vc_col-sm-12 wpb_column vc_column_container\"><div class=\"vc_column-inner\"><div class=\"wpb_wrapper\"><div class=\"w-tabs layout_hor style_simple3 switch_click has_scrolling\" style=\"--sections-title-size:1em\"><div class=\"w-tabs-list items_5 align_center\"><div class=\"w-tabs-list-h\"><button class=\"w-tabs-item active\" aria-controls=\"content-a10f\" aria-expanded=\"false\"><span class=\"w-tabs-item-title\">La nostra seu<\/span><\/button><button class=\"w-tabs-item\" aria-controls=\"content-wa7c\" aria-expanded=\"false\"><span class=\"w-tabs-item-title\">La nostra gent<\/span><\/button><button class=\"w-tabs-item\" aria-controls=\"content-s2cf\" aria-expanded=\"false\"><span class=\"w-tabs-item-title\">Qualitat avalada<\/span><\/button><button class=\"w-tabs-item\" aria-controls=\"content-tbe3\" aria-expanded=\"false\"><span class=\"w-tabs-item-title\">Kauma labs<\/span><\/button><button class=\"w-tabs-item\" aria-controls=\"content-i5c4\" aria-expanded=\"false\"><span class=\"w-tabs-item-title\">Respectuosos<\/span><\/button><\/div><\/div><div class=\"w-tabs-sections titles-align_center icon_chevron cpos_right\"><div class=\"w-tabs-section no_indents active\" id=\"a10f\"><button class=\"w-tabs-section-header active\" aria-controls=\"content-a10f\" aria-expanded=\"true\"><div class=\"w-tabs-section-title\">La nostra seu<\/div><div class=\"w-tabs-section-control\"><\/div><\/button><div  class=\"w-tabs-section-content\" id=\"content-a10f\"><div class=\"w-tabs-section-content-h i-cf\"><div class=\"g-cols wpb_row via_flex valign_top type_default stacking_default\"><div class=\"vc_col-sm-12 wpb_column vc_column_container\"><div class=\"vc_column-inner\"><div class=\"wpb_wrapper\"><div class=\"w-separator size_custom with_line width_default thick_1 style_solid color_border align_center\" style=\"height:1px\"><div class=\"w-separator-h\"><\/div><\/div><\/div><\/div><\/div><\/div><div class=\"g-cols wpb_row us_custom_573f54b4 via_flex valign_top type_default stacking_default\"><div class=\"vc_col-sm-6 wpb_column vc_column_container\"><div class=\"vc_column-inner\"><div class=\"wpb_wrapper\"><div class=\"w-text\"><span class=\"w-text-h\"><span class=\"w-text-value\">LA NOSTRA SEU<\/span><\/span><\/div><div class=\"w-separator size_medium\"><\/div><h3 class=\"w-text us_custom_83857763\"><span class=\"w-text-h\"><span class=\"w-text-value\">Producci\u00f3: 9.620 m\u14be Oficines: 200 m\u14be Showroom: 200 m\u14be&quot;<\/span><\/span><\/h3><\/div><\/div><\/div><div class=\"vc_col-sm-6 wpb_column vc_column_container\"><div class=\"vc_column-inner us_custom_5999c16a\"><div class=\"wpb_wrapper\"><div class=\"wpb_text_column us_custom_5999c16a\"><div class=\"wpb_wrapper\"><p>Comptem amb una planta de producci\u00f3 d&#8217;\u00faltima generaci\u00f3: 10.000 m\u14be a Lucena (Espanya). Equipada amb maquin\u00e0ria de control num\u00e8ric computaritzat, planta de tractament i acabat de superf\u00edcies, showroom, un avan\u00e7at programari de gesti\u00f3, disseny, producci\u00f3 i log\u00edstica.<\/p>\n<\/div><\/div><\/div><\/div><\/div><\/div><div class=\"g-cols wpb_row us_custom_c70c97eb via_flex valign_top type_default stacking_default\"><div class=\"vc_col-sm-12 wpb_column vc_column_container\"><div class=\"vc_column-inner\"><div class=\"wpb_wrapper\"><div class=\"w-image us_custom_e15740ca align_center\"><div class=\"w-image-h\"><img decoding=\"async\" width=\"990\" height=\"606\" src=\"https:\/\/kauma.es\/wp-content\/uploads\/2024\/07\/Imagen-info1-sobre-nosotros-nuestra-sede1.jpg\" class=\"attachment-full size-full\" alt=\"\" loading=\"lazy\" srcset=\"https:\/\/kauma.es\/wp-content\/uploads\/2024\/07\/Imagen-info1-sobre-nosotros-nuestra-sede1.jpg 990w, https:\/\/kauma.es\/wp-content\/uploads\/2024\/07\/Imagen-info1-sobre-nosotros-nuestra-sede1-600x367.jpg 600w, https:\/\/kauma.es\/wp-content\/uploads\/2024\/07\/Imagen-info1-sobre-nosotros-nuestra-sede1-300x184.jpg 300w\" sizes=\"auto, (max-width: 990px) 100vw, 990px\" \/><\/div><\/div><\/div><\/div><\/div><\/div><\/div><\/div><\/div><div class=\"w-tabs-section no_indents\" id=\"wa7c\"><button class=\"w-tabs-section-header\" aria-controls=\"content-wa7c\" aria-expanded=\"false\"><div class=\"w-tabs-section-title\">La nostra gent<\/div><div class=\"w-tabs-section-control\"><\/div><\/button><div  class=\"w-tabs-section-content\" id=\"content-wa7c\"><div class=\"w-tabs-section-content-h i-cf\"><div class=\"g-cols wpb_row via_flex valign_top type_default stacking_default\"><div class=\"vc_col-sm-12 wpb_column vc_column_container\"><div class=\"vc_column-inner\"><div class=\"wpb_wrapper\"><div class=\"w-separator size_custom with_line width_default thick_1 style_solid color_border align_center\" style=\"height:1px\"><div class=\"w-separator-h\"><\/div><\/div><\/div><\/div><\/div><\/div><div class=\"g-cols wpb_row us_custom_6d603292 via_flex valign_top type_default stacking_default\"><div class=\"vc_col-sm-6 wpb_column vc_column_container\"><div class=\"vc_column-inner\"><div class=\"wpb_wrapper\"><div class=\"w-text\"><span class=\"w-text-h\"><span class=\"w-text-value\">LA NOSTRA GENT<\/span><\/span><\/div><div class=\"w-separator size_medium\"><\/div><h3 class=\"w-text us_custom_83857763\"><span class=\"w-text-h\"><span class=\"w-text-value\">L&#039;esperit de Kauma neix de la nostra gent.<\/span><\/span><\/h3><\/div><\/div><\/div><div class=\"vc_col-sm-6 wpb_column vc_column_container\"><div class=\"vc_column-inner us_custom_5999c16a\"><div class=\"wpb_wrapper\"><div class=\"wpb_text_column us_custom_5999c16a\"><div class=\"wpb_wrapper\"><p>Kauma \u00e9s una empresa jove, inquieta, independent, creativa i de vanguarda. Cada dia creem espais confortables respectant l&#8217;entorn; ens esforcem per assumir nous reptes; i celebrem junts els \u00e8xits d&#8217;una companyia constru\u00efda entre tots amb el recolzament dels nostres clients. Som una font d&#8217;idees innovadores que donen soluci\u00f3 a qualsevol repte i ens fan millorar cada any.<\/p>\n<\/div><\/div><\/div><\/div><\/div><\/div><div class=\"g-cols wpb_row us_custom_c70c97eb via_flex valign_top type_default stacking_default\"><div class=\"vc_col-sm-12 wpb_column vc_column_container\"><div class=\"vc_column-inner\"><div class=\"wpb_wrapper\"><div class=\"w-image us_custom_e15740ca align_center\"><div class=\"w-image-h\"><img decoding=\"async\" width=\"990\" height=\"606\" src=\"https:\/\/kauma.es\/wp-content\/uploads\/2024\/07\/Imagen-info1-sobre-nosotros-nuestra-Gente1.jpeg\" class=\"attachment-full size-full\" alt=\"\" loading=\"lazy\" srcset=\"https:\/\/kauma.es\/wp-content\/uploads\/2024\/07\/Imagen-info1-sobre-nosotros-nuestra-Gente1.jpeg 990w, https:\/\/kauma.es\/wp-content\/uploads\/2024\/07\/Imagen-info1-sobre-nosotros-nuestra-Gente1-600x367.jpeg 600w, https:\/\/kauma.es\/wp-content\/uploads\/2024\/07\/Imagen-info1-sobre-nosotros-nuestra-Gente1-300x184.jpeg 300w\" sizes=\"auto, (max-width: 990px) 100vw, 990px\" \/><\/div><\/div><\/div><\/div><\/div><\/div><\/div><\/div><\/div><div class=\"w-tabs-section no_indents\" id=\"s2cf\"><button class=\"w-tabs-section-header\" aria-controls=\"content-s2cf\" aria-expanded=\"false\"><div class=\"w-tabs-section-title\">Qualitat avalada<\/div><div class=\"w-tabs-section-control\"><\/div><\/button><div  class=\"w-tabs-section-content\" id=\"content-s2cf\"><div class=\"w-tabs-section-content-h i-cf\"><div class=\"g-cols wpb_row us_custom_887a049b via_flex valign_top type_default stacking_default\"><div class=\"vc_col-sm-12 wpb_column vc_column_container\"><div class=\"vc_column-inner\"><div class=\"wpb_wrapper\"><div class=\"w-separator size_custom with_line width_default thick_1 style_solid color_border align_center\" style=\"height:1px\"><div class=\"w-separator-h\"><\/div><\/div><\/div><\/div><\/div><\/div><div class=\"g-cols wpb_row us_custom_7cd4f94e via_flex valign_top type_default stacking_default\"><div class=\"vc_col-sm-6 wpb_column vc_column_container\"><div class=\"vc_column-inner\"><div class=\"wpb_wrapper\"><div class=\"w-text\"><span class=\"w-text-h\"><span class=\"w-text-value\">QUALITAT AVALEM<\/span><\/span><\/div><div class=\"w-separator size_medium\"><\/div><h3 class=\"w-text us_custom_83857763\"><span class=\"w-text-h\"><span class=\"w-text-value\">Qualitat i seguretat: essencial per a tu i per a Kauma.<\/span><\/span><\/h3><\/div><\/div><\/div><div class=\"vc_col-sm-6 wpb_column vc_column_container\"><div class=\"vc_column-inner us_custom_5999c16a\"><div class=\"wpb_wrapper\"><div class=\"wpb_text_column us_custom_5999c16a\"><div class=\"wpb_wrapper\"><p>La qualitat i seguretat dels nostres productes \u00e9s una \u00e0rea de vital import\u00e0ncia. Sotmetem les nostres patents a exhaustius controls de qualitat per organismes internacionals de prestigi. El 2008 vam obtenir el certificat ISO 9001 i els nostres productes es marquen amb el segell CE. A m\u00e9s, realitzem assaigs i proves de vent, for\u00e7a i resist\u00e8ncia.<\/p>\n<\/div><\/div><\/div><\/div><\/div><\/div><div class=\"g-cols wpb_row us_custom_c70c97eb via_flex valign_top type_default stacking_default\"><div class=\"vc_col-sm-12 wpb_column vc_column_container\"><div class=\"vc_column-inner\"><div class=\"wpb_wrapper\"><div class=\"w-image us_custom_e15740ca align_center\"><div class=\"w-image-h\"><img decoding=\"async\" width=\"985\" height=\"606\" src=\"https:\/\/kauma.es\/wp-content\/uploads\/2024\/07\/Imagen-info1-sobre-nosotros-Calidad-avalada1.jpg\" class=\"attachment-full size-full\" alt=\"\" loading=\"lazy\" srcset=\"https:\/\/kauma.es\/wp-content\/uploads\/2024\/07\/Imagen-info1-sobre-nosotros-Calidad-avalada1.jpg 985w, https:\/\/kauma.es\/wp-content\/uploads\/2024\/07\/Imagen-info1-sobre-nosotros-Calidad-avalada1-600x369.jpg 600w, https:\/\/kauma.es\/wp-content\/uploads\/2024\/07\/Imagen-info1-sobre-nosotros-Calidad-avalada1-300x185.jpg 300w\" sizes=\"auto, (max-width: 985px) 100vw, 985px\" \/><\/div><\/div><\/div><\/div><\/div><\/div><\/div><\/div><\/div><div class=\"w-tabs-section no_indents\" id=\"tbe3\"><button class=\"w-tabs-section-header\" aria-controls=\"content-tbe3\" aria-expanded=\"false\"><div class=\"w-tabs-section-title\">Kauma labs<\/div><div class=\"w-tabs-section-control\"><\/div><\/button><div  class=\"w-tabs-section-content\" id=\"content-tbe3\"><div class=\"w-tabs-section-content-h i-cf\"><div class=\"g-cols wpb_row us_custom_887a049b via_flex valign_top type_default stacking_default\"><div class=\"vc_col-sm-12 wpb_column vc_column_container\"><div class=\"vc_column-inner\"><div class=\"wpb_wrapper\"><div class=\"w-separator size_custom with_line width_default thick_1 style_solid color_border align_center\" style=\"height:1px\"><div class=\"w-separator-h\"><\/div><\/div><\/div><\/div><\/div><\/div><div class=\"g-cols wpb_row us_custom_7cd4f94e via_flex valign_top type_default stacking_default\"><div class=\"vc_col-sm-6 wpb_column vc_column_container\"><div class=\"vc_column-inner\"><div class=\"wpb_wrapper\"><div class=\"w-text\"><span class=\"w-text-h\"><span class=\"w-text-value\">KAUMA LAB<\/span><\/span><\/div><div class=\"w-separator size_medium\"><\/div><h3 class=\"w-text us_custom_83857763\"><span class=\"w-text-h\"><span class=\"w-text-value\">De principi a fi<\/span><\/span><\/h3><\/div><\/div><\/div><div class=\"vc_col-sm-6 wpb_column vc_column_container\"><div class=\"vc_column-inner us_custom_5999c16a\"><div class=\"wpb_wrapper\"><div class=\"wpb_text_column us_custom_5999c16a\"><div class=\"wpb_wrapper\"><p>Kauma neix d&#8217;un equilibrat proc\u00e9s creatiu d&#8217;assessorament, estudi i disseny de l&#8217;espai. La nostra \u00e0mplia experi\u00e8ncia aporta una harmonia entre la t\u00e8cnica, l&#8217;est\u00e8tica i la qualitat sota una premissa: innovaci\u00f3 de vanguarda per connectar-te de manera respectuosa i plena amb la natura. Estudiem les teves necessitats de manera personalitzada, dissenyem patents pr\u00f2pies i fabriquem per a tu a les nostres instal\u00b7lacions. Un proc\u00e9s d&#8217;acompanyament de principi a fi perqu\u00e8 l&#8217;\u00fanic que t&#8217;hi preocupi sigui activar el teu mode relax en connexi\u00f3 amb l&#8217;exterior.<\/p>\n<\/div><\/div><\/div><\/div><\/div><\/div><div class=\"g-cols wpb_row us_custom_c70c97eb via_flex valign_top type_default stacking_default\"><div class=\"vc_col-sm-12 wpb_column vc_column_container\"><div class=\"vc_column-inner\"><div class=\"wpb_wrapper\"><div class=\"w-image us_custom_e15740ca align_center\"><div class=\"w-image-h\"><img decoding=\"async\" width=\"985\" height=\"606\" src=\"https:\/\/kauma.es\/wp-content\/uploads\/2024\/07\/Imagen-info1-sobre-nosotros-Kauma-Lab1.jpg\" class=\"attachment-full size-full\" alt=\"\" loading=\"lazy\" srcset=\"https:\/\/kauma.es\/wp-content\/uploads\/2024\/07\/Imagen-info1-sobre-nosotros-Kauma-Lab1.jpg 985w, https:\/\/kauma.es\/wp-content\/uploads\/2024\/07\/Imagen-info1-sobre-nosotros-Kauma-Lab1-600x369.jpg 600w, https:\/\/kauma.es\/wp-content\/uploads\/2024\/07\/Imagen-info1-sobre-nosotros-Kauma-Lab1-300x185.jpg 300w\" sizes=\"auto, (max-width: 985px) 100vw, 985px\" \/><\/div><\/div><\/div><\/div><\/div><\/div><\/div><\/div><\/div><div class=\"w-tabs-section no_indents\" id=\"i5c4\"><button class=\"w-tabs-section-header\" aria-controls=\"content-i5c4\" aria-expanded=\"false\"><div class=\"w-tabs-section-title\">Respectuosos<\/div><div class=\"w-tabs-section-control\"><\/div><\/button><div  class=\"w-tabs-section-content\" id=\"content-i5c4\"><div class=\"w-tabs-section-content-h i-cf\"><div class=\"g-cols wpb_row us_custom_887a049b via_flex valign_top type_default stacking_default\"><div class=\"vc_col-sm-12 wpb_column vc_column_container\"><div class=\"vc_column-inner\"><div class=\"wpb_wrapper\"><div class=\"w-separator size_custom with_line width_default thick_1 style_solid color_border align_center\" style=\"height:1px\"><div class=\"w-separator-h\"><\/div><\/div><\/div><\/div><\/div><\/div><div class=\"g-cols wpb_row us_custom_7cd4f94e via_flex valign_top type_default stacking_default\"><div class=\"vc_col-sm-6 wpb_column vc_column_container\"><div class=\"vc_column-inner\"><div class=\"wpb_wrapper\"><div class=\"w-text\"><span class=\"w-text-h\"><span class=\"w-text-value\">RESPETUOSOS<\/span><\/span><\/div><div class=\"w-separator size_medium\"><\/div><h3 class=\"w-text us_custom_83857763\"><span class=\"w-text-h\"><span class=\"w-text-value\">La natura del futur la cuidem en el present.<\/span><\/span><\/h3><\/div><\/div><\/div><div class=\"vc_col-sm-6 wpb_column vc_column_container\"><div class=\"vc_column-inner us_custom_5999c16a\"><div class=\"wpb_wrapper\"><div class=\"wpb_text_column us_custom_5999c16a\"><div class=\"wpb_wrapper\"><p>El comprom\u00eds amb la producci\u00f3 sostenible ens porta a reciclar el 100% dels materials descartables, a controlar les emissions en els processos productius i log\u00edstics i a comptar amb un hort solar proper als 10.000 m2. A casa teva, els productes Kauma contribueixen a gestionar de manera m\u00e9s eficient l&#8217;energia i a reduir l&#8217;impacte hum\u00e0 en l&#8217;entorn urb\u00e0.<\/p>\n<\/div><\/div><\/div><\/div><\/div><\/div><div class=\"g-cols wpb_row us_custom_c70c97eb via_flex valign_top type_default stacking_default\"><div class=\"vc_col-sm-12 wpb_column vc_column_container\"><div class=\"vc_column-inner\"><div class=\"wpb_wrapper\"><div class=\"w-image us_custom_e15740ca align_center\"><div class=\"w-image-h\"><img decoding=\"async\" width=\"985\" height=\"448\" src=\"https:\/\/kauma.es\/wp-content\/uploads\/2024\/07\/Imagen-info1-sobre-nosotros-Respetuosos1.jpg\" class=\"attachment-full size-full\" alt=\"\" loading=\"lazy\" srcset=\"https:\/\/kauma.es\/wp-content\/uploads\/2024\/07\/Imagen-info1-sobre-nosotros-Respetuosos1.jpg 985w, https:\/\/kauma.es\/wp-content\/uploads\/2024\/07\/Imagen-info1-sobre-nosotros-Respetuosos1-600x273.jpg 600w, https:\/\/kauma.es\/wp-content\/uploads\/2024\/07\/Imagen-info1-sobre-nosotros-Respetuosos1-300x136.jpg 300w\" sizes=\"auto, (max-width: 985px) 100vw, 985px\" \/><\/div><\/div><\/div><\/div><\/div><\/div><\/div><\/div><\/div><\/div><\/div><\/div><\/div><\/div><\/div><\/div><\/section>\n","protected":false},"excerpt":{"rendered":"Kauma. The natural connectionConeix la nostra companyiaLa nostra seuLa nostra gentQualitat avaladaKauma labsRespectuososLa nostra seuLA NOSTRA SEUProducci\u00f3: 9.620 m\u14be Oficines: 200 m\u14be Showroom: 200 m\u14be&quot;Comptem amb una planta de producci\u00f3 d&#8217;\u00faltima generaci\u00f3: 10.000 m\u14be a Lucena (Espanya). Equipada amb maquin\u00e0ria de control num\u00e8ric computaritzat, planta de tractament i acabat de superf\u00edcies, showroom, un avan\u00e7at programari...","protected":false},"author":8,"featured_media":0,"parent":0,"menu_order":0,"comment_status":"closed","ping_status":"closed","template":"","meta":{"_acf_changed":false,"rank_math_title":"","rank_math_description":"","rank_math_focus_keyword":"","rank_math_robots":null,"rank_math_canonical_url":"","rank_math_seo_score":"","rank_math_pillar_content":"","rank_math_advanced_robots":"","rank_math_facebook_title":"","rank_math_facebook_description":"","rank_math_facebook_image":"","rank_math_twitter_title":"","rank_math_twitter_description":"","rank_math_twitter_image":"","rank_math_twitter_card_type":"","rank_math_breadcrumb_title":"","rank_math_schema_Article":"","rank_math_schema_Book":"","rank_math_schema_Course":"","rank_math_schema_Dataset":"","rank_math_schema_Event":"","rank_math_schema_FAQPage":"","rank_math_schema_FactCheck":"","rank_math_schema_HowTo":"","rank_math_schema_JobPosting":"","rank_math_schema_Movie":"","rank_math_schema_MusicRecording":"","rank_math_schema_Person":"","rank_math_schema_Product":"","rank_math_schema_Recipe":"","rank_math_schema_Restaurant":"","rank_math_schema_Service":"","rank_math_schema_SoftwareApplication":"","rank_math_schema_VideoObject":"","rank_math_schema_WooCommerceProduct":"","rank_math_schema_MedicalProcedure":"","footnotes":""},"class_list":["post-26866","page","type-page","status-publish","hentry"],"acf":[],"_links":{"self":[{"href":"https:\/\/kauma.es\/ca\/wp-json\/wp\/v2\/pages\/26866","targetHints":{"allow":["GET"]}}],"collection":[{"href":"https:\/\/kauma.es\/ca\/wp-json\/wp\/v2\/pages"}],"about":[{"href":"https:\/\/kauma.es\/ca\/wp-json\/wp\/v2\/types\/page"}],"author":[{"embeddable":true,"href":"https:\/\/kauma.es\/ca\/wp-json\/wp\/v2\/users\/8"}],"replies":[{"embeddable":true,"href":"https:\/\/kauma.es\/ca\/wp-json\/wp\/v2\/comments?post=26866"}],"version-history":[{"count":0,"href":"https:\/\/kauma.es\/ca\/wp-json\/wp\/v2\/pages\/26866\/revisions"}],"wp:attachment":[{"href":"https:\/\/kauma.es\/ca\/wp-json\/wp\/v2\/media?parent=26866"}],"curies":[{"name":"wp","href":"https:\/\/api.w.org\/{rel}","templated":true}]}}