{"id":26909,"date":"2024-08-01T09:01:45","date_gmt":"2024-08-01T07:01:45","guid":{"rendered":"https:\/\/kauma.es\/serveis\/"},"modified":"2025-04-30T13:26:59","modified_gmt":"2025-04-30T11:26:59","slug":"serveis","status":"publish","type":"page","link":"https:\/\/kauma.es\/ca\/serveis\/","title":{"rendered":"Serveis"},"content":{"rendered":"<section class=\"l-section wpb_row height_auto full_height valign_top color_alternate with_slider\"><div class=\"l-section-slider\"><div class=\"w-slider style_none fit_cover nav_none count_1\"><div class=\"w-slider-h\" aria-hidden=\"true\"><div class=\"royalSlider\"><div class=\"rsContent\"><a class=\"rsImg\" data-rsw=\"1650\" data-rsh=\"1008\" href=\"https:\/\/kauma.es\/wp-content\/uploads\/2024\/10\/1-1.jpg\"><span data-alt=\"\"><\/span><\/a><\/div><\/div><img decoding=\"async\" src=\"https:\/\/kauma.es\/wp-content\/uploads\/2024\/10\/1-1.jpg\" width=\"1650\" height=\"1008\" alt loading=\"lazy\"><\/div><div class=\"w-slider-json\" onclick='return {&quot;autoScaleSlider&quot;:true,&quot;addActiveClass&quot;:true,&quot;loop&quot;:true,&quot;fadeInLoadedSlide&quot;:false,&quot;slidesSpacing&quot;:0,&quot;imageScalePadding&quot;:0,&quot;numImagesToPreload&quot;:2,&quot;arrowsNav&quot;:false,&quot;arrowsNavAutoHide&quot;:false,&quot;transitionType&quot;:&quot;move&quot;,&quot;transitionSpeed&quot;:1000,&quot;block&quot;:{&quot;moveEffect&quot;:&quot;none&quot;,&quot;speed&quot;:300},&quot;thumbs&quot;:{&quot;fitInViewport&quot;:false,&quot;firstMargin&quot;:false,&quot;spacing&quot;:4},&quot;controlNavigation&quot;:&quot;none&quot;,&quot;autoplay&quot;:{&quot;enabled&quot;:true,&quot;pauseOnHover&quot;:false,&quot;delay&quot;:3000},&quot;autoScaleSliderWidth&quot;:1650,&quot;autoScaleSliderHeight&quot;:1008}'><\/div><\/div><\/div><div class=\"l-section-h i-cf\"><div class=\"g-cols vc_row via_flex valign_top type_default stacking_default\"><div class=\"vc_col-sm-12 wpb_column vc_column_container\"><div class=\"vc_column-inner\"><div class=\"wpb_wrapper\"><h2 class=\"w-post-elm post_title align_left entry-title\">Serveis<\/h2><div class=\"w-separator size_medium\"><\/div><div class=\"w-btn-wrapper align_left\"><a class=\"w-btn us-btn-style_4 icon-rotate icon_atright\" href=\"#servicios\"><span class=\"w-btn-label\">Informa&#039;t de tots els nostres serveis.<\/span><i class=\"fas fa-caret-right\"><\/i><\/a><\/div><\/div><\/div><\/div><\/div><\/div><\/section><section class=\"l-section wpb_row us_custom_19737bc8 height_auto width_full\" id=\"servicios\"><div class=\"l-section-h i-cf\"><div class=\"g-cols vc_row via_flex valign_top type_default stacking_default\"><div class=\"vc_col-sm-12 wpb_column vc_column_container\"><div class=\"vc_column-inner\"><div class=\"wpb_wrapper\"><div class=\"w-tabs layout_hor style_simple3 switch_click has_scrolling\" style=\"--sections-title-size:1em\"><div class=\"w-tabs-list items_4 align_center\"><div class=\"w-tabs-list-h\"><button class=\"w-tabs-item active\" aria-controls=\"content-p669\" aria-expanded=\"false\"><span class=\"w-tabs-item-title\">Dissenya el teu espai<\/span><\/button><button class=\"w-tabs-item\" aria-controls=\"content-cdb0\" aria-expanded=\"false\"><span class=\"w-tabs-item-title\">Posa&#039;t en marxa<\/span><\/button><button class=\"w-tabs-item\" aria-controls=\"content-o1e2\" aria-expanded=\"false\"><span class=\"w-tabs-item-title\">Terminis de lliurament<\/span><\/button><button class=\"w-tabs-item\" aria-controls=\"content-kb82\" aria-expanded=\"false\"><span class=\"w-tabs-item-title\">Instal\u00b7laci\u00f3 i assist\u00e8ncia<\/span><\/button><\/div><\/div><div class=\"w-tabs-sections titles-align_center icon_chevron cpos_right\"><div class=\"w-tabs-section no_indents active\" id=\"p669\"><button class=\"w-tabs-section-header active\" aria-controls=\"content-p669\" aria-expanded=\"true\"><div class=\"w-tabs-section-title\">Dissenya el teu espai<\/div><div class=\"w-tabs-section-control\"><\/div><\/button><div  class=\"w-tabs-section-content\" id=\"content-p669\"><div class=\"w-tabs-section-content-h i-cf\"><div class=\"g-cols wpb_row via_flex valign_top type_default stacking_default\"><div class=\"vc_col-sm-12 wpb_column vc_column_container\"><div class=\"vc_column-inner\"><div class=\"wpb_wrapper\"><div class=\"w-separator size_custom with_line width_default thick_1 style_solid color_border align_center\" style=\"height:1px\"><div class=\"w-separator-h\"><\/div><\/div><\/div><\/div><\/div><\/div><div class=\"g-cols wpb_row us_custom_573f54b4 via_flex valign_top type_default stacking_default\"><div class=\"vc_col-sm-6 wpb_column vc_column_container\"><div class=\"vc_column-inner\"><div class=\"wpb_wrapper\"><div class=\"w-text\"><span class=\"w-text-h\"><span class=\"w-text-value\">DISSENYA EL TEU ESPAI<\/span><\/span><\/div><div class=\"w-separator size_medium\"><\/div><h3 class=\"w-text us_custom_83857763\"><span class=\"w-text-h\"><span class=\"w-text-value\">No tots els espais s\u00f3n iguals, per aix\u00f2 trobarem la soluci\u00f3 ideal per a tu.<\/span><\/span><\/h3><\/div><\/div><\/div><div class=\"vc_col-sm-6 wpb_column vc_column_container\"><div class=\"vc_column-inner us_custom_5999c16a\"><div class=\"wpb_wrapper\"><div class=\"wpb_text_column us_custom_5999c16a\"><div class=\"wpb_wrapper\"><p>Amb una experi\u00e8ncia de m\u00e9s de 30 anys podem oferir-te el millor assessorament contemplant les diferents possibilitats i la millor relaci\u00f3 qualitat-preu.<\/p>\n<\/div><\/div><\/div><\/div><\/div><\/div><div class=\"g-cols wpb_row us_custom_d30832b3 via_flex valign_top type_default stacking_default\"><div class=\"vc_col-sm-3 wpb_column vc_column_container\"><div class=\"vc_column-inner\"><div class=\"wpb_wrapper\"><\/div><\/div><\/div><div class=\"vc_col-sm-3 wpb_column vc_column_container\"><div class=\"vc_column-inner\"><div class=\"wpb_wrapper\"><div class=\"w-iconbox iconpos_left style_default color_custom align_left\"><div class=\"w-iconbox-icon\" style=\"font-size:2rem;--icon-color:#000000;\"><i class=\"fas fa-check\"><\/i><\/div><div class=\"w-iconbox-meta\"><h4 class=\"w-iconbox-title\">Tria b\u00e9.<\/h4><div class=\"w-iconbox-text\"><p>El nostre projecte ser\u00e0 diferent si \u00e9s un espai d&#8217;\u00fas casual o intensiu, si est\u00e0 a la costa o a la muntanya, si la seva orientaci\u00f3 \u00e9s sud o nord. Per ajudar-te a trobar la millor opci\u00f3 i guiar-te en els espais m\u00e9s complexos&#8230;<\/p>\n<\/div><\/div><\/div><div class=\"w-separator size_custom\" style=\"height:10px\"><\/div><div class=\"w-btn-wrapper align_center\"><a class=\"w-btn us-btn-style_3\" href=\"https:\/\/kauma.es\/ca\/contacte\/\"><span class=\"w-btn-label\">Explica&#039;ns el teu projecte.<\/span><\/a><\/div><div class=\"w-separator size_medium\"><\/div><div class=\"w-iconbox iconpos_left style_default color_custom align_left\"><div class=\"w-iconbox-icon\" style=\"font-size:2rem;--icon-color:#000000;\"><i class=\"far fa-home\"><\/i><\/div><div class=\"w-iconbox-meta\"><h4 class=\"w-iconbox-title\">Prova-ho<\/h4><div class=\"w-iconbox-text\"><p>Si encara no heu experimentat, tocat i sentit la difer\u00e8ncia dels productes Kauma, feu-nos una visita al nostre showroom.<br \/>\nPel que fa a la informaci\u00f3 del showroom:<\/p>\n<p>Showroom<br \/>\nN-331 km 75,8 \u2013 14900 Lucena, Espa\u00f1a<br \/>+34 957 749 749 \u2013 info@kauma.es<\/p>\n<\/div><\/div><\/div><div class=\"w-separator size_medium\"><\/div><div class=\"w-iconbox iconpos_left style_default color_custom align_left\"><div class=\"w-iconbox-icon\" style=\"font-size:2rem;--icon-color:#000000;\"><i class=\"far fa-paint-brush\"><\/i><\/div><div class=\"w-iconbox-meta\"><h4 class=\"w-iconbox-title\">Opcions de color i acabat<\/h4><div class=\"w-iconbox-text\"><p>Comptem amb la nostra pr\u00f2pia planta de lacat per oferir-te infinitat de colors i acabats segons els teus gustos. Sol\u00b7licita la nostra carta de colors plans o d&#8217;imitaci\u00f3 de fusta.<\/p>\n<\/div><\/div><\/div><\/div><\/div><\/div><div class=\"vc_col-sm-3 wpb_column vc_column_container\"><div class=\"vc_column-inner\"><div class=\"wpb_wrapper\"><div class=\"w-iconbox iconpos_left style_default color_custom align_left\"><div class=\"w-iconbox-icon\" style=\"font-size:2rem;--icon-color:#000000;\"><i class=\"far fa-eye\"><\/i><\/div><div class=\"w-iconbox-meta\"><h4 class=\"w-iconbox-title\">Visita pr\u00e8via<\/h4><div class=\"w-iconbox-text\"><p>El nostre equip t\u00e8cnic est\u00e0 disponible per analitzar in situ el teu espai i ajudar-te a resoldre tots els dubtes particulars per complir tots els requisits del teu projecte.<\/p>\n<\/div><\/div><\/div><div class=\"w-separator size_custom\" style=\"height:10px\"><\/div><div class=\"w-btn-wrapper align_center\"><a class=\"w-btn us-btn-style_3\" href=\"https:\/\/kauma.es\/ca\/contacte\/\"><span class=\"w-btn-label\">Demana&#039;ns una cita.<\/span><\/a><\/div><div class=\"w-separator size_medium\"><\/div><div class=\"w-iconbox iconpos_left style_default color_custom align_left\"><div class=\"w-iconbox-icon\" style=\"font-size:2rem;--icon-color:#000000;\"><i class=\"fas fa-leaf-heart\"><\/i><\/div><div class=\"w-iconbox-meta\"><h4 class=\"w-iconbox-title\">Mesures que estalvien<\/h4><div class=\"w-iconbox-text\"><p>Sabies que treballem amb tu per optimitzar la mida o el nombre de panells en un sistema per reduir costos? Les mides que apareixen al pressupost s\u00f3n simplement un punt de partida, ja que es tracta de mesures aproximades. Sobre aquest pressupost, prendrem les mesures exactes per a la fabricaci\u00f3 i si la idea final dista molt del pressupost inicial, reconfigurarem la taxaci\u00f3 en base al projecte per oferir-te el preu definitiu.<\/p>\n<\/div><\/div><\/div><div class=\"w-separator size_medium\"><\/div><div class=\"w-iconbox iconpos_left style_default color_custom align_left\"><div class=\"w-iconbox-icon\" style=\"font-size:2rem;--icon-color:#000000;\"><i class=\"far fa-shield-check\"><\/i><\/div><div class=\"w-iconbox-meta\"><h4 class=\"w-iconbox-title\">Com aconseguir el teu pressupost<\/h4><div class=\"w-iconbox-text\"><p><span>Com aconseguir el teu pressupost.<br \/>La millor manera de determinar el preu \u00e9s consultar amb un agent oficial Kauma i demanar un pressupost a trav\u00e9s del nostre formulari al web o enviant un correu electr\u00f2nic a&#8230;  <\/span><a href=\"mailto:atencioncomercial@kauma.es\" target=\"_blank\" rel=\"noopener\">atencioncomercial@kauma.es<\/a><span>.<\/span><\/p>\n<\/div><\/div><\/div><div class=\"w-separator size_custom\" style=\"height:10px\"><\/div><div class=\"w-btn-wrapper align_center\"><a class=\"w-btn us-btn-style_3\" href=\"https:\/\/kauma.es\/ca\/pressupost\/\"><span class=\"w-btn-label\">Demaneu-nos pressupost<\/span><\/a><\/div><\/div><\/div><\/div><div class=\"vc_col-sm-3 wpb_column vc_column_container\"><div class=\"vc_column-inner\"><div class=\"wpb_wrapper\"><\/div><\/div><\/div><\/div><\/div><\/div><\/div><div class=\"w-tabs-section no_indents\" id=\"cdb0\"><button class=\"w-tabs-section-header\" aria-controls=\"content-cdb0\" aria-expanded=\"false\"><div class=\"w-tabs-section-title\">Posa&#039;t en marxa<\/div><div class=\"w-tabs-section-control\"><\/div><\/button><div  class=\"w-tabs-section-content\" id=\"content-cdb0\"><div class=\"w-tabs-section-content-h i-cf\"><div class=\"g-cols wpb_row via_flex valign_top type_default stacking_default\"><div class=\"vc_col-sm-12 wpb_column vc_column_container\"><div class=\"vc_column-inner\"><div class=\"wpb_wrapper\"><div class=\"w-separator size_custom with_line width_default thick_1 style_solid color_border align_center\" style=\"height:1px\"><div class=\"w-separator-h\"><\/div><\/div><\/div><\/div><\/div><\/div><div class=\"g-cols wpb_row us_custom_6d603292 via_flex valign_top type_default stacking_default\"><div class=\"vc_col-sm-6 wpb_column vc_column_container\"><div class=\"vc_column-inner\"><div class=\"wpb_wrapper\"><div class=\"w-text\"><span class=\"w-text-h\"><span class=\"w-text-value\">POSA&#039;T EN MARXA<\/span><\/span><\/div><div class=\"w-separator size_medium\"><\/div><h3 class=\"w-text us_custom_83857763\"><span class=\"w-text-h\"><span class=\"w-text-value\">Ja tens el teu pressupost, i ara qu\u00e8?<\/span><\/span><\/h3><\/div><\/div><\/div><div class=\"vc_col-sm-6 wpb_column vc_column_container\"><div class=\"vc_column-inner us_custom_5999c16a\"><div class=\"wpb_wrapper\"><div class=\"wpb_text_column us_custom_6bc09bf8\"><div class=\"wpb_wrapper\"><p>Per confirmar el pressupost nom\u00e9s has d&#8217;enviar-nos per correu electr\u00f2nic el document revisat i signat. Un cop haguem rebut el document de confirmaci\u00f3 i el pagament inicial, la teva comanda comen\u00e7ar\u00e0 a prendre forma a la nostra f\u00e0brica.<\/p>\n<\/div><\/div><\/div><\/div><\/div><\/div><div class=\"g-cols wpb_row us_custom_245b2909 via_flex valign_top type_default stacking_default\"><div class=\"vc_col-sm-3 wpb_column vc_column_container\"><div class=\"vc_column-inner\"><div class=\"wpb_wrapper\"><\/div><\/div><\/div><div class=\"vc_col-sm-3 wpb_column vc_column_container\"><div class=\"vc_column-inner\"><div class=\"wpb_wrapper\"><div class=\"w-iconbox iconpos_left style_default color_custom align_left\"><div class=\"w-iconbox-icon\" style=\"font-size:2rem;--icon-color:#000000;\"><i class=\"fas fa-check\"><\/i><\/div><div class=\"w-iconbox-meta\"><h4 class=\"w-iconbox-title\">Com sabr\u00e9 si s&#039;ha rebut la meva comanda?<\/h4><div class=\"w-iconbox-text\"><p>Quan rebem la teva comanda, t&#8217;enviarem una confirmaci\u00f3 per correu electr\u00f2nic, amb les dates estimades de producci\u00f3 i lliurament. A partir d&#8217;aquest moment, es crear\u00e0 entre tu i Kauma un contracte legalment vinculant. Atendrem la teva comanda tan aviat com sigui possible i rebr\u00e0s el producte dins dels terminis establerts.<\/p>\n<\/div><\/div><\/div><div class=\"w-separator size_medium\"><\/div><div class=\"w-iconbox iconpos_left style_default color_custom align_left\"><div class=\"w-iconbox-icon\" style=\"font-size:2rem;--icon-color:#000000;\"><i class=\"far fa-envelope\"><\/i><\/div><div class=\"w-iconbox-meta\"><h4 class=\"w-iconbox-title\">Comandes i producci\u00f3<\/h4><div class=\"w-iconbox-text\"><p>Per consultar dubtes t\u00e8cnics, estat de la comanda, terminis de lliurament o m\u00e8todes d&#8217;enviament, contacta amb nosaltres a pedidos@kauma.es<\/p>\n<\/div><\/div><\/div><\/div><\/div><\/div><div class=\"vc_col-sm-3 wpb_column vc_column_container\"><div class=\"vc_column-inner\"><div class=\"wpb_wrapper\"><div class=\"w-iconbox iconpos_left style_default color_custom align_left\"><div class=\"w-iconbox-icon\" style=\"font-size:2rem;--icon-color:#000000;\"><i class=\"far fa-credit-card\"><\/i><\/div><div class=\"w-iconbox-meta\"><h4 class=\"w-iconbox-title\">Pagaments<\/h4><div class=\"w-iconbox-text\"><p>Oferim condicions de pagament amigables als nostres clients. Al tractar-se d\u2019un producte fet en exclusiva per a tu, sol\u00b7licitem un pagament inicial del 50% en el moment de la comanda i el pagament de la part restant en finalitzar i lliurar el producte.<\/p>\n<\/div><\/div><\/div><\/div><\/div><\/div><div class=\"vc_col-sm-3 wpb_column vc_column_container\"><div class=\"vc_column-inner\"><div class=\"wpb_wrapper\"><\/div><\/div><\/div><\/div><\/div><\/div><\/div><div class=\"w-tabs-section no_indents\" id=\"o1e2\"><button class=\"w-tabs-section-header\" aria-controls=\"content-o1e2\" aria-expanded=\"false\"><div class=\"w-tabs-section-title\">Terminis de lliurament<\/div><div class=\"w-tabs-section-control\"><\/div><\/button><div  class=\"w-tabs-section-content\" id=\"content-o1e2\"><div class=\"w-tabs-section-content-h i-cf\"><div class=\"g-cols wpb_row us_custom_887a049b via_flex valign_top type_default stacking_default\"><div class=\"vc_col-sm-12 wpb_column vc_column_container\"><div class=\"vc_column-inner\"><div class=\"wpb_wrapper\"><div class=\"w-separator size_custom with_line width_default thick_1 style_solid color_border align_center\" style=\"height:1px\"><div class=\"w-separator-h\"><\/div><\/div><\/div><\/div><\/div><\/div><div class=\"g-cols wpb_row us_custom_7cd4f94e via_flex valign_top type_default stacking_default\"><div class=\"vc_col-sm-6 wpb_column vc_column_container\"><div class=\"vc_column-inner\"><div class=\"wpb_wrapper\"><div class=\"w-text\"><span class=\"w-text-h\"><span class=\"w-text-value\">TERMINIS I LLIBERAMENT<\/span><\/span><\/div><div class=\"w-separator size_medium\"><\/div><h3 class=\"w-text us_custom_83857763\"><span class=\"w-text-h\"><span class=\"w-text-value\">El 96% de les nostres comandes es gestionen amb total puntualitat.<\/span><\/span><\/h3><\/div><\/div><\/div><div class=\"vc_col-sm-6 wpb_column vc_column_container\"><div class=\"vc_column-inner us_custom_5999c16a\"><div class=\"wpb_wrapper\"><div class=\"wpb_text_column us_custom_5999c16a\"><div class=\"wpb_wrapper\"><p><span>Sabem que \u00e9s molt important complir amb els terminis establerts, i en aix\u00f2 hi posem un especial cuidado. Coordinem amb tu els terminis de lliurament i instal\u00b7laci\u00f3 i et mantenim informat de l&#8217;estat de la teva comanda. <\/span><\/p>\n<\/div><\/div><\/div><\/div><\/div><\/div><div class=\"g-cols wpb_row us_custom_245b2909 via_flex valign_top type_default stacking_default\"><div class=\"vc_col-sm-3 wpb_column vc_column_container\"><div class=\"vc_column-inner\"><div class=\"wpb_wrapper\"><\/div><\/div><\/div><div class=\"vc_col-sm-3 wpb_column vc_column_container\"><div class=\"vc_column-inner\"><div class=\"wpb_wrapper\"><div class=\"w-iconbox iconpos_left style_default color_custom align_left\"><div class=\"w-iconbox-icon\" style=\"font-size:2rem;--icon-color:#000000;\"><i class=\"fas fa-calendar-alt\"><\/i><\/div><div class=\"w-iconbox-meta\"><h4 class=\"w-iconbox-title\">Terminis de lliurament<\/h4><div class=\"w-iconbox-text\"><p>Quan realitzis la teva comanda, et donarem un termini de lliurament estimat. A mesura que avanci el proc\u00e9s de fabricaci\u00f3, et informarem de la data exacta.<\/p>\n<\/div><\/div><\/div><\/div><\/div><\/div><div class=\"vc_col-sm-3 wpb_column vc_column_container\"><div class=\"vc_column-inner\"><div class=\"wpb_wrapper\"><div class=\"w-iconbox iconpos_left style_default color_custom align_left\"><div class=\"w-iconbox-icon\" style=\"font-size:2rem;--icon-color:#000000;\"><i class=\"fas fa-envelope\"><\/i><\/div><div class=\"w-iconbox-meta\"><h4 class=\"w-iconbox-title\">Enviament de productes<\/h4><div class=\"w-iconbox-text\"><p>Els productes s\u00f3n enviats completament protegits, recoberts amb cartr\u00f3 i suro o caixes de fusta si contenen vidre. Sempre et donem una idea aproximada del pes de la mercaderia i del nombre de paquets.<\/p>\n<\/div><\/div><\/div><\/div><\/div><\/div><div class=\"vc_col-sm-3 wpb_column vc_column_container\"><div class=\"vc_column-inner\"><div class=\"wpb_wrapper\"><\/div><\/div><\/div><\/div><\/div><\/div><\/div><div class=\"w-tabs-section no_indents\" id=\"kb82\"><button class=\"w-tabs-section-header\" aria-controls=\"content-kb82\" aria-expanded=\"false\"><div class=\"w-tabs-section-title\">Instal\u00b7laci\u00f3 i assist\u00e8ncia<\/div><div class=\"w-tabs-section-control\"><\/div><\/button><div  class=\"w-tabs-section-content\" id=\"content-kb82\"><div class=\"w-tabs-section-content-h i-cf\"><div class=\"g-cols wpb_row us_custom_887a049b via_flex valign_top type_default stacking_default\"><div class=\"vc_col-sm-12 wpb_column vc_column_container\"><div class=\"vc_column-inner\"><div class=\"wpb_wrapper\"><div class=\"w-separator size_custom with_line width_default thick_1 style_solid color_border align_center\" style=\"height:1px\"><div class=\"w-separator-h\"><\/div><\/div><\/div><\/div><\/div><\/div><div class=\"g-cols wpb_row us_custom_7cd4f94e via_flex valign_top type_default stacking_default\"><div class=\"vc_col-sm-6 wpb_column vc_column_container\"><div class=\"vc_column-inner\"><div class=\"wpb_wrapper\"><div class=\"w-text\"><span class=\"w-text-h\"><span class=\"w-text-value\">INSTAL\u00b7LACI\u00d3 I ASSIST\u00c8NCIA<\/span><\/span><\/div><div class=\"w-separator size_medium\"><\/div><h3 class=\"w-text us_custom_83857763\"><span class=\"w-text-h\"><span class=\"w-text-value\">Netedat i precisi\u00f3 en l&#039;execuci\u00f3. Servei postvenda sempre disposat a ajudar-te. <\/span><\/span><\/h3><\/div><\/div><\/div><div class=\"vc_col-sm-6 wpb_column vc_column_container\"><div class=\"vc_column-inner us_custom_5999c16a\"><div class=\"wpb_wrapper\"><div class=\"wpb_text_column us_custom_5999c16a\"><div class=\"wpb_wrapper\"><p>Kauma ha estat empresa instal\u00b7ladora durant molts anys, per la qual cosa coneixem de primera m\u00e0 les dificultats que sorgixen en la instal\u00b7laci\u00f3 i en el seu \u00fas posterior. Aix\u00f2 ens ha ajudat a millorar els nostres productes i el servei d&#8217;ajuda t\u00e8cnica.<\/p>\n<\/div><\/div><\/div><\/div><\/div><\/div><div class=\"g-cols wpb_row us_custom_d30832b3 via_flex valign_top type_default stacking_default\"><div class=\"vc_col-sm-3 wpb_column vc_column_container\"><div class=\"vc_column-inner\"><div class=\"wpb_wrapper\"><\/div><\/div><\/div><div class=\"vc_col-sm-3 wpb_column vc_column_container\"><div class=\"vc_column-inner\"><div class=\"wpb_wrapper\"><div class=\"w-iconbox iconpos_left style_default color_custom align_left\"><div class=\"w-iconbox-icon\" style=\"font-size:2rem;--icon-color:#000000;\"><i class=\"fas fa-user-hard-hat\"><\/i><\/div><div class=\"w-iconbox-meta\"><h4 class=\"w-iconbox-title\">El dia de la instal\u00b7laci\u00f3<\/h4><div class=\"w-iconbox-text\"><p>La instal\u00b7laci\u00f3 \u00e9s una part clau de tot el proc\u00e9s de compra, ja que sense una bona execuci\u00f3 en obra no aconseguirem la qualitat esperada dels nostres productes. Escollir l&#8217;exig\u00e8ncia d&#8217;un instal\u00b7lador certificat de Kauma \u00e9s una garantia d&#8217;\u00e8xit, que a m\u00e9s evitar\u00e0 problemes i temps al comprador. Ens comprometem a instal\u00b7lar el producte de manera c\u00f2moda per a tu, sense causar desperfectes i sense generar residus excessius.<\/p>\n<\/div><\/div><\/div><div class=\"w-separator size_medium\"><\/div><div class=\"w-iconbox iconpos_left style_default color_custom align_left\"><div class=\"w-iconbox-icon\" style=\"font-size:2rem;--icon-color:#000000;\"><i class=\"far fa-tint\"><\/i><\/div><div class=\"w-iconbox-meta\"><h4 class=\"w-iconbox-title\">Neteja<\/h4><div class=\"w-iconbox-text\"><p>Per con\u00e8ixer com mantenir les estructures i panells Kauma, t&#8217;invitem a consultar el Manual d&#8217;\u00das i Manteniment. Aquestes indicacions, a m\u00e9s, te les lliurar\u00e0 personalment l&#8217;instal\u00b7lador Kauma un cop col\u00b7locat el producte.<\/p>\n<\/div><\/div><\/div><\/div><\/div><\/div><div class=\"vc_col-sm-3 wpb_column vc_column_container\"><div class=\"vc_column-inner\"><div class=\"wpb_wrapper\"><div class=\"w-iconbox iconpos_left style_default color_custom align_left\"><div class=\"w-iconbox-icon\" style=\"font-size:2rem;--icon-color:#000000;\"><i class=\"far fa-shield-check\"><\/i><\/div><div class=\"w-iconbox-meta\"><h4 class=\"w-iconbox-title\">Garantia<\/h4><div class=\"w-iconbox-text\"><p>Les estructures de Kauma, aix\u00ed com els panells de vidre o de qualsevol altre material, tenen una garantia de 2 anys des de la data d&#8217;instal\u00b7laci\u00f3. No obstant aix\u00f2, al tractar-se de materials diferents, cadascun d&#8217;ells pot presentar condicions especials de cobertura en el termini de 5 anys despr\u00e9s de la instal\u00b7laci\u00f3. Et recomanem que consultis la nostra Pol\u00edtica de Garantia.<\/p>\n<\/div><\/div><\/div><div class=\"w-separator size_medium\"><\/div><div class=\"w-iconbox iconpos_left style_default color_custom align_left\"><div class=\"w-iconbox-icon\" style=\"font-size:2rem;--icon-color:#000000;\"><i class=\"far fa-pencil-ruler\"><\/i><\/div><div class=\"w-iconbox-meta\"><h4 class=\"w-iconbox-title\">Relaxat i despreocupat<\/h4><div class=\"w-iconbox-text\"><p>Dissenyem els nostres productes per oferir-te el m\u00e0xim confort any rere any. Treballem per atendre les teves necessitats en qualsevol moment i, en cas que sigui necessari, el nostre departament t\u00e8cnic s&#8217;ocupar\u00e0 de qualsevol incid\u00e8ncia perqu\u00e8 tu nom\u00e9s hagis de preocupar-te de viure tranquil i protegit per Kauma. Aqu\u00ed ens trobar\u00e0s sempre.<\/p>\n<\/div><\/div><\/div><\/div><\/div><\/div><div class=\"vc_col-sm-3 wpb_column vc_column_container\"><div class=\"vc_column-inner\"><div class=\"wpb_wrapper\"><\/div><\/div><\/div><\/div><\/div><\/div><\/div><\/div><\/div><\/div><\/div><\/div><\/div><\/div><\/section>\n","protected":false},"excerpt":{"rendered":"ServeisInforma&#039;t de tots els nostres serveis.Dissenya el teu espaiPosa&#039;t en marxaTerminis de lliuramentInstal\u00b7laci\u00f3 i assist\u00e8nciaDissenya el teu espaiDISSENYA EL TEU ESPAINo tots els espais s\u00f3n iguals, per aix\u00f2 trobarem la soluci\u00f3 ideal per a tu.Amb una experi\u00e8ncia de m\u00e9s de 30 anys podem oferir-te el millor assessorament contemplant les diferents possibilitats i la millor relaci\u00f3...","protected":false},"author":8,"featured_media":0,"parent":0,"menu_order":0,"comment_status":"closed","ping_status":"closed","template":"","meta":{"_acf_changed":false,"rank_math_title":"","rank_math_description":"","rank_math_focus_keyword":"","rank_math_robots":null,"rank_math_canonical_url":"","rank_math_seo_score":"","rank_math_pillar_content":"","rank_math_advanced_robots":"","rank_math_facebook_title":"","rank_math_facebook_description":"","rank_math_facebook_image":"","rank_math_twitter_title":"","rank_math_twitter_description":"","rank_math_twitter_image":"","rank_math_twitter_card_type":"","rank_math_breadcrumb_title":"","rank_math_schema_Article":"","rank_math_schema_Book":"","rank_math_schema_Course":"","rank_math_schema_Dataset":"","rank_math_schema_Event":"","rank_math_schema_FAQPage":"","rank_math_schema_FactCheck":"","rank_math_schema_HowTo":"","rank_math_schema_JobPosting":"","rank_math_schema_Movie":"","rank_math_schema_MusicRecording":"","rank_math_schema_Person":"","rank_math_schema_Product":"","rank_math_schema_Recipe":"","rank_math_schema_Restaurant":"","rank_math_schema_Service":"","rank_math_schema_SoftwareApplication":"","rank_math_schema_VideoObject":"","rank_math_schema_WooCommerceProduct":"","rank_math_schema_MedicalProcedure":"","footnotes":""},"class_list":["post-26909","page","type-page","status-publish","hentry"],"acf":[],"_links":{"self":[{"href":"https:\/\/kauma.es\/ca\/wp-json\/wp\/v2\/pages\/26909","targetHints":{"allow":["GET"]}}],"collection":[{"href":"https:\/\/kauma.es\/ca\/wp-json\/wp\/v2\/pages"}],"about":[{"href":"https:\/\/kauma.es\/ca\/wp-json\/wp\/v2\/types\/page"}],"author":[{"embeddable":true,"href":"https:\/\/kauma.es\/ca\/wp-json\/wp\/v2\/users\/8"}],"replies":[{"embeddable":true,"href":"https:\/\/kauma.es\/ca\/wp-json\/wp\/v2\/comments?post=26909"}],"version-history":[{"count":0,"href":"https:\/\/kauma.es\/ca\/wp-json\/wp\/v2\/pages\/26909\/revisions"}],"wp:attachment":[{"href":"https:\/\/kauma.es\/ca\/wp-json\/wp\/v2\/media?parent=26909"}],"curies":[{"name":"wp","href":"https:\/\/api.w.org\/{rel}","templated":true}]}}