{"id":25025,"date":"2024-08-21T12:42:06","date_gmt":"2024-08-21T10:42:06","guid":{"rendered":"https:\/\/dev.kauma.es\/request-a-quote\/"},"modified":"2025-04-10T18:46:30","modified_gmt":"2025-04-10T16:46:30","slug":"request-a-quote","status":"publish","type":"page","link":"https:\/\/kauma.es\/en\/request-a-quote\/","title":{"rendered":"Request a quote"},"content":{"rendered":"<section class=\"l-section wpb_row height_auto full_height valign_top color_alternate with_slider\"><div class=\"l-section-slider\"><div class=\"w-slider style_none fit_cover nav_none count_3\"><div class=\"w-slider-h\" aria-hidden=\"true\"><div class=\"royalSlider\"><div class=\"rsContent\"><a class=\"rsImg\" data-rsw=\"1619\" data-rsh=\"1080\" href=\"https:\/\/kauma.es\/wp-content\/uploads\/2024\/07\/Imagen-Pergolas-bioclimaticas-slider1.jpg\"><span data-alt=\"\"><\/span><\/a><\/div><div class=\"rsContent\"><a class=\"rsImg\" data-rsw=\"1619\" data-rsh=\"1080\" href=\"https:\/\/kauma.es\/wp-content\/uploads\/2024\/07\/Imagen-Pergolas-bioclimaticas-slider2.jpg\"><span data-alt=\"\"><\/span><\/a><\/div><div class=\"rsContent\"><a class=\"rsImg\" data-rsw=\"1619\" data-rsh=\"1080\" href=\"https:\/\/kauma.es\/wp-content\/uploads\/2024\/07\/Imagen-Pergolas-bioclimaticas-slider3.jpg\"><span data-alt=\"\"><\/span><\/a><\/div><\/div><img decoding=\"async\" src=\"https:\/\/kauma.es\/wp-content\/uploads\/2024\/07\/Imagen-Pergolas-bioclimaticas-slider1.jpg\" width=\"1619\" height=\"1080\" alt loading=\"lazy\"><\/div><div class=\"w-slider-json\" onclick='return {&quot;autoScaleSlider&quot;:true,&quot;addActiveClass&quot;:true,&quot;loop&quot;:true,&quot;fadeInLoadedSlide&quot;:false,&quot;slidesSpacing&quot;:0,&quot;imageScalePadding&quot;:0,&quot;numImagesToPreload&quot;:2,&quot;arrowsNav&quot;:false,&quot;arrowsNavAutoHide&quot;:false,&quot;transitionType&quot;:&quot;move&quot;,&quot;transitionSpeed&quot;:1000,&quot;block&quot;:{&quot;moveEffect&quot;:&quot;none&quot;,&quot;speed&quot;:300},&quot;thumbs&quot;:{&quot;fitInViewport&quot;:false,&quot;firstMargin&quot;:false,&quot;spacing&quot;:4},&quot;controlNavigation&quot;:&quot;none&quot;,&quot;autoplay&quot;:{&quot;enabled&quot;:true,&quot;pauseOnHover&quot;:false,&quot;delay&quot;:3000},&quot;autoScaleSliderWidth&quot;:1619,&quot;autoScaleSliderHeight&quot;:1080}'><\/div><\/div><\/div><div class=\"l-section-h i-cf\"><div class=\"g-cols vc_row via_flex valign_top type_default stacking_default\"><div class=\"vc_col-sm-12 wpb_column vc_column_container\"><div class=\"vc_column-inner\"><div class=\"wpb_wrapper\"><h2 class=\"w-text\"><span class=\"w-text-h\"><span class=\"w-text-value\">Request a quote without commitment.<\/span><\/span><\/h2><div class=\"w-separator size_medium\"><\/div><div class=\"w-hwrapper valign_top align_none\" style=\"--hwrapper-gap:1.2rem\"><div class=\"w-btn-wrapper align_left\"><a class=\"w-btn us-btn-style_4 icon-rotate icon_atright\" href=\"#formulario-presupuesto\"><span class=\"w-btn-label\">Quote form<\/span><i class=\"fas fa-caret-right\"><\/i><\/a><\/div><\/div><\/div><\/div><\/div><\/div><\/div><\/section><section class=\"l-section wpb_row height_auto\"><div class=\"l-section-h i-cf\"><div class=\"g-cols vc_row via_flex valign_top type_default stacking_default\"><div class=\"vc_col-sm-6 wpb_column vc_column_container\"><div class=\"vc_column-inner\"><div class=\"wpb_wrapper\"><div class=\"w-text\"><span class=\"w-text-h\"><span class=\"w-text-value\">REQUEST QUOTE<\/span><\/span><\/div><div class=\"w-separator size_medium\"><\/div><h3 class=\"w-text us_custom_83857763\"><span class=\"w-text-h\"><span class=\"w-text-value\">One step from enjoying life outdoors<\/span><\/span><\/h3><\/div><\/div><\/div><div class=\"vc_col-sm-6 wpb_column vc_column_container\"><div class=\"vc_column-inner\"><div class=\"wpb_wrapper\"><div class=\"wpb_text_column us_custom_0033d580\"><div class=\"wpb_wrapper\"><p>Have you defined what your project will be like? Are you still in the prospective phase and looking for advice? Send us your query or request through this form and we will contact you.<\/p>\n<\/div><\/div><\/div><\/div><\/div><\/div><\/div><\/section><section class=\"l-section wpb_row height_auto\" id=\"formulario-presupuesto\"><div class=\"l-section-h i-cf\"><div class=\"g-cols vc_row via_flex valign_top type_default stacking_default\"><div class=\"vc_col-sm-12 wpb_column vc_column_container\"><div class=\"vc_column-inner\"><div class=\"wpb_wrapper\">\n<div class=\"wpcf7 no-js\" id=\"wpcf7-f27211-o1\" lang=\"en-US\" dir=\"ltr\" data-wpcf7-id=\"27211\">\n<div class=\"screen-reader-response\"><p role=\"status\" aria-live=\"polite\" aria-atomic=\"true\"><\/p> <ul><\/ul><\/div>\n<form action=\"\/en\/wp-json\/wp\/v2\/pages\/25025#wpcf7-f27211-o1\" method=\"post\" class=\"wpcf7-form init\" aria-label=\"Contact form\" novalidate=\"novalidate\" data-status=\"init\">\n<fieldset class=\"hidden-fields-container\"><input type=\"hidden\" name=\"_wpcf7\" value=\"27211\" \/><input type=\"hidden\" name=\"_wpcf7_version\" value=\"6.1.5\" \/><input type=\"hidden\" name=\"_wpcf7_locale\" value=\"en_US\" \/><input type=\"hidden\" name=\"_wpcf7_unit_tag\" value=\"wpcf7-f27211-o1\" \/><input type=\"hidden\" name=\"_wpcf7_container_post\" value=\"0\" \/><input type=\"hidden\" name=\"_wpcf7_posted_data_hash\" value=\"\" \/><input type=\"hidden\" name=\"_wpcf7_recaptcha_response\" value=\"\" \/>\n<\/fieldset>\n<div class=\"cf-container\">\n\t<div class=\"cf-col-4\">\n\t\t<p><span class=\"wpcf7-form-control-wrap\" data-name=\"Nombre\"><input size=\"40\" maxlength=\"400\" class=\"wpcf7-form-control wpcf7-text wpcf7-validates-as-required\" aria-required=\"true\" aria-invalid=\"false\" placeholder=\"Name\" value=\"\" type=\"text\" name=\"Nombre\" \/><\/span>\n\t\t<\/p>\n\t<\/div>\n\t<div class=\"cf-col-4\">\n\t\t<p><span class=\"wpcf7-form-control-wrap\" data-name=\"Apellido\"><input size=\"40\" maxlength=\"400\" class=\"wpcf7-form-control wpcf7-text wpcf7-validates-as-required\" aria-required=\"true\" aria-invalid=\"false\" placeholder=\"Last name\" value=\"\" type=\"text\" name=\"Apellido\" \/><\/span>\n\t\t<\/p>\n\t<\/div>\n\t<div class=\"cf-col-4\">\n\t\t<p><span class=\"wpcf7-form-control-wrap\" data-name=\"email-870\"><input size=\"40\" maxlength=\"400\" class=\"wpcf7-form-control wpcf7-email wpcf7-validates-as-required wpcf7-text wpcf7-validates-as-email\" aria-required=\"true\" aria-invalid=\"false\" placeholder=\"Email\" value=\"\" type=\"email\" name=\"email-870\" \/><\/span>\n\t\t<\/p>\n\t<\/div>\n\t<div class=\"cf-col-4\">\n\t\t<p><span class=\"wpcf7-form-control-wrap\" data-name=\"Telefono\"><input size=\"40\" maxlength=\"400\" class=\"wpcf7-form-control wpcf7-text wpcf7-validates-as-required\" aria-required=\"true\" aria-invalid=\"false\" placeholder=\"Phone\" value=\"\" type=\"text\" name=\"Telefono\" \/><\/span>\n\t\t<\/p>\n\t<\/div>\n\t<div class=\"cf-col-4\">\n\t\t<p><span class=\"wpcf7-form-control-wrap\" data-name=\"Pais\"><select class=\"wpcf7-form-control wpcf7-select wpcf7-validates-as-required\" aria-required=\"true\" aria-invalid=\"false\" name=\"Pais\"><option value=\"\">Country<\/option><option value=\"Afganist\u00e1n\">Afganist\u00e1n<\/option><option value=\"Albania\">Albania<\/option><option value=\"Alemania\">Alemania<\/option><option value=\"Andorra\">Andorra<\/option><option value=\"Angola\">Angola<\/option><option value=\"Antigua y Barbuda\">Antigua y Barbuda<\/option><option value=\"Arabia Saudita\">Arabia Saudita<\/option><option value=\"Argelia\">Argelia<\/option><option value=\"Argentina\">Argentina<\/option><option value=\"Armenia\">Armenia<\/option><option value=\"Australia\">Australia<\/option><option value=\"Austria\">Austria<\/option><option value=\"Azerbaiy\u00e1n\">Azerbaiy\u00e1n<\/option><option value=\"Bahamas\">Bahamas<\/option><option value=\"Banglad\u00e9s\">Banglad\u00e9s<\/option><option value=\"Barbados\">Barbados<\/option><option value=\"Bar\u00e9in\">Bar\u00e9in<\/option><option value=\"B\u00e9lgica\">B\u00e9lgica<\/option><option value=\"Belice\">Belice<\/option><option value=\"Ben\u00edn\">Ben\u00edn<\/option><option value=\"Bielorrusia\">Bielorrusia<\/option><option value=\"Birmania (Myanmar)\">Birmania (Myanmar)<\/option><option value=\"Bolivia\">Bolivia<\/option><option value=\"Bosnia y Herzegovina\">Bosnia y Herzegovina<\/option><option value=\"Botsuana\">Botsuana<\/option><option value=\"Brasil\">Brasil<\/option><option value=\"Brun\u00e9i\">Brun\u00e9i<\/option><option value=\"Bulgaria\">Bulgaria<\/option><option value=\"Burkina Faso\">Burkina Faso<\/option><option value=\"Burundi\">Burundi<\/option><option value=\"But\u00e1n\">But\u00e1n<\/option><option value=\"Cabo Verde\">Cabo Verde<\/option><option value=\"Camboya\">Camboya<\/option><option value=\"Camer\u00fan\">Camer\u00fan<\/option><option value=\"Canad\u00e1\">Canad\u00e1<\/option><option value=\"Catar\">Catar<\/option><option value=\"Chad\">Chad<\/option><option value=\"Chile\">Chile<\/option><option value=\"China\">China<\/option><option value=\"Chipre\">Chipre<\/option><option value=\"Colombia\">Colombia<\/option><option value=\"Comoras\">Comoras<\/option><option value=\"Corea del Norte\">Corea del Norte<\/option><option value=\"Corea del Sur\">Corea del Sur<\/option><option value=\"Costa de Marfil\">Costa de Marfil<\/option><option value=\"Costa Rica\">Costa Rica<\/option><option value=\"Croacia\">Croacia<\/option><option value=\"Cuba\">Cuba<\/option><option value=\"Dinamarca\">Dinamarca<\/option><option value=\"Dominica\">Dominica<\/option><option value=\"Ecuador\">Ecuador<\/option><option value=\"Egipto\">Egipto<\/option><option value=\"El Salvador\">El Salvador<\/option><option value=\"Emiratos \u00c1rabes Unidos\">Emiratos \u00c1rabes Unidos<\/option><option value=\"Eritrea\">Eritrea<\/option><option value=\"Eslovaquia\">Eslovaquia<\/option><option value=\"Eslovenia\">Eslovenia<\/option><option value=\"Espa\u00f1a\">Espa\u00f1a<\/option><option value=\"Estados Unidos\">Estados Unidos<\/option><option value=\"Estonia\">Estonia<\/option><option value=\"Esuatini (Suazilandia)\">Esuatini (Suazilandia)<\/option><option value=\"Etiop\u00eda\">Etiop\u00eda<\/option><option value=\"Fiyi\">Fiyi<\/option><option value=\"Filipinas\">Filipinas<\/option><option value=\"Finlandia\">Finlandia<\/option><option value=\"Francia\">Francia<\/option><option value=\"Gab\u00f3n\">Gab\u00f3n<\/option><option value=\"Gambia\">Gambia<\/option><option value=\"Georgia\">Georgia<\/option><option value=\"Ghana\">Ghana<\/option><option value=\"Granada\">Granada<\/option><option value=\"Grecia\">Grecia<\/option><option value=\"Guatemala\">Guatemala<\/option><option value=\"Guinea\">Guinea<\/option><option value=\"Guinea-Bis\u00e1u\">Guinea-Bis\u00e1u<\/option><option value=\"Guinea Ecuatorial\">Guinea Ecuatorial<\/option><option value=\"Guyana\">Guyana<\/option><option value=\"Hait\u00ed\">Hait\u00ed<\/option><option value=\"Honduras\">Honduras<\/option><option value=\"Hungr\u00eda\">Hungr\u00eda<\/option><option value=\"India\">India<\/option><option value=\"Indonesia\">Indonesia<\/option><option value=\"Irak\">Irak<\/option><option value=\"Ir\u00e1n\">Ir\u00e1n<\/option><option value=\"Irlanda\">Irlanda<\/option><option value=\"Islandia\">Islandia<\/option><option value=\"Islas Marshall\">Islas Marshall<\/option><option value=\"Islas Salom\u00f3n\">Islas Salom\u00f3n<\/option><option value=\"Israel\">Israel<\/option><option value=\"Italia\">Italia<\/option><option value=\"Jamaica\">Jamaica<\/option><option value=\"Jap\u00f3n\">Jap\u00f3n<\/option><option value=\"Jordania\">Jordania<\/option><option value=\"Kazajist\u00e1n\">Kazajist\u00e1n<\/option><option value=\"Kenia\">Kenia<\/option><option value=\"Kirguist\u00e1n\">Kirguist\u00e1n<\/option><option value=\"Kiribati\">Kiribati<\/option><option value=\"Kosovo\">Kosovo<\/option><option value=\"Kuwait\">Kuwait<\/option><option value=\"Laos\">Laos<\/option><option value=\"Lesoto\">Lesoto<\/option><option value=\"Letonia\">Letonia<\/option><option value=\"L\u00edbano\">L\u00edbano<\/option><option value=\"Liberia\">Liberia<\/option><option value=\"Libia\">Libia<\/option><option value=\"Liechtenstein\">Liechtenstein<\/option><option value=\"Lituania\">Lituania<\/option><option value=\"Luxemburgo\">Luxemburgo<\/option><option value=\"Macedonia del Norte\">Macedonia del Norte<\/option><option value=\"Madagascar\">Madagascar<\/option><option value=\"Malasia\">Malasia<\/option><option value=\"Malaui\">Malaui<\/option><option value=\"Maldivas\">Maldivas<\/option><option value=\"Mali\">Mali<\/option><option value=\"Malta\">Malta<\/option><option value=\"Marruecos\">Marruecos<\/option><option value=\"Mauricio\">Mauricio<\/option><option value=\"Mauritania\">Mauritania<\/option><option value=\"M\u00e9xico\">M\u00e9xico<\/option><option value=\"Micronesia\">Micronesia<\/option><option value=\"Moldavia\">Moldavia<\/option><option value=\"M\u00f3naco\">M\u00f3naco<\/option><option value=\"Mongolia\">Mongolia<\/option><option value=\"Montenegro\">Montenegro<\/option><option value=\"Mozambique\">Mozambique<\/option><option value=\"Namibia\">Namibia<\/option><option value=\"Nauru\">Nauru<\/option><option value=\"Nepal\">Nepal<\/option><option value=\"Nicaragua\">Nicaragua<\/option><option value=\"N\u00edger\">N\u00edger<\/option><option value=\"Nigeria\">Nigeria<\/option><option value=\"Noruega\">Noruega<\/option><option value=\"Nueva Zelanda\">Nueva Zelanda<\/option><option value=\"Om\u00e1n\">Om\u00e1n<\/option><option value=\"Pa\u00edses Bajos\">Pa\u00edses Bajos<\/option><option value=\"Pakist\u00e1n\">Pakist\u00e1n<\/option><option value=\"Palaos\">Palaos<\/option><option value=\"Panam\u00e1\">Panam\u00e1<\/option><option value=\"Pap\u00faa Nueva Guinea\">Pap\u00faa Nueva Guinea<\/option><option value=\"Paraguay\">Paraguay<\/option><option value=\"Per\u00fa\">Per\u00fa<\/option><option value=\"Polonia\">Polonia<\/option><option value=\"Portugal\">Portugal<\/option><option value=\"Reino Unido\">Reino Unido<\/option><option value=\"Rep\u00fablica Centroafricana\">Rep\u00fablica Centroafricana<\/option><option value=\"Rep\u00fablica Checa\">Rep\u00fablica Checa<\/option><option value=\"Rep\u00fablica del Congo\">Rep\u00fablica del Congo<\/option><option value=\"Rep\u00fablica Democr\u00e1tica del Congo\">Rep\u00fablica Democr\u00e1tica del Congo<\/option><option value=\"Rep\u00fablica Dominicana\">Rep\u00fablica Dominicana<\/option><option value=\"Ruanda\">Ruanda<\/option><option value=\"Ruman\u00eda\">Ruman\u00eda<\/option><option value=\"Rusia\">Rusia<\/option><option value=\"Samoa\">Samoa<\/option><option value=\"San Crist\u00f3bal y Nieves\">San Crist\u00f3bal y Nieves<\/option><option value=\"San Marino\">San Marino<\/option><option value=\"San Vicente y las Granadinas\">San Vicente y las Granadinas<\/option><option value=\"Santa Luc\u00eda\">Santa Luc\u00eda<\/option><option value=\"Santo Tom\u00e9 y Pr\u00edncipe\">Santo Tom\u00e9 y Pr\u00edncipe<\/option><option value=\"Senegal\">Senegal<\/option><option value=\"Serbia\">Serbia<\/option><option value=\"Seychelles\">Seychelles<\/option><option value=\"Sierra Leona\">Sierra Leona<\/option><option value=\"Singapur\">Singapur<\/option><option value=\"Siria\">Siria<\/option><option value=\"Somalia\">Somalia<\/option><option value=\"Sri Lanka\">Sri Lanka<\/option><option value=\"Sud\u00e1frica\">Sud\u00e1frica<\/option><option value=\"Sud\u00e1n\">Sud\u00e1n<\/option><option value=\"Sud\u00e1n del Sur\">Sud\u00e1n del Sur<\/option><option value=\"Suecia\">Suecia<\/option><option value=\"Suiza\">Suiza<\/option><option value=\"Surinam\">Surinam<\/option><option value=\"Tailandia\">Tailandia<\/option><option value=\"Tanzania\">Tanzania<\/option><option value=\"Tayikist\u00e1n\">Tayikist\u00e1n<\/option><option value=\"Timor Oriental\">Timor Oriental<\/option><option value=\"Togo\">Togo<\/option><option value=\"Tonga\">Tonga<\/option><option value=\"Trinidad y Tobago\">Trinidad y Tobago<\/option><option value=\"T\u00fanez\">T\u00fanez<\/option><option value=\"Turkmenist\u00e1n\">Turkmenist\u00e1n<\/option><option value=\"Turqu\u00eda\">Turqu\u00eda<\/option><option value=\"Tuvalu\">Tuvalu<\/option><option value=\"Ucrania\">Ucrania<\/option><option value=\"Uganda\">Uganda<\/option><option value=\"Uruguay\">Uruguay<\/option><option value=\"Uzbekist\u00e1n\">Uzbekist\u00e1n<\/option><option value=\"Vanuatu\">Vanuatu<\/option><option value=\"Venezuela\">Venezuela<\/option><option value=\"Vietnam\">Vietnam<\/option><option value=\"Yemen\">Yemen<\/option><option value=\"Yibuti\">Yibuti<\/option><option value=\"Zambia\">Zambia<\/option><option value=\"Zimbabue\">Zimbabue<\/option><\/select><\/span>\n\t\t<\/p>\n\t<\/div>\n\t<div class=\"cf-col-4\">\n\t\t<p><span class=\"wpcf7-form-control-wrap\" data-name=\"codigo-postal\"><input size=\"40\" maxlength=\"400\" class=\"wpcf7-form-control wpcf7-text wpcf7-validates-as-required\" aria-required=\"true\" aria-invalid=\"false\" placeholder=\"Postal code\" value=\"\" type=\"text\" name=\"codigo-postal\" \/><\/span>\n\t\t<\/p>\n\t<\/div>\n\t<div class=\"cf-col-4\">\n\t\t<p><span class=\"wpcf7-form-control-wrap\" data-name=\"Direccion\"><input size=\"40\" maxlength=\"400\" class=\"wpcf7-form-control wpcf7-text\" aria-invalid=\"false\" placeholder=\"address\" value=\"\" type=\"text\" name=\"Direccion\" \/><\/span>\n\t\t<\/p>\n\t<\/div>\n\t<div class=\"cf-col-4\">\n\t\t<p><span class=\"wpcf7-form-control-wrap\" data-name=\"Bloque-piso-escalera\"><input size=\"40\" maxlength=\"400\" class=\"wpcf7-form-control wpcf7-text\" aria-invalid=\"false\" placeholder=\"block, floor, stairwell...\" value=\"\" type=\"text\" name=\"Bloque-piso-escalera\" \/><\/span>\n\t\t<\/p>\n\t<\/div>\n\t<div class=\"cf-col-4\">\n\t\t<p><span class=\"wpcf7-form-control-wrap\" data-name=\"Soy\"><select class=\"wpcf7-form-control wpcf7-select wpcf7-validates-as-required\" aria-required=\"true\" aria-invalid=\"false\" name=\"Soy\"><option value=\"I am\">I am<\/option><option value=\"Private\">Private<\/option><option value=\"Hosputality\">Hosputality<\/option><option value=\"Retail\">Retail<\/option><option value=\"Installer\">Installer<\/option><option value=\"Distributor\">Distributor<\/option><option value=\"Architect\">Architect<\/option><option value=\"Interior designer&lt;br&gt;Decorator\">Interior designer&lt;br&gt;Decorator<\/option><\/select><\/span>\n\t\t<\/p>\n\t<\/div>\n\t<div class=\"cf-col-4\">\n\t\t<p><span class=\"wpcf7-form-control-wrap\" data-name=\"Empresa\"><input size=\"40\" maxlength=\"400\" class=\"wpcf7-form-control wpcf7-text\" aria-invalid=\"false\" placeholder=\"Company\" value=\"\" type=\"text\" name=\"Empresa\" \/><\/span>\n\t\t<\/p>\n\t<\/div>\n\t<div class=\"cf-col-4\">\n\t\t<p><span class=\"wpcf7-form-control-wrap\" data-name=\"nos-conoces-por\"><select class=\"wpcf7-form-control wpcf7-select wpcf7-validates-as-required\" aria-required=\"true\" aria-invalid=\"false\" name=\"nos-conoces-por\"><option value=\"How did you hear about us?\">How did you hear about us?<\/option><option value=\"It was recommended to me\">It was recommended to me<\/option><option value=\"Social media\">Social media<\/option><option value=\"Searching online\">Searching online<\/option><option value=\"Advertising\">Advertising<\/option><option value=\"Fair or exhibition\">Fair or exhibition<\/option><\/select><\/span>\n\t\t<\/p>\n\t<\/div>\n\t<div class=\"cf-col-8\">\n\t\t<p><span class=\"wpcf7-form-control-wrap\" data-name=\"Cuentanos\"><textarea cols=\"40\" rows=\"10\" maxlength=\"2000\" class=\"wpcf7-form-control wpcf7-textarea\" aria-invalid=\"false\" placeholder=\"Tell us more\" name=\"Cuentanos\"><\/textarea><\/span>\n\t\t<\/p>\n\t<\/div>\n\t<div class=\"checkbox-columns \">\n\n\n <!-- Columna 1: Cortinas de cristal -->\n\t\t<div class=\"cf-col-4\">\n\t\t\t<h5 class=\"column-title\">Glass curtains\n\t\t\t<\/h5>\n\t\t\t<p><label class=\"cf-checkbox\"><br \/>\n<input type=\"checkbox\" name=\"parallel150\" \/> Parallel 150<br \/>\n<\/label><br \/>\n<label class=\"cf-checkbox\"><br \/>\n<input type=\"checkbox\" name=\"pivotal250\" \/> Pivotal 250<br \/>\n<\/label><br \/>\n<label class=\"cf-checkbox\"><br \/>\n<input type=\"checkbox\" name=\"pivotal350\" \/> Pivotal 350<br \/>\n<\/label><br \/>\n<label class=\"cf-checkbox\"><br \/>\n<input type=\"checkbox\" name=\"gravital400\" \/> Gravital 400<br \/>\n<\/label>\n\t\t\t<\/p>\n\t\t<\/div>\n\n\n <!-- Columna 2: Sistema de techo -->\n\t\t<div class=\"cf-col-4\">\n\t\t\t<h5 class=\"column-title\">Glass ceilings\n\t\t\t<\/h5>\n\t\t\t<p><label class=\"cf-checkbox\"><br \/>\n<input type=\"checkbox\" name=\"tectum\" \/> Tectum<br \/>\n<\/label><br \/>\n<label class=\"cf-checkbox\"><br \/>\n<input type=\"checkbox\" name=\"tatic120\" \/> Tatic 120<br \/>\n<\/label><br \/>\n<label class=\"cf-checkbox\"><br \/>\n<input type=\"checkbox\" name=\"tende10\" \/> Tende 10<br \/>\n<\/label>\n\t\t\t<\/p>\n\t\t<\/div>\n\n\n <!-- Columna 3: P\u00e9rgola\/Paravientos -->\n\t\t<div class=\"cf-col-4\">\n\t\t\t<h5 class=\"column-title\">Pergolas\n\t\t\t<\/h5>\n\t\t\t<p><label class=\"cf-checkbox\"><br \/>\n<input type=\"checkbox\" name=\"nimbo\" \/> Nimbo<br \/>\n<\/label>\n\t\t\t<\/p>\n\t\t\t<h5 class=\"column-title\">Glass windbreaks\n\t\t\t<\/h5>\n\t\t\t<p><label class=\"cf-checkbox\"><br \/>\n<input type=\"checkbox\" name=\"aure\" \/> Aure<br \/>\n<\/label><br \/>\n<label class=\"cf-checkbox\"><br \/>\n<input type=\"checkbox\" name=\"extenda\" \/> Extenda<br \/>\n<\/label><br \/>\n<label class=\"cf-checkbox\"><br \/>\n<input type=\"checkbox\" name=\"plega\" \/> Plega<br \/>\n<\/label>\n\t\t\t<\/p>\n\t\t<\/div>\n\t<\/div>\n\t<div class=\"cf-col-12\">\n\t\t<p><span class=\"wpcf7-form-control-wrap\" data-name=\"upload-file-82\"><input size=\"40\" class=\"wpcf7-form-control wpcf7-drag-n-drop-file d-none\" aria-invalid=\"false\" type=\"file\" multiple=\"multiple\" data-name=\"upload-file-82\" data-id=\"27211\" data-version=\"free version 1.3.9.7\" accept=\".\" \/><\/span>\n\t\t<\/p>\n\t<\/div>\n\t<div class=\"cf-col-12 margin-bottom-acceptance\">\n\t\t<p><span class=\"wpcf7-form-control-wrap\" data-name=\"aceptacion-condiciones\"><span class=\"wpcf7-form-control wpcf7-acceptance\"><span class=\"wpcf7-list-item\"><label><input type=\"checkbox\" name=\"aceptacion-condiciones\" value=\"1\" aria-invalid=\"false\" \/><span class=\"wpcf7-list-item-label\">I accept the <a href=\"\/legal\/\">terms and conditions.<\/a><\/span><\/label><\/span><\/span><\/span>\n\t\t<\/p>\n\t<\/div>\n\t<div class=\"cf-col-12\">\n\t\t<p><span class=\"wpcf7-form-control-wrap\" data-name=\"newsletter\"><span class=\"wpcf7-form-control wpcf7-acceptance optional\"><span class=\"wpcf7-list-item\"><label><input type=\"checkbox\" name=\"newsletter\" value=\"1\" aria-invalid=\"false\" \/><span class=\"wpcf7-list-item-label\">Suscribirte a la newsletter.<\/span><\/label><\/span><\/span><\/span>\n\t\t<\/p>\n\t<\/div>\n\t<div class=\"cf-col-8\">\n\t\t<p><a href=\"\/legal\" class=\"btn-terms\">Leer t\u00e9rminos y condiciones \u25b8<\/a>\n\t\t<\/p>\n\t<\/div>\n<\/div>\n<p><input class=\"wpcf7-form-control wpcf7-submit has-spinner enviar-boton\" type=\"submit\" value=\"Send\" \/>\n<\/p><div class=\"wpcf7-response-output\" aria-hidden=\"true\"><\/div>\n<\/form>\n<\/div>\n<\/div><\/div><\/div><\/div><\/div><\/section>\n","protected":false},"excerpt":{"rendered":"Request a quote without commitment.Quote formREQUEST QUOTEOne step from enjoying life outdoorsHave you defined what your project will be like? Are you still in the prospective phase and looking for advice? Send us your query or request through this form and we will contact you. CountryAfganist\u00e1nAlbaniaAlemaniaAndorraAngolaAntigua y BarbudaArabia SauditaArgeliaArgentinaArmeniaAustraliaAustriaAzerbaiy\u00e1nBahamasBanglad\u00e9sBarbadosBar\u00e9inB\u00e9lgicaBeliceBen\u00ednBielorrusiaBirmania (Myanmar)BoliviaBosnia y HerzegovinaBotsuanaBrasilBrun\u00e9iBulgariaBurkina FasoBurundiBut\u00e1nCabo VerdeCamboyaCamer\u00fanCanad\u00e1CatarChadChileChinaChipreColombiaComorasCorea del...","protected":false},"author":8,"featured_media":0,"parent":0,"menu_order":0,"comment_status":"closed","ping_status":"closed","template":"","meta":{"_acf_changed":false,"rank_math_title":"","rank_math_description":"Request your personalized quote for glass enclosures, bioclimatic pergolas, and more terrace solutions.","rank_math_focus_keyword":"","rank_math_robots":null,"rank_math_canonical_url":"","rank_math_seo_score":"","rank_math_pillar_content":"","rank_math_advanced_robots":"","rank_math_facebook_title":"","rank_math_facebook_description":"","rank_math_facebook_image":"","rank_math_twitter_title":"","rank_math_twitter_description":"","rank_math_twitter_image":"","rank_math_twitter_card_type":"","rank_math_breadcrumb_title":"","rank_math_schema_Article":"","rank_math_schema_Book":"","rank_math_schema_Course":"","rank_math_schema_Dataset":"","rank_math_schema_Event":"","rank_math_schema_FAQPage":"","rank_math_schema_FactCheck":"","rank_math_schema_HowTo":"","rank_math_schema_JobPosting":"","rank_math_schema_Movie":"","rank_math_schema_MusicRecording":"","rank_math_schema_Person":"","rank_math_schema_Product":"","rank_math_schema_Recipe":"","rank_math_schema_Restaurant":"","rank_math_schema_Service":"","rank_math_schema_SoftwareApplication":"","rank_math_schema_VideoObject":"","rank_math_schema_WooCommerceProduct":"","rank_math_schema_MedicalProcedure":"","footnotes":""},"class_list":["post-25025","page","type-page","status-publish","hentry"],"acf":[],"_links":{"self":[{"href":"https:\/\/kauma.es\/en\/wp-json\/wp\/v2\/pages\/25025","targetHints":{"allow":["GET"]}}],"collection":[{"href":"https:\/\/kauma.es\/en\/wp-json\/wp\/v2\/pages"}],"about":[{"href":"https:\/\/kauma.es\/en\/wp-json\/wp\/v2\/types\/page"}],"author":[{"embeddable":true,"href":"https:\/\/kauma.es\/en\/wp-json\/wp\/v2\/users\/8"}],"replies":[{"embeddable":true,"href":"https:\/\/kauma.es\/en\/wp-json\/wp\/v2\/comments?post=25025"}],"version-history":[{"count":0,"href":"https:\/\/kauma.es\/en\/wp-json\/wp\/v2\/pages\/25025\/revisions"}],"wp:attachment":[{"href":"https:\/\/kauma.es\/en\/wp-json\/wp\/v2\/media?parent=25025"}],"curies":[{"name":"wp","href":"https:\/\/api.w.org\/{rel}","templated":true}]}}