{"id":24959,"date":"2024-07-26T12:23:14","date_gmt":"2024-07-26T10:23:14","guid":{"rendered":"https:\/\/dev.kauma.es\/entreprise\/"},"modified":"2025-04-10T12:05:29","modified_gmt":"2025-04-10T10:05:29","slug":"entreprise","status":"publish","type":"page","link":"https:\/\/kauma.es\/fr\/entreprise\/","title":{"rendered":"Entreprise"},"content":{"rendered":"<section class=\"l-section wpb_row height_auto full_height valign_center color_alternate with_slider\"><div class=\"l-section-slider\"><div class=\"w-slider style_none fit_cover nav_none count_1\"><div class=\"w-slider-h\" aria-hidden=\"true\"><div class=\"royalSlider\"><div class=\"rsContent\"><a class=\"rsImg\" data-rsw=\"1620\" data-rsh=\"1080\" href=\"https:\/\/kauma.es\/wp-content\/uploads\/2024\/10\/1-3.jpg\"><span data-alt=\"\"><\/span><\/a><\/div><\/div><img decoding=\"async\" src=\"https:\/\/kauma.es\/wp-content\/uploads\/2024\/10\/1-3.jpg\" width=\"1620\" height=\"1080\" alt loading=\"lazy\"><\/div><div class=\"w-slider-json\" onclick='return {&quot;autoScaleSlider&quot;:true,&quot;addActiveClass&quot;:true,&quot;loop&quot;:true,&quot;fadeInLoadedSlide&quot;:false,&quot;slidesSpacing&quot;:0,&quot;imageScalePadding&quot;:0,&quot;numImagesToPreload&quot;:2,&quot;arrowsNav&quot;:false,&quot;arrowsNavAutoHide&quot;:false,&quot;transitionType&quot;:&quot;move&quot;,&quot;transitionSpeed&quot;:1000,&quot;block&quot;:{&quot;moveEffect&quot;:&quot;none&quot;,&quot;speed&quot;:300},&quot;thumbs&quot;:{&quot;fitInViewport&quot;:false,&quot;firstMargin&quot;:false,&quot;spacing&quot;:4},&quot;controlNavigation&quot;:&quot;none&quot;,&quot;autoplay&quot;:{&quot;enabled&quot;:true,&quot;pauseOnHover&quot;:false,&quot;delay&quot;:3000},&quot;autoScaleSliderWidth&quot;:1620,&quot;autoScaleSliderHeight&quot;:1080}'><\/div><\/div><\/div><div class=\"l-section-overlay\" style=\"background:rgba(0,0,0,0.15)\"><\/div><div class=\"l-section-h i-cf\"><div class=\"g-cols vc_row via_flex valign_middle type_default stacking_default\"><div class=\"vc_col-sm-12 wpb_column vc_column_container\"><div class=\"vc_column-inner\"><div class=\"wpb_wrapper\"><h2 class=\"w-text\"><span class=\"w-text-h\"><span class=\"w-text-value\">Kauma.<br \/>\nThe natural connection<\/span><\/span><\/h2><div class=\"w-separator size_medium\"><\/div><div class=\"w-btn-wrapper align_left\"><a class=\"w-btn us-btn-style_4 icon-rotate icon_atright\" href=\"#empresa\"><span class=\"w-btn-label\">Rencontrez notre entreprise<\/span><i class=\"fas fa-caret-right\"><\/i><\/a><\/div><\/div><\/div><\/div><\/div><\/div><\/section><section class=\"l-section wpb_row us_custom_19737bc8 height_auto width_full\" id=\"empresa\"><div class=\"l-section-h i-cf\"><div class=\"g-cols vc_row via_flex valign_top type_default stacking_default\"><div class=\"vc_col-sm-12 wpb_column vc_column_container\"><div class=\"vc_column-inner\"><div class=\"wpb_wrapper\"><div class=\"w-tabs layout_hor style_simple3 switch_click has_scrolling\" style=\"--sections-title-size:1em\"><div class=\"w-tabs-list items_5 align_center\"><div class=\"w-tabs-list-h\"><button class=\"w-tabs-item active\" aria-controls=\"content-fa6c\" aria-expanded=\"false\"><span class=\"w-tabs-item-title\">Notre si\u00e9ge<\/span><\/button><button class=\"w-tabs-item\" aria-controls=\"content-p44f\" aria-expanded=\"false\"><span class=\"w-tabs-item-title\">Notre personnel<\/span><\/button><button class=\"w-tabs-item\" aria-controls=\"content-lbbd\" aria-expanded=\"false\"><span class=\"w-tabs-item-title\">Qualit\u00e9 garantie<\/span><\/button><button class=\"w-tabs-item\" aria-controls=\"content-h383\" aria-expanded=\"false\"><span class=\"w-tabs-item-title\">Kauma Lab<\/span><\/button><button class=\"w-tabs-item\" aria-controls=\"content-bb02\" aria-expanded=\"false\"><span class=\"w-tabs-item-title\">Respectueux<\/span><\/button><\/div><\/div><div class=\"w-tabs-sections titles-align_center icon_chevron cpos_right\"><div class=\"w-tabs-section no_indents active\" id=\"fa6c\"><button class=\"w-tabs-section-header active\" aria-controls=\"content-fa6c\" aria-expanded=\"true\"><div class=\"w-tabs-section-title\">Notre si\u00e9ge<\/div><div class=\"w-tabs-section-control\"><\/div><\/button><div  class=\"w-tabs-section-content\" id=\"content-fa6c\"><div class=\"w-tabs-section-content-h i-cf\"><div class=\"g-cols wpb_row via_flex valign_top type_default stacking_default\"><div class=\"vc_col-sm-12 wpb_column vc_column_container\"><div class=\"vc_column-inner\"><div class=\"wpb_wrapper\"><div class=\"w-separator size_custom with_line width_default thick_1 style_solid color_border align_center\" style=\"height:1px\"><div class=\"w-separator-h\"><\/div><\/div><\/div><\/div><\/div><\/div><div class=\"g-cols wpb_row us_custom_573f54b4 via_flex valign_top type_default stacking_default\"><div class=\"vc_col-sm-6 wpb_column vc_column_container\"><div class=\"vc_column-inner\"><div class=\"wpb_wrapper\"><div class=\"w-text\"><span class=\"w-text-h\"><span class=\"w-text-value\">NOTRE SI\u00c8GE CENTRAL<\/span><\/span><\/div><div class=\"w-separator size_medium\"><\/div><h3 class=\"w-text us_custom_83857763\"><span class=\"w-text-h\"><span class=\"w-text-value\">Zone de production: 9.620 m2&lt;br&gt;Bureau: 200 m2&lt;br&gt;Showroom: 200 m2<\/span><\/span><\/h3><\/div><\/div><\/div><div class=\"vc_col-sm-6 wpb_column vc_column_container\"><div class=\"vc_column-inner us_custom_5999c16a\"><div class=\"wpb_wrapper\"><div class=\"wpb_text_column us_custom_5999c16a\"><div class=\"wpb_wrapper\"><p>Nous disposons d\u2019un site de production de derni\u00e8re g\u00e9n\u00e9ration \u00e0 Lucena (Espagne) de 10.000m2. \u00c9quip\u00e9 avec des machines d\u2019usinage \u00e0 commande num\u00e9rique informatis\u00e9e, avec une plateforme de traitement et finition de superficies, un showroom et un software de gestion, conception production et logistique avanc\u00e9.<\/p>\n<\/div><\/div><\/div><\/div><\/div><\/div><div class=\"g-cols wpb_row us_custom_c70c97eb via_flex valign_top type_default stacking_default\"><div class=\"vc_col-sm-12 wpb_column vc_column_container\"><div class=\"vc_column-inner\"><div class=\"wpb_wrapper\"><div class=\"w-image us_custom_e15740ca align_center\"><div class=\"w-image-h\"><img decoding=\"async\" width=\"990\" height=\"606\" src=\"https:\/\/kauma.es\/wp-content\/uploads\/2024\/07\/Imagen-info1-sobre-nosotros-nuestra-sede1.jpg\" class=\"attachment-full size-full\" alt=\"\" loading=\"lazy\" srcset=\"https:\/\/kauma.es\/wp-content\/uploads\/2024\/07\/Imagen-info1-sobre-nosotros-nuestra-sede1.jpg 990w, https:\/\/kauma.es\/wp-content\/uploads\/2024\/07\/Imagen-info1-sobre-nosotros-nuestra-sede1-600x367.jpg 600w, https:\/\/kauma.es\/wp-content\/uploads\/2024\/07\/Imagen-info1-sobre-nosotros-nuestra-sede1-300x184.jpg 300w\" sizes=\"auto, (max-width: 990px) 100vw, 990px\" \/><\/div><\/div><\/div><\/div><\/div><\/div><\/div><\/div><\/div><div class=\"w-tabs-section no_indents\" id=\"p44f\"><button class=\"w-tabs-section-header\" aria-controls=\"content-p44f\" aria-expanded=\"false\"><div class=\"w-tabs-section-title\">Notre personnel<\/div><div class=\"w-tabs-section-control\"><\/div><\/button><div  class=\"w-tabs-section-content\" id=\"content-p44f\"><div class=\"w-tabs-section-content-h i-cf\"><div class=\"g-cols wpb_row via_flex valign_top type_default stacking_default\"><div class=\"vc_col-sm-12 wpb_column vc_column_container\"><div class=\"vc_column-inner\"><div class=\"wpb_wrapper\"><div class=\"w-separator size_custom with_line width_default thick_1 style_solid color_border align_center\" style=\"height:1px\"><div class=\"w-separator-h\"><\/div><\/div><\/div><\/div><\/div><\/div><div class=\"g-cols wpb_row us_custom_6d603292 via_flex valign_top type_default stacking_default\"><div class=\"vc_col-sm-6 wpb_column vc_column_container\"><div class=\"vc_column-inner\"><div class=\"wpb_wrapper\"><div class=\"w-text\"><span class=\"w-text-h\"><span class=\"w-text-value\">NOTRE PERSONNEL<\/span><\/span><\/div><div class=\"w-separator size_medium\"><\/div><h3 class=\"w-text us_custom_83857763\"><span class=\"w-text-h\"><span class=\"w-text-value\">L&#039;esprit de Kama naissance de notre peuple.<\/span><\/span><\/h3><\/div><\/div><\/div><div class=\"vc_col-sm-6 wpb_column vc_column_container\"><div class=\"vc_column-inner us_custom_5999c16a\"><div class=\"wpb_wrapper\"><div class=\"wpb_text_column us_custom_5999c16a\"><div class=\"wpb_wrapper\"><p>Kauma est une entreprise jeune, avec des inqui\u00e9tudes, ind\u00e9pendante et d\u2019avant-garde. Chaque jour, nous cr\u00e9ons des espaces confortables, en respectant l\u2019environnement. Nous faisons de notre mieux pour faire face \u00e0 de nouveaux d\u00e9fis, et nous c\u00e9l\u00e9brons ensemble le succ\u00e8s d\u2019une compagnie construite entre tous, avec le soutien de nos clients. Nous sommes une grande source d\u2019id\u00e9es innovantes qui donne solution \u00e0 n\u2019importe quel d\u00e9fi et nous am\u00e9liorons chaque ann\u00e9e.<\/p>\n<\/div><\/div><\/div><\/div><\/div><\/div><div class=\"g-cols wpb_row us_custom_c70c97eb via_flex valign_top type_default stacking_default\"><div class=\"vc_col-sm-12 wpb_column vc_column_container\"><div class=\"vc_column-inner\"><div class=\"wpb_wrapper\"><div class=\"w-image us_custom_e15740ca align_center\"><div class=\"w-image-h\"><img decoding=\"async\" width=\"990\" height=\"606\" src=\"https:\/\/kauma.es\/wp-content\/uploads\/2024\/07\/Imagen-info1-sobre-nosotros-nuestra-Gente1.jpeg\" class=\"attachment-full size-full\" alt=\"\" loading=\"lazy\" srcset=\"https:\/\/kauma.es\/wp-content\/uploads\/2024\/07\/Imagen-info1-sobre-nosotros-nuestra-Gente1.jpeg 990w, https:\/\/kauma.es\/wp-content\/uploads\/2024\/07\/Imagen-info1-sobre-nosotros-nuestra-Gente1-600x367.jpeg 600w, https:\/\/kauma.es\/wp-content\/uploads\/2024\/07\/Imagen-info1-sobre-nosotros-nuestra-Gente1-300x184.jpeg 300w\" sizes=\"auto, (max-width: 990px) 100vw, 990px\" \/><\/div><\/div><\/div><\/div><\/div><\/div><\/div><\/div><\/div><div class=\"w-tabs-section no_indents\" id=\"lbbd\"><button class=\"w-tabs-section-header\" aria-controls=\"content-lbbd\" aria-expanded=\"false\"><div class=\"w-tabs-section-title\">Qualit\u00e9 garantie<\/div><div class=\"w-tabs-section-control\"><\/div><\/button><div  class=\"w-tabs-section-content\" id=\"content-lbbd\"><div class=\"w-tabs-section-content-h i-cf\"><div class=\"g-cols wpb_row us_custom_887a049b via_flex valign_top type_default stacking_default\"><div class=\"vc_col-sm-12 wpb_column vc_column_container\"><div class=\"vc_column-inner\"><div class=\"wpb_wrapper\"><div class=\"w-separator size_custom with_line width_default thick_1 style_solid color_border align_center\" style=\"height:1px\"><div class=\"w-separator-h\"><\/div><\/div><\/div><\/div><\/div><\/div><div class=\"g-cols wpb_row us_custom_7cd4f94e via_flex valign_top type_default stacking_default\"><div class=\"vc_col-sm-6 wpb_column vc_column_container\"><div class=\"vc_column-inner\"><div class=\"wpb_wrapper\"><div class=\"w-text\"><span class=\"w-text-h\"><span class=\"w-text-value\">QUALIT\u00c9 GARANTIE<\/span><\/span><\/div><div class=\"w-separator size_medium\"><\/div><h3 class=\"w-text us_custom_83857763\"><span class=\"w-text-h\"><span class=\"w-text-value\">Qualit\u00e9 et s\u00e9curit\u00e9; l\u2019essentiel pour vous et pour Kauma.<\/span><\/span><\/h3><\/div><\/div><\/div><div class=\"vc_col-sm-6 wpb_column vc_column_container\"><div class=\"vc_column-inner us_custom_5999c16a\"><div class=\"wpb_wrapper\"><div class=\"wpb_text_column us_custom_5999c16a\"><div class=\"wpb_wrapper\"><p>La qualit\u00e9 de nos produits est un domaine d\u2019importance vitale. Nous soumettons nos brevets \u00e0 d\u2019exhaustifs contr\u00f4les de qualit\u00e9, effectu\u00e9s par des prestigieux organismes internationaux. En 2008 nous avons obtenu la certification ISO 9001 et nos produits ont le marquage CE. En outre nous r\u00e9alisons des essais et des preuves de vent, de force et de r\u00e9sistance de nos produits.<\/p>\n<\/div><\/div><\/div><\/div><\/div><\/div><div class=\"g-cols wpb_row us_custom_c70c97eb via_flex valign_top type_default stacking_default\"><div class=\"vc_col-sm-12 wpb_column vc_column_container\"><div class=\"vc_column-inner\"><div class=\"wpb_wrapper\"><div class=\"w-image us_custom_e15740ca align_center\"><div class=\"w-image-h\"><img decoding=\"async\" width=\"985\" height=\"606\" src=\"https:\/\/kauma.es\/wp-content\/uploads\/2024\/07\/Imagen-info1-sobre-nosotros-Calidad-avalada1.jpg\" class=\"attachment-full size-full\" alt=\"\" loading=\"lazy\" srcset=\"https:\/\/kauma.es\/wp-content\/uploads\/2024\/07\/Imagen-info1-sobre-nosotros-Calidad-avalada1.jpg 985w, https:\/\/kauma.es\/wp-content\/uploads\/2024\/07\/Imagen-info1-sobre-nosotros-Calidad-avalada1-600x369.jpg 600w, https:\/\/kauma.es\/wp-content\/uploads\/2024\/07\/Imagen-info1-sobre-nosotros-Calidad-avalada1-300x185.jpg 300w\" sizes=\"auto, (max-width: 985px) 100vw, 985px\" \/><\/div><\/div><\/div><\/div><\/div><\/div><\/div><\/div><\/div><div class=\"w-tabs-section no_indents\" id=\"h383\"><button class=\"w-tabs-section-header\" aria-controls=\"content-h383\" aria-expanded=\"false\"><div class=\"w-tabs-section-title\">Kauma Lab<\/div><div class=\"w-tabs-section-control\"><\/div><\/button><div  class=\"w-tabs-section-content\" id=\"content-h383\"><div class=\"w-tabs-section-content-h i-cf\"><div class=\"g-cols wpb_row us_custom_887a049b via_flex valign_top type_default stacking_default\"><div class=\"vc_col-sm-12 wpb_column vc_column_container\"><div class=\"vc_column-inner\"><div class=\"wpb_wrapper\"><div class=\"w-separator size_custom with_line width_default thick_1 style_solid color_border align_center\" style=\"height:1px\"><div class=\"w-separator-h\"><\/div><\/div><\/div><\/div><\/div><\/div><div class=\"g-cols wpb_row us_custom_7cd4f94e via_flex valign_top type_default stacking_default\"><div class=\"vc_col-sm-6 wpb_column vc_column_container\"><div class=\"vc_column-inner\"><div class=\"wpb_wrapper\"><div class=\"w-text\"><span class=\"w-text-h\"><span class=\"w-text-value\">KAUMA LAB<\/span><\/span><\/div><div class=\"w-separator size_medium\"><\/div><h3 class=\"w-text us_custom_83857763\"><span class=\"w-text-h\"><span class=\"w-text-value\">Du d\u00e9but jusqu\u2019\u00e0 la fin.<\/span><\/span><\/h3><\/div><\/div><\/div><div class=\"vc_col-sm-6 wpb_column vc_column_container\"><div class=\"vc_column-inner us_custom_5999c16a\"><div class=\"wpb_wrapper\"><div class=\"wpb_text_column us_custom_5999c16a\"><div class=\"wpb_wrapper\"><p>Kauma n\u00e9e d\u2019un processus \u00e9quilibr\u00e9 et cr\u00e9ative de conseil, \u00e9tude et conception de l\u2019espace. Notre large exp\u00e9rience fait que nous ayons de l\u2019harmonie entre la technique, l\u2019esth\u00e9tique et la qualit\u00e9 avec un seul principe : innovation avant-garde pour vous connecter de mani\u00e8re respectueuse avec la nature. Nous \u00e9tudions toutes vos n\u00e9cessit\u00e9es de mani\u00e8re personnalis\u00e9e, nous avons nos propres brevets con\u00e7us et nous fabriquons pour vous \u00e0 nos installations. Un processus du d\u00e9but jusqu\u2019\u00e0 la fin, pour que votre unique souci soit d\u2019activer votre mode relax connectant avec l\u2019ext\u00e9rieur.<\/p>\n<\/div><\/div><\/div><\/div><\/div><\/div><div class=\"g-cols wpb_row us_custom_c70c97eb via_flex valign_top type_default stacking_default\"><div class=\"vc_col-sm-12 wpb_column vc_column_container\"><div class=\"vc_column-inner\"><div class=\"wpb_wrapper\"><div class=\"w-image us_custom_e15740ca align_center\"><div class=\"w-image-h\"><img decoding=\"async\" width=\"985\" height=\"606\" src=\"https:\/\/kauma.es\/wp-content\/uploads\/2024\/07\/Imagen-info1-sobre-nosotros-Kauma-Lab1.jpg\" class=\"attachment-full size-full\" alt=\"\" loading=\"lazy\" srcset=\"https:\/\/kauma.es\/wp-content\/uploads\/2024\/07\/Imagen-info1-sobre-nosotros-Kauma-Lab1.jpg 985w, https:\/\/kauma.es\/wp-content\/uploads\/2024\/07\/Imagen-info1-sobre-nosotros-Kauma-Lab1-600x369.jpg 600w, https:\/\/kauma.es\/wp-content\/uploads\/2024\/07\/Imagen-info1-sobre-nosotros-Kauma-Lab1-300x185.jpg 300w\" sizes=\"auto, (max-width: 985px) 100vw, 985px\" \/><\/div><\/div><\/div><\/div><\/div><\/div><\/div><\/div><\/div><div class=\"w-tabs-section no_indents\" id=\"bb02\"><button class=\"w-tabs-section-header\" aria-controls=\"content-bb02\" aria-expanded=\"false\"><div class=\"w-tabs-section-title\">Respectueux<\/div><div class=\"w-tabs-section-control\"><\/div><\/button><div  class=\"w-tabs-section-content\" id=\"content-bb02\"><div class=\"w-tabs-section-content-h i-cf\"><div class=\"g-cols wpb_row us_custom_887a049b via_flex valign_top type_default stacking_default\"><div class=\"vc_col-sm-12 wpb_column vc_column_container\"><div class=\"vc_column-inner\"><div class=\"wpb_wrapper\"><div class=\"w-separator size_custom with_line width_default thick_1 style_solid color_border align_center\" style=\"height:1px\"><div class=\"w-separator-h\"><\/div><\/div><\/div><\/div><\/div><\/div><div class=\"g-cols wpb_row us_custom_7cd4f94e via_flex valign_top type_default stacking_default\"><div class=\"vc_col-sm-6 wpb_column vc_column_container\"><div class=\"vc_column-inner\"><div class=\"wpb_wrapper\"><div class=\"w-text\"><span class=\"w-text-h\"><span class=\"w-text-value\">RESPECTUEUX<\/span><\/span><\/div><div class=\"w-separator size_medium\"><\/div><h3 class=\"w-text us_custom_83857763\"><span class=\"w-text-h\"><span class=\"w-text-value\">\u00c0 pr\u00e9sent nous prenons soin de la nature du futur.<\/span><\/span><\/h3><\/div><\/div><\/div><div class=\"vc_col-sm-6 wpb_column vc_column_container\"><div class=\"vc_column-inner us_custom_5999c16a\"><div class=\"wpb_wrapper\"><div class=\"wpb_text_column us_custom_5999c16a\"><div class=\"wpb_wrapper\"><p>Notre engagement avec une production durable nous m\u00e8ne au recyclage du 100% de nos mat\u00e9riaux jetables, \u00e0 contr\u00f4ler les \u00e9missions pendant les processus de production et de logistique et \u00e0 poss\u00e9der une ferme solaire de 10.000m2. Avec les produits Kauma chez vous, vous contribuez \u00e0 une gestion de l\u2019\u00e9nergie plus efficace et \u00e0 r\u00e9duire l\u2019impact humain dans le milieu urbain.<\/p>\n<\/div><\/div><\/div><\/div><\/div><\/div><div class=\"g-cols wpb_row us_custom_c70c97eb via_flex valign_top type_default stacking_default\"><div class=\"vc_col-sm-12 wpb_column vc_column_container\"><div class=\"vc_column-inner\"><div class=\"wpb_wrapper\"><div class=\"w-image us_custom_e15740ca align_center\"><div class=\"w-image-h\"><img decoding=\"async\" width=\"985\" height=\"448\" src=\"https:\/\/kauma.es\/wp-content\/uploads\/2024\/07\/Imagen-info1-sobre-nosotros-Respetuosos1.jpg\" class=\"attachment-full size-full\" alt=\"\" loading=\"lazy\" srcset=\"https:\/\/kauma.es\/wp-content\/uploads\/2024\/07\/Imagen-info1-sobre-nosotros-Respetuosos1.jpg 985w, https:\/\/kauma.es\/wp-content\/uploads\/2024\/07\/Imagen-info1-sobre-nosotros-Respetuosos1-600x273.jpg 600w, https:\/\/kauma.es\/wp-content\/uploads\/2024\/07\/Imagen-info1-sobre-nosotros-Respetuosos1-300x136.jpg 300w\" sizes=\"auto, (max-width: 985px) 100vw, 985px\" \/><\/div><\/div><\/div><\/div><\/div><\/div><\/div><\/div><\/div><\/div><\/div><\/div><\/div><\/div><\/div><\/div><\/section>\n","protected":false},"excerpt":{"rendered":"Kauma. The natural connectionRencontrez notre entrepriseNotre si\u00e9geNotre personnelQualit\u00e9 garantieKauma LabRespectueuxNotre si\u00e9geNOTRE SI\u00c8GE CENTRALZone de production: 9.620 m2&lt;br&gt;Bureau: 200 m2&lt;br&gt;Showroom: 200 m2Nous disposons d\u2019un site de production de derni\u00e8re g\u00e9n\u00e9ration \u00e0 Lucena (Espagne) de 10.000m2. \u00c9quip\u00e9 avec des machines d\u2019usinage \u00e0 commande num\u00e9rique informatis\u00e9e, avec une plateforme de traitement et finition de superficies, un showroom et...","protected":false},"author":8,"featured_media":0,"parent":0,"menu_order":0,"comment_status":"closed","ping_status":"closed","template":"","meta":{"_acf_changed":false,"rank_math_title":"","rank_math_description":"","rank_math_focus_keyword":"","rank_math_robots":null,"rank_math_canonical_url":"","rank_math_seo_score":"","rank_math_pillar_content":"","rank_math_advanced_robots":"","rank_math_facebook_title":"","rank_math_facebook_description":"","rank_math_facebook_image":"","rank_math_twitter_title":"","rank_math_twitter_description":"","rank_math_twitter_image":"","rank_math_twitter_card_type":"","rank_math_breadcrumb_title":"","rank_math_schema_Article":"","rank_math_schema_Book":"","rank_math_schema_Course":"","rank_math_schema_Dataset":"","rank_math_schema_Event":"","rank_math_schema_FAQPage":"","rank_math_schema_FactCheck":"","rank_math_schema_HowTo":"","rank_math_schema_JobPosting":"","rank_math_schema_Movie":"","rank_math_schema_MusicRecording":"","rank_math_schema_Person":"","rank_math_schema_Product":"","rank_math_schema_Recipe":"","rank_math_schema_Restaurant":"","rank_math_schema_Service":"","rank_math_schema_SoftwareApplication":"","rank_math_schema_VideoObject":"","rank_math_schema_WooCommerceProduct":"","rank_math_schema_MedicalProcedure":"","footnotes":""},"class_list":["post-24959","page","type-page","status-publish","hentry"],"acf":[],"_links":{"self":[{"href":"https:\/\/kauma.es\/fr\/wp-json\/wp\/v2\/pages\/24959","targetHints":{"allow":["GET"]}}],"collection":[{"href":"https:\/\/kauma.es\/fr\/wp-json\/wp\/v2\/pages"}],"about":[{"href":"https:\/\/kauma.es\/fr\/wp-json\/wp\/v2\/types\/page"}],"author":[{"embeddable":true,"href":"https:\/\/kauma.es\/fr\/wp-json\/wp\/v2\/users\/8"}],"replies":[{"embeddable":true,"href":"https:\/\/kauma.es\/fr\/wp-json\/wp\/v2\/comments?post=24959"}],"version-history":[{"count":0,"href":"https:\/\/kauma.es\/fr\/wp-json\/wp\/v2\/pages\/24959\/revisions"}],"wp:attachment":[{"href":"https:\/\/kauma.es\/fr\/wp-json\/wp\/v2\/media?parent=24959"}],"curies":[{"name":"wp","href":"https:\/\/api.w.org\/{rel}","templated":true}]}}