{"id":25043,"date":"2025-03-17T11:21:15","date_gmt":"2025-03-17T10:21:15","guid":{"rendered":"https:\/\/dev.kauma.es\/subventions\/"},"modified":"2025-04-11T11:43:17","modified_gmt":"2025-04-11T09:43:17","slug":"subventions","status":"publish","type":"page","link":"https:\/\/kauma.es\/fr\/subventions\/","title":{"rendered":"Subventions"},"content":{"rendered":"<section class=\"l-section wpb_row height_large color_alternate with_slider\"><div class=\"l-section-slider\"><div class=\"w-slider style_none fit_cover nav_none count_1\"><div class=\"w-slider-h\" aria-hidden=\"true\"><div class=\"royalSlider\"><div class=\"rsContent\"><a class=\"rsImg\" data-rsw=\"1619\" data-rsh=\"1080\" href=\"https:\/\/kauma.es\/wp-content\/uploads\/2024\/07\/Imagen-Pergolas-bioclimaticas-slider1.jpg\"><span data-alt=\"\"><\/span><\/a><\/div><\/div><img decoding=\"async\" src=\"https:\/\/kauma.es\/wp-content\/uploads\/2024\/07\/Imagen-Pergolas-bioclimaticas-slider1.jpg\" width=\"1619\" height=\"1080\" alt loading=\"lazy\"><\/div><div class=\"w-slider-json\" onclick='return {&quot;autoScaleSlider&quot;:true,&quot;addActiveClass&quot;:true,&quot;loop&quot;:true,&quot;fadeInLoadedSlide&quot;:false,&quot;slidesSpacing&quot;:0,&quot;imageScalePadding&quot;:0,&quot;numImagesToPreload&quot;:2,&quot;arrowsNav&quot;:false,&quot;arrowsNavAutoHide&quot;:false,&quot;transitionType&quot;:&quot;fade&quot;,&quot;transitionSpeed&quot;:1000,&quot;block&quot;:{&quot;moveEffect&quot;:&quot;none&quot;,&quot;speed&quot;:300},&quot;thumbs&quot;:{&quot;fitInViewport&quot;:false,&quot;firstMargin&quot;:false,&quot;spacing&quot;:4},&quot;controlNavigation&quot;:&quot;none&quot;,&quot;autoplay&quot;:{&quot;enabled&quot;:true,&quot;pauseOnHover&quot;:false,&quot;delay&quot;:3000},&quot;autoScaleSliderWidth&quot;:1619,&quot;autoScaleSliderHeight&quot;:1080}'><\/div><\/div><\/div><div class=\"l-section-overlay\" style=\"background:rgba(0,0,0,0.15)\"><\/div><div class=\"l-section-h i-cf\"><div class=\"g-cols vc_row via_flex valign_top type_default stacking_default\"><div class=\"vc_col-sm-6 wpb_column vc_column_container\"><div class=\"vc_column-inner\"><div class=\"wpb_wrapper\"><h1 class=\"w-post-elm post_title align_left entry-title\">Subventions<\/h1><div class=\"w-separator size_medium\"><\/div><\/div><\/div><\/div><div class=\"vc_col-sm-6 wpb_column vc_column_container\"><div class=\"vc_column-inner\"><div class=\"wpb_wrapper\"><\/div><\/div><\/div><\/div><\/div><\/section><section class=\"l-section wpb_row us_custom_f58a0cb9 height_large width_full\"><div class=\"l-section-h i-cf\"><div class=\"g-cols vc_row via_flex valign_top type_default stacking_default\"><div class=\"vc_col-sm-12 wpb_column vc_column_container\"><div class=\"vc_column-inner\"><div class=\"wpb_wrapper\"><div class=\"g-cols wpb_row via_flex valign_top type_default stacking_default\"><div data-us-scroll=\"{&quot;from_initial_position&quot;:&quot;0&quot;,&quot;start_position&quot;:&quot;5%&quot;,&quot;end_position&quot;:&quot;50%&quot;,&quot;delay&quot;:&quot;0.1s&quot;}\" class=\"vc_col-sm-12 wpb_column vc_column_container has_scroll_effects\"><div class=\"vc_column-inner us_custom_a8936391\"><div class=\"wpb_wrapper\"><h2 class=\"w-text\"><span class=\"w-text-h\"><span class=\"w-text-value\">Fonds europ\u00e9en de d\u00e9veloppement r\u00e9gional (FEDER)<\/span><\/span><\/h2><div class=\"wpb_text_column us_custom_0033d580\"><div class=\"wpb_wrapper\"><p>Kauma Design, S.L. a particip\u00e9 au Programme d\u2019Initiation \u00e0 l\u2019Exportation ICEX Next, avec le soutien de l\u2019ICEX et le cofinancement de fonds europ\u00e9ens FEDER.<br \/>\nL\u2019objectif est de contribuer au d\u00e9veloppement international de l\u2019entreprise et de son environnement.<\/p>\n<p><span style=\"font-weight: 400;\">Un incitatif a \u00e9t\u00e9 re\u00e7u de l\u2019Agence andalouse pour l\u2019Innovation et le D\u00e9veloppement IDEA, relevant de la Junta de Andaluc\u00eda, pour un montant de 16 820,00 \u20ac, cofinanc\u00e9 \u00e0 80 % par l\u2019Union europ\u00e9enne \u00e0 travers le Fonds europ\u00e9en de d\u00e9veloppement r\u00e9gional (FEDER), pour la r\u00e9alisation du projet : \u00c9laboration d\u2019un plan de marketing digital visant \u00e0 renforcer le positionnement de la marque Kauma.<\/span><\/p>\n<\/div><\/div><\/div><\/div><\/div><\/div><\/div><\/div><\/div><\/div><\/div><\/section>\n","protected":false},"excerpt":{"rendered":"SubventionsFonds europ\u00e9en de d\u00e9veloppement r\u00e9gional (FEDER)Kauma Design, S.L. a particip\u00e9 au Programme d\u2019Initiation \u00e0 l\u2019Exportation ICEX Next, avec le soutien de l\u2019ICEX et le cofinancement de fonds europ\u00e9ens FEDER. L\u2019objectif est de contribuer au d\u00e9veloppement international de l\u2019entreprise et de son environnement. Un incitatif a \u00e9t\u00e9 re\u00e7u de l\u2019Agence andalouse pour l\u2019Innovation et le D\u00e9veloppement...","protected":false},"author":9,"featured_media":0,"parent":0,"menu_order":0,"comment_status":"closed","ping_status":"closed","template":"","meta":{"_acf_changed":false,"rank_math_title":"","rank_math_description":"","rank_math_focus_keyword":"","rank_math_robots":null,"rank_math_canonical_url":"","rank_math_seo_score":"","rank_math_pillar_content":"","rank_math_advanced_robots":"","rank_math_facebook_title":"","rank_math_facebook_description":"","rank_math_facebook_image":"","rank_math_twitter_title":"","rank_math_twitter_description":"","rank_math_twitter_image":"","rank_math_twitter_card_type":"","rank_math_breadcrumb_title":"","rank_math_schema_Article":"","rank_math_schema_Book":"","rank_math_schema_Course":"","rank_math_schema_Dataset":"","rank_math_schema_Event":"","rank_math_schema_FAQPage":"","rank_math_schema_FactCheck":"","rank_math_schema_HowTo":"","rank_math_schema_JobPosting":"","rank_math_schema_Movie":"","rank_math_schema_MusicRecording":"","rank_math_schema_Person":"","rank_math_schema_Product":"","rank_math_schema_Recipe":"","rank_math_schema_Restaurant":"","rank_math_schema_Service":"","rank_math_schema_SoftwareApplication":"","rank_math_schema_VideoObject":"","rank_math_schema_WooCommerceProduct":"","rank_math_schema_MedicalProcedure":"","footnotes":""},"class_list":["post-25043","page","type-page","status-publish","hentry"],"acf":[],"_links":{"self":[{"href":"https:\/\/kauma.es\/fr\/wp-json\/wp\/v2\/pages\/25043","targetHints":{"allow":["GET"]}}],"collection":[{"href":"https:\/\/kauma.es\/fr\/wp-json\/wp\/v2\/pages"}],"about":[{"href":"https:\/\/kauma.es\/fr\/wp-json\/wp\/v2\/types\/page"}],"author":[{"embeddable":true,"href":"https:\/\/kauma.es\/fr\/wp-json\/wp\/v2\/users\/9"}],"replies":[{"embeddable":true,"href":"https:\/\/kauma.es\/fr\/wp-json\/wp\/v2\/comments?post=25043"}],"version-history":[{"count":0,"href":"https:\/\/kauma.es\/fr\/wp-json\/wp\/v2\/pages\/25043\/revisions"}],"wp:attachment":[{"href":"https:\/\/kauma.es\/fr\/wp-json\/wp\/v2\/media?parent=25043"}],"curies":[{"name":"wp","href":"https:\/\/api.w.org\/{rel}","templated":true}]}}