{"id":26915,"date":"2024-08-01T09:01:45","date_gmt":"2024-08-01T07:01:45","guid":{"rendered":"https:\/\/kauma.es\/services\/"},"modified":"2025-04-30T15:10:43","modified_gmt":"2025-04-30T13:10:43","slug":"services","status":"publish","type":"page","link":"https:\/\/kauma.es\/fr\/services\/","title":{"rendered":"Services"},"content":{"rendered":"<section class=\"l-section wpb_row height_auto full_height valign_top color_alternate with_slider\"><div class=\"l-section-slider\"><div class=\"w-slider style_none fit_cover nav_none count_1\"><div class=\"w-slider-h\" aria-hidden=\"true\"><div class=\"royalSlider\"><div class=\"rsContent\"><a class=\"rsImg\" data-rsw=\"1650\" data-rsh=\"1008\" href=\"https:\/\/kauma.es\/wp-content\/uploads\/2024\/10\/1-1.jpg\"><span data-alt=\"\"><\/span><\/a><\/div><\/div><img decoding=\"async\" src=\"https:\/\/kauma.es\/wp-content\/uploads\/2024\/10\/1-1.jpg\" width=\"1650\" height=\"1008\" alt loading=\"lazy\"><\/div><div class=\"w-slider-json\" onclick='return {&quot;autoScaleSlider&quot;:true,&quot;addActiveClass&quot;:true,&quot;loop&quot;:true,&quot;fadeInLoadedSlide&quot;:false,&quot;slidesSpacing&quot;:0,&quot;imageScalePadding&quot;:0,&quot;numImagesToPreload&quot;:2,&quot;arrowsNav&quot;:false,&quot;arrowsNavAutoHide&quot;:false,&quot;transitionType&quot;:&quot;move&quot;,&quot;transitionSpeed&quot;:1000,&quot;block&quot;:{&quot;moveEffect&quot;:&quot;none&quot;,&quot;speed&quot;:300},&quot;thumbs&quot;:{&quot;fitInViewport&quot;:false,&quot;firstMargin&quot;:false,&quot;spacing&quot;:4},&quot;controlNavigation&quot;:&quot;none&quot;,&quot;autoplay&quot;:{&quot;enabled&quot;:true,&quot;pauseOnHover&quot;:false,&quot;delay&quot;:3000},&quot;autoScaleSliderWidth&quot;:1650,&quot;autoScaleSliderHeight&quot;:1008}'><\/div><\/div><\/div><div class=\"l-section-h i-cf\"><div class=\"g-cols vc_row via_flex valign_top type_default stacking_default\"><div class=\"vc_col-sm-12 wpb_column vc_column_container\"><div class=\"vc_column-inner\"><div class=\"wpb_wrapper\"><h2 class=\"w-post-elm post_title align_left entry-title\">Services<\/h2><div class=\"w-separator size_medium\"><\/div><div class=\"w-btn-wrapper align_left\"><a class=\"w-btn us-btn-style_4 icon-rotate icon_atright\" href=\"#servicios\"><span class=\"w-btn-label\">Renseignez-vous sur tous nos services.<\/span><i class=\"fas fa-caret-right\"><\/i><\/a><\/div><\/div><\/div><\/div><\/div><\/div><\/section><section class=\"l-section wpb_row us_custom_19737bc8 height_auto width_full\" id=\"servicios\"><div class=\"l-section-h i-cf\"><div class=\"g-cols vc_row via_flex valign_top type_default stacking_default\"><div class=\"vc_col-sm-12 wpb_column vc_column_container\"><div class=\"vc_column-inner\"><div class=\"wpb_wrapper\"><div class=\"w-tabs layout_hor style_simple3 switch_click has_scrolling\" style=\"--sections-title-size:1em\"><div class=\"w-tabs-list items_4 align_center\"><div class=\"w-tabs-list-h\"><button class=\"w-tabs-item active\" aria-controls=\"content-h4d9\" aria-expanded=\"false\"><span class=\"w-tabs-item-title\">CONCEVEZ VOTRE ESPACE<\/span><\/button><button class=\"w-tabs-item\" aria-controls=\"content-aae0\" aria-expanded=\"false\"><span class=\"w-tabs-item-title\">C\u00c9ST PARTI!<\/span><\/button><button class=\"w-tabs-item\" aria-controls=\"content-vf9b\" aria-expanded=\"false\"><span class=\"w-tabs-item-title\">D\u00c9LAIS ET LIVRAISON<\/span><\/button><button class=\"w-tabs-item\" aria-controls=\"content-c717\" aria-expanded=\"false\"><span class=\"w-tabs-item-title\">INSTALLATION ET ASSISTANCE<\/span><\/button><\/div><\/div><div class=\"w-tabs-sections titles-align_center icon_chevron cpos_right\"><div class=\"w-tabs-section no_indents active\" id=\"h4d9\"><button class=\"w-tabs-section-header active\" aria-controls=\"content-h4d9\" aria-expanded=\"true\"><div class=\"w-tabs-section-title\">CONCEVEZ VOTRE ESPACE<\/div><div class=\"w-tabs-section-control\"><\/div><\/button><div  class=\"w-tabs-section-content\" id=\"content-h4d9\"><div class=\"w-tabs-section-content-h i-cf\"><div class=\"g-cols wpb_row via_flex valign_top type_default stacking_default\"><div class=\"vc_col-sm-12 wpb_column vc_column_container\"><div class=\"vc_column-inner\"><div class=\"wpb_wrapper\"><div class=\"w-separator size_custom with_line width_default thick_1 style_solid color_border align_center\" style=\"height:1px\"><div class=\"w-separator-h\"><\/div><\/div><\/div><\/div><\/div><\/div><div class=\"g-cols wpb_row us_custom_573f54b4 via_flex valign_top type_default stacking_default\"><div class=\"vc_col-sm-6 wpb_column vc_column_container\"><div class=\"vc_column-inner\"><div class=\"wpb_wrapper\"><div class=\"w-text\"><span class=\"w-text-h\"><span class=\"w-text-value\">CONCEVEZ VOTRE ESPACE<\/span><\/span><\/div><div class=\"w-separator size_medium\"><\/div><h3 class=\"w-text us_custom_83857763\"><span class=\"w-text-h\"><span class=\"w-text-value\">Tous les espaces ne sont pas&lt;br&gt;identiques. C&#039;est pourquoi, nous parviendrons&lt;br&gt;\u00e0 la solution id\u00e9ale pour vous.<\/span><\/span><\/h3><\/div><\/div><\/div><div class=\"vc_col-sm-6 wpb_column vc_column_container\"><div class=\"vc_column-inner us_custom_5999c16a\"><div class=\"wpb_wrapper\"><div class=\"wpb_text_column us_custom_5999c16a\"><div class=\"wpb_wrapper\"><p>Forts d&rsquo;une exp\u00e9rience de plus de 30 ans, nous pouvons vous offrir les meilleurs conseils en envisageant les diff\u00e9rentes possibilit\u00e9s et le meilleur rapport qualit\u00e9-prix.<\/p>\n<\/div><\/div><\/div><\/div><\/div><\/div><div class=\"g-cols wpb_row us_custom_d30832b3 via_flex valign_top type_default stacking_default\"><div class=\"vc_col-sm-3 wpb_column vc_column_container\"><div class=\"vc_column-inner\"><div class=\"wpb_wrapper\"><\/div><\/div><\/div><div class=\"vc_col-sm-3 wpb_column vc_column_container\"><div class=\"vc_column-inner\"><div class=\"wpb_wrapper\"><div class=\"w-iconbox iconpos_left style_default color_custom align_left\"><div class=\"w-iconbox-icon\" style=\"font-size:2rem;--icon-color:#000000;\"><i class=\"fas fa-check\"><\/i><\/div><div class=\"w-iconbox-meta\"><h4 class=\"w-iconbox-title\">Choisissez bien<\/h4><div class=\"w-iconbox-text\"><p>Notre projet sera diff\u00e9rent s\u2019il s\u2019agit d\u2019un espace \u00e0 usage occasionnel ou intensif, s\u2019il se trouve sur la c\u00f4te ou \u00e0 la montagne, s\u2019il est orient\u00e9 vers le sud ou vers le nord. Pour vous aider \u00e0 trouver la meilleure option et vous guider dans les espaces les plus complexes\u2026<\/p>\n<\/div><\/div><\/div><div class=\"w-separator size_custom\" style=\"height:10px\"><\/div><div class=\"w-btn-wrapper align_center\"><a class=\"w-btn us-btn-style_3\" href=\"https:\/\/kauma.es\/fr\/contact\/\"><span class=\"w-btn-label\">Expliquez-nous votre projet<\/span><\/a><\/div><div class=\"w-separator size_medium\"><\/div><div class=\"w-iconbox iconpos_left style_default color_custom align_left\"><div class=\"w-iconbox-icon\" style=\"font-size:2rem;--icon-color:#000000;\"><i class=\"far fa-home\"><\/i><\/div><div class=\"w-iconbox-meta\"><h4 class=\"w-iconbox-title\">Essayez-le<\/h4><div class=\"w-iconbox-text\"><p>Si vous n\u2019avez pas encore exp\u00e9riment\u00e9, touch\u00e9 et senti le confort des produits Kauma, venez-nous rendre visite dans notre showroom<\/p>\n<p>Showroom<br \/>\nN-331 km 75,8 \u2013 14900 Lucena, Espagne<br \/>\n+34 957 749 749 \u2013 info@kauma.es<\/p>\n<\/div><\/div><\/div><div class=\"w-separator size_medium\"><\/div><div class=\"w-iconbox iconpos_left style_default color_custom align_left\"><div class=\"w-iconbox-icon\" style=\"font-size:2rem;--icon-color:#000000;\"><i class=\"far fa-paint-brush\"><\/i><\/div><div class=\"w-iconbox-meta\"><h4 class=\"w-iconbox-title\">Couleurs et finitions en option<\/h4><div class=\"w-iconbox-text\"><p>Nous poss\u00e9dons notre propre usine de laquage, afin de vous offrir une infinit\u00e9 de couleurs et de finitions selon vos go\u00fbts. Sollicitez notre palette de couleurs ou d\u2019imitation bois.<\/p>\n<\/div><\/div><\/div><\/div><\/div><\/div><div class=\"vc_col-sm-3 wpb_column vc_column_container\"><div class=\"vc_column-inner\"><div class=\"wpb_wrapper\"><div class=\"w-iconbox iconpos_left style_default color_custom align_left\"><div class=\"w-iconbox-icon\" style=\"font-size:2rem;--icon-color:#000000;\"><i class=\"far fa-eye\"><\/i><\/div><div class=\"w-iconbox-meta\"><h4 class=\"w-iconbox-title\">Visite pr\u00e9alable<\/h4><div class=\"w-iconbox-text\"><p>Notre \u00e9quipe technique est disponible pour analyser votre espace in situ et vous aider \u00e0 r\u00e9soudre tous les doutes particuliers, afin de satisfaire \u00e0 toutes les exigences de votre projet.<\/p>\n<\/div><\/div><\/div><div class=\"w-separator size_custom\" style=\"height:10px\"><\/div><div class=\"w-btn-wrapper align_center\"><a class=\"w-btn us-btn-style_3\" href=\"https:\/\/kauma.es\/fr\/contact\/\"><span class=\"w-btn-label\">Demandez-nous un rendez-vous.<\/span><\/a><\/div><div class=\"w-separator size_medium\"><\/div><div class=\"w-iconbox iconpos_left style_default color_custom align_left\"><div class=\"w-iconbox-icon\" style=\"font-size:2rem;--icon-color:#000000;\"><i class=\"fas fa-leaf-heart\"><\/i><\/div><div class=\"w-iconbox-meta\"><h4 class=\"w-iconbox-title\">Des mesures qui permettent d&#039;\u00e9conomiser<\/h4><div class=\"w-iconbox-text\"><p>Saviez-vous que nous travaillons avec vous pour optimiser la taille ou le nombre de panneaux d\u2019un syst\u00e8me, afin de r\u00e9duire les co\u00fbts ? Les tailles qui apparaissent sur le devis sont simplement un point de d\u00e9part, car il s\u2019agit de mesures approximatives. \u00c0 partir de ce devis, nous prendrons les mesures exactes pour la fabrication et si l\u2019id\u00e9e finale est loin du devis initial, nous reconfigurerons l\u2019estimation en fonction du projet pour vous offrir le prix d\u00e9finitif.<\/p>\n<\/div><\/div><\/div><div class=\"w-separator size_medium\"><\/div><div class=\"w-iconbox iconpos_left style_default color_custom align_left\"><div class=\"w-iconbox-icon\" style=\"font-size:2rem;--icon-color:#000000;\"><i class=\"far fa-shield-check\"><\/i><\/div><div class=\"w-iconbox-meta\"><h4 class=\"w-iconbox-title\">Comment obtenir votre devis<\/h4><div class=\"w-iconbox-text\"><p><span>La meilleure fa\u00e7on de d\u00e9terminer le prix consiste \u00e0 consulter un agent officiel de Kauma et \u00e0 demander un devis via notre formulaire Web ou en envoyant un courriel \u00e0 l\u2019adresse comercial@kauma.es.  <\/span><a href=\"mailto:atencioncomercial@kauma.es\" target=\"_blank\" rel=\"noopener\">atencioncomercial@kauma.es<\/a><span>.<\/span><\/p>\n<\/div><\/div><\/div><div class=\"w-separator size_custom\" style=\"height:10px\"><\/div><div class=\"w-btn-wrapper align_center\"><a class=\"w-btn us-btn-style_3\" href=\"https:\/\/kauma.es\/fr\/budget\/\"><span class=\"w-btn-label\">Demandez-nous un devis.<\/span><\/a><\/div><\/div><\/div><\/div><div class=\"vc_col-sm-3 wpb_column vc_column_container\"><div class=\"vc_column-inner\"><div class=\"wpb_wrapper\"><\/div><\/div><\/div><\/div><\/div><\/div><\/div><div class=\"w-tabs-section no_indents\" id=\"aae0\"><button class=\"w-tabs-section-header\" aria-controls=\"content-aae0\" aria-expanded=\"false\"><div class=\"w-tabs-section-title\">C\u00c9ST PARTI!<\/div><div class=\"w-tabs-section-control\"><\/div><\/button><div  class=\"w-tabs-section-content\" id=\"content-aae0\"><div class=\"w-tabs-section-content-h i-cf\"><div class=\"g-cols wpb_row via_flex valign_top type_default stacking_default\"><div class=\"vc_col-sm-12 wpb_column vc_column_container\"><div class=\"vc_column-inner\"><div class=\"wpb_wrapper\"><div class=\"w-separator size_custom with_line width_default thick_1 style_solid color_border align_center\" style=\"height:1px\"><div class=\"w-separator-h\"><\/div><\/div><\/div><\/div><\/div><\/div><div class=\"g-cols wpb_row us_custom_6d603292 via_flex valign_top type_default stacking_default\"><div class=\"vc_col-sm-6 wpb_column vc_column_container\"><div class=\"vc_column-inner\"><div class=\"wpb_wrapper\"><div class=\"w-text\"><span class=\"w-text-h\"><span class=\"w-text-value\">LANCEZ-VOUS<\/span><\/span><\/div><div class=\"w-separator size_medium\"><\/div><h3 class=\"w-text us_custom_83857763\"><span class=\"w-text-h\"><span class=\"w-text-value\">Vous avez d\u00e9j\u00e0 votre devis.&lt;br&gt;Et maintenant ?<\/span><\/span><\/h3><\/div><\/div><\/div><div class=\"vc_col-sm-6 wpb_column vc_column_container\"><div class=\"vc_column-inner us_custom_5999c16a\"><div class=\"wpb_wrapper\"><div class=\"wpb_text_column us_custom_6bc09bf8\"><div class=\"wpb_wrapper\"><p>Pour confirmer le devis, il vous suffit de nous envoyer par e-mail le document r\u00e9vis\u00e9 et sign\u00e9. Apr\u00e8s r\u00e9ception du document de confirmation et du paiement initial, votre commande sera lanc\u00e9e dans notre usine.<\/p>\n<\/div><\/div><\/div><\/div><\/div><\/div><div class=\"g-cols wpb_row us_custom_245b2909 via_flex valign_top type_default stacking_default\"><div class=\"vc_col-sm-3 wpb_column vc_column_container\"><div class=\"vc_column-inner\"><div class=\"wpb_wrapper\"><\/div><\/div><\/div><div class=\"vc_col-sm-3 wpb_column vc_column_container\"><div class=\"vc_column-inner\"><div class=\"wpb_wrapper\"><div class=\"w-iconbox iconpos_left style_default color_custom align_left\"><div class=\"w-iconbox-icon\" style=\"font-size:2rem;--icon-color:#000000;\"><i class=\"fas fa-check\"><\/i><\/div><div class=\"w-iconbox-meta\"><h4 class=\"w-iconbox-title\">Comment saurai-je si Kauma a re\u00e7u ma commande ?<\/h4><div class=\"w-iconbox-text\"><p>Pour confirmer le devis, il vous suffit de nous envoyer par e-mail le document r\u00e9vis\u00e9 et sign\u00e9. Apr\u00e8s r\u00e9ception du document de confirmation et du paiement initial, votre commande sera lanc\u00e9e dans notre usine.<\/p>\n<\/div><\/div><\/div><div class=\"w-separator size_medium\"><\/div><div class=\"w-iconbox iconpos_left style_default color_custom align_left\"><div class=\"w-iconbox-icon\" style=\"font-size:2rem;--icon-color:#000000;\"><i class=\"far fa-envelope\"><\/i><\/div><div class=\"w-iconbox-meta\"><h4 class=\"w-iconbox-title\">Commandes et production<\/h4><div class=\"w-iconbox-text\"><p>En cas de doutes techniques ou si vous souhaitez conna\u00eetre l\u2019\u00e9tat de votre commande, les d\u00e9lais de livraison ou le mode d\u2019exp\u00e9dition, contactez-nous \u00e0 pedidos@kauma.es.<\/p>\n<\/div><\/div><\/div><\/div><\/div><\/div><div class=\"vc_col-sm-3 wpb_column vc_column_container\"><div class=\"vc_column-inner\"><div class=\"wpb_wrapper\"><div class=\"w-iconbox iconpos_left style_default color_custom align_left\"><div class=\"w-iconbox-icon\" style=\"font-size:2rem;--icon-color:#000000;\"><i class=\"far fa-credit-card\"><\/i><\/div><div class=\"w-iconbox-meta\"><h4 class=\"w-iconbox-title\">Paiement<\/h4><div class=\"w-iconbox-text\"><p>Nous offrons de bonnes conditions de paiement \u00e0 nos clients. Compte tenu du fait que le produit est fabriqu\u00e9 exclusivement pour vous, nous sollicitons un paiement initial de 50 % au moment de la commande, et le paiement du solde lors de l\u2019ach\u00e8vement et de la livraison du produit<\/p>\n<\/div><\/div><\/div><\/div><\/div><\/div><div class=\"vc_col-sm-3 wpb_column vc_column_container\"><div class=\"vc_column-inner\"><div class=\"wpb_wrapper\"><\/div><\/div><\/div><\/div><\/div><\/div><\/div><div class=\"w-tabs-section no_indents\" id=\"vf9b\"><button class=\"w-tabs-section-header\" aria-controls=\"content-vf9b\" aria-expanded=\"false\"><div class=\"w-tabs-section-title\">D\u00c9LAIS ET LIVRAISON<\/div><div class=\"w-tabs-section-control\"><\/div><\/button><div  class=\"w-tabs-section-content\" id=\"content-vf9b\"><div class=\"w-tabs-section-content-h i-cf\"><div class=\"g-cols wpb_row us_custom_887a049b via_flex valign_top type_default stacking_default\"><div class=\"vc_col-sm-12 wpb_column vc_column_container\"><div class=\"vc_column-inner\"><div class=\"wpb_wrapper\"><div class=\"w-separator size_custom with_line width_default thick_1 style_solid color_border align_center\" style=\"height:1px\"><div class=\"w-separator-h\"><\/div><\/div><\/div><\/div><\/div><\/div><div class=\"g-cols wpb_row us_custom_7cd4f94e via_flex valign_top type_default stacking_default\"><div class=\"vc_col-sm-6 wpb_column vc_column_container\"><div class=\"vc_column-inner\"><div class=\"wpb_wrapper\"><div class=\"w-text\"><span class=\"w-text-h\"><span class=\"w-text-value\">D\u00c9LAIS ET LIVRAISON<\/span><\/span><\/div><div class=\"w-separator size_medium\"><\/div><h3 class=\"w-text us_custom_83857763\"><span class=\"w-text-h\"><span class=\"w-text-value\">96 % de nos commandes&lt;br&gt;sont trait\u00e9es de mani\u00e8re&lt;br&gt;ponctuelle.<\/span><\/span><\/h3><\/div><\/div><\/div><div class=\"vc_col-sm-6 wpb_column vc_column_container\"><div class=\"vc_column-inner us_custom_5999c16a\"><div class=\"wpb_wrapper\"><div class=\"wpb_text_column us_custom_5999c16a\"><div class=\"wpb_wrapper\"><p><span>Nous savons qu&rsquo;il est tr\u00e8s important de respecter les d\u00e9lais marqu\u00e9s et nous nous y effor\u00e7ons particuli\u00e8rement. Nous coordonnons avec vous les d\u00e9lais de livraison et d&rsquo;installation, et nous vous tenons au courant de l&rsquo;\u00e9tat de votre commande. <\/span><\/p>\n<\/div><\/div><\/div><\/div><\/div><\/div><div class=\"g-cols wpb_row us_custom_245b2909 via_flex valign_top type_default stacking_default\"><div class=\"vc_col-sm-3 wpb_column vc_column_container\"><div class=\"vc_column-inner\"><div class=\"wpb_wrapper\"><\/div><\/div><\/div><div class=\"vc_col-sm-3 wpb_column vc_column_container\"><div class=\"vc_column-inner\"><div class=\"wpb_wrapper\"><div class=\"w-iconbox iconpos_left style_default color_custom align_left\"><div class=\"w-iconbox-icon\" style=\"font-size:2rem;--icon-color:#000000;\"><i class=\"fas fa-calendar-alt\"><\/i><\/div><div class=\"w-iconbox-meta\"><h4 class=\"w-iconbox-title\">D\u00c9LAIS ET LIVRAISON<\/h4><div class=\"w-iconbox-text\"><p>Lorsque vous passez votre commande, nous vous donnerons un d\u00e9lai de livraison estim\u00e9. Au fur et \u00e0 mesure de l&rsquo;avancement du processus de fabrication, nous vous informerons de la date exacte.<\/p>\n<\/div><\/div><\/div><\/div><\/div><\/div><div class=\"vc_col-sm-3 wpb_column vc_column_container\"><div class=\"vc_column-inner\"><div class=\"wpb_wrapper\"><div class=\"w-iconbox iconpos_left style_default color_custom align_left\"><div class=\"w-iconbox-icon\" style=\"font-size:2rem;--icon-color:#000000;\"><i class=\"fas fa-envelope\"><\/i><\/div><div class=\"w-iconbox-meta\"><h4 class=\"w-iconbox-title\">D\u00e9lais de livraison<\/h4><div class=\"w-iconbox-text\"><p>Les produits sont exp\u00e9di\u00e9s compl\u00e8tement prot\u00e9g\u00e9s, recouverts de carton et de li\u00e8ge ou dans des caissons en bois s\u2019ils contiennent du verre. Nous vous donnons toujours une id\u00e9e approximative du poids de la marchandise et du nombre de colis.<\/p>\n<\/div><\/div><\/div><\/div><\/div><\/div><div class=\"vc_col-sm-3 wpb_column vc_column_container\"><div class=\"vc_column-inner\"><div class=\"wpb_wrapper\"><\/div><\/div><\/div><\/div><\/div><\/div><\/div><div class=\"w-tabs-section no_indents\" id=\"c717\"><button class=\"w-tabs-section-header\" aria-controls=\"content-c717\" aria-expanded=\"false\"><div class=\"w-tabs-section-title\">INSTALLATION ET ASSISTANCE<\/div><div class=\"w-tabs-section-control\"><\/div><\/button><div  class=\"w-tabs-section-content\" id=\"content-c717\"><div class=\"w-tabs-section-content-h i-cf\"><div class=\"g-cols wpb_row us_custom_887a049b via_flex valign_top type_default stacking_default\"><div class=\"vc_col-sm-12 wpb_column vc_column_container\"><div class=\"vc_column-inner\"><div class=\"wpb_wrapper\"><div class=\"w-separator size_custom with_line width_default thick_1 style_solid color_border align_center\" style=\"height:1px\"><div class=\"w-separator-h\"><\/div><\/div><\/div><\/div><\/div><\/div><div class=\"g-cols wpb_row us_custom_7cd4f94e via_flex valign_top type_default stacking_default\"><div class=\"vc_col-sm-6 wpb_column vc_column_container\"><div class=\"vc_column-inner\"><div class=\"wpb_wrapper\"><div class=\"w-text\"><span class=\"w-text-h\"><span class=\"w-text-value\">INSTALLATION ET ASSISTANCE<\/span><\/span><\/div><div class=\"w-separator size_medium\"><\/div><h3 class=\"w-text us_custom_83857763\"><span class=\"w-text-h\"><span class=\"w-text-value\">Propret\u00e9 et pr\u00e9cision dans&lt;br&gt;l&#039;ex\u00e9cution. Service apr\u00e8s-vente&lt;br&gt;toujours pr\u00eat \u00e0 vous aider. <\/span><\/span><\/h3><\/div><\/div><\/div><div class=\"vc_col-sm-6 wpb_column vc_column_container\"><div class=\"vc_column-inner us_custom_5999c16a\"><div class=\"wpb_wrapper\"><div class=\"wpb_text_column us_custom_5999c16a\"><div class=\"wpb_wrapper\"><p>Kauma a \u00e9t\u00e9 une entreprise d&rsquo;installation pendant de nombreuses ann\u00e9es, nous sommes donc parfaitement conscients des difficult\u00e9s survenant lors de l&rsquo;installation et lors de son utilisation ult\u00e9rieure. Ceci nous a permis d&rsquo;am\u00e9liorer nos produits et le service d&rsquo;assistance technique.<\/p>\n<\/div><\/div><\/div><\/div><\/div><\/div><div class=\"g-cols wpb_row us_custom_d30832b3 via_flex valign_top type_default stacking_default\"><div class=\"vc_col-sm-3 wpb_column vc_column_container\"><div class=\"vc_column-inner\"><div class=\"wpb_wrapper\"><\/div><\/div><\/div><div class=\"vc_col-sm-3 wpb_column vc_column_container\"><div class=\"vc_column-inner\"><div class=\"wpb_wrapper\"><div class=\"w-iconbox iconpos_left style_default color_custom align_left\"><div class=\"w-iconbox-icon\" style=\"font-size:2rem;--icon-color:#000000;\"><i class=\"fas fa-user-hard-hat\"><\/i><\/div><div class=\"w-iconbox-meta\"><h4 class=\"w-iconbox-title\">Le jour de l&#039;installation<\/h4><div class=\"w-iconbox-text\"><p>L\u2019installation est une partie essentielle de tout le processus d\u2019achat, car sans une bonne ex\u00e9cution sur le chantier, nous n\u2019atteindrons pas la qualit\u00e9 attendue de nos produits. Choisir l\u2019exigence d\u2019un installateur certifi\u00e9 de Kauma est une garantie de succ\u00e8s, qui en outre \u00e9vitera des probl\u00e8mes et fera garner du temps \u00e0 l\u2019acheteur. Nous nous engageons \u00e0 installer le produit \u00e0 votre convenance, sans causer de d\u00e9g\u00e2ts ni g\u00e9n\u00e9rer de d\u00e9chets excessifs.<\/p>\n<\/div><\/div><\/div><div class=\"w-separator size_medium\"><\/div><div class=\"w-iconbox iconpos_left style_default color_custom align_left\"><div class=\"w-iconbox-icon\" style=\"font-size:2rem;--icon-color:#000000;\"><i class=\"far fa-tint\"><\/i><\/div><div class=\"w-iconbox-meta\"><h4 class=\"w-iconbox-title\">Nettoyage<\/h4><div class=\"w-iconbox-text\"><p>Pour savoir comment entretenir les structures et panneaux Kauma, nous vous invitons \u00e0 consulter le Guide d\u2019utilisation et d\u2019entretien. En outre, ces indications vous seront remises par l\u2019installateur Kauma une fois le produit mis en place.<\/p>\n<\/div><\/div><\/div><\/div><\/div><\/div><div class=\"vc_col-sm-3 wpb_column vc_column_container\"><div class=\"vc_column-inner\"><div class=\"wpb_wrapper\"><div class=\"w-iconbox iconpos_left style_default color_custom align_left\"><div class=\"w-iconbox-icon\" style=\"font-size:2rem;--icon-color:#000000;\"><i class=\"far fa-shield-check\"><\/i><\/div><div class=\"w-iconbox-meta\"><h4 class=\"w-iconbox-title\">Garantie<\/h4><div class=\"w-iconbox-text\"><p>Les structures de Kauma, ainsi que les panneaux en verre ou de tout autre mat\u00e9riel, ont garantie 2 ans depuis de la date d\u2019installation. Toutefois, s\u2019agissant de mat\u00e9riaux diff\u00e9rents, chacun d\u2019eux peut pr\u00e9senter des conditions particuli\u00e8res de couverture dans les 5 ans apr\u00e8s l\u2019installation. Nous vous recommandons de consulter notre Politique de garantie.<\/p>\n<\/div><\/div><\/div><div class=\"w-separator size_medium\"><\/div><div class=\"w-iconbox iconpos_left style_default color_custom align_left\"><div class=\"w-iconbox-icon\" style=\"font-size:2rem;--icon-color:#000000;\"><i class=\"far fa-pencil-ruler\"><\/i><\/div><div class=\"w-iconbox-meta\"><h4 class=\"w-iconbox-title\">D\u00e9tendez-vous et ne vous inqui\u00e9tez pas<\/h4><div class=\"w-iconbox-text\"><p>Nous concevons nos produits pour vous offrir un confort optimal ann\u00e9e apr\u00e8s ann\u00e9e. Nous travaillons pour r\u00e9pondre \u00e0 vos besoins \u00e0 tout moment et, en cas de besoin, notre d\u00e9partement technique se chargera de tout incident, afin que votre plus grand souci soit de vivre d\u00e9tendu et prot\u00e9g\u00e9 par Kauma. Nous serons toujours l\u00e0 pour vous.<\/p>\n<\/div><\/div><\/div><\/div><\/div><\/div><div class=\"vc_col-sm-3 wpb_column vc_column_container\"><div class=\"vc_column-inner\"><div class=\"wpb_wrapper\"><\/div><\/div><\/div><\/div><\/div><\/div><\/div><\/div><\/div><\/div><\/div><\/div><\/div><\/div><\/section>\n","protected":false},"excerpt":{"rendered":"ServicesRenseignez-vous sur tous nos services.CONCEVEZ VOTRE ESPACEC\u00c9ST PARTI!D\u00c9LAIS ET LIVRAISONINSTALLATION ET ASSISTANCECONCEVEZ VOTRE ESPACECONCEVEZ VOTRE ESPACETous les espaces ne sont pas&lt;br&gt;identiques. C&#039;est pourquoi, nous parviendrons&lt;br&gt;\u00e0 la solution id\u00e9ale pour vous.Forts d&rsquo;une exp\u00e9rience de plus de 30 ans, nous pouvons vous offrir les meilleurs conseils en envisageant les diff\u00e9rentes possibilit\u00e9s et le meilleur rapport qualit\u00e9-prix. Choisissez...","protected":false},"author":8,"featured_media":0,"parent":0,"menu_order":0,"comment_status":"closed","ping_status":"closed","template":"","meta":{"_acf_changed":false,"rank_math_title":"","rank_math_description":"","rank_math_focus_keyword":"","rank_math_robots":null,"rank_math_canonical_url":"","rank_math_seo_score":"","rank_math_pillar_content":"","rank_math_advanced_robots":"","rank_math_facebook_title":"","rank_math_facebook_description":"","rank_math_facebook_image":"","rank_math_twitter_title":"","rank_math_twitter_description":"","rank_math_twitter_image":"","rank_math_twitter_card_type":"","rank_math_breadcrumb_title":"","rank_math_schema_Article":"","rank_math_schema_Book":"","rank_math_schema_Course":"","rank_math_schema_Dataset":"","rank_math_schema_Event":"","rank_math_schema_FAQPage":"","rank_math_schema_FactCheck":"","rank_math_schema_HowTo":"","rank_math_schema_JobPosting":"","rank_math_schema_Movie":"","rank_math_schema_MusicRecording":"","rank_math_schema_Person":"","rank_math_schema_Product":"","rank_math_schema_Recipe":"","rank_math_schema_Restaurant":"","rank_math_schema_Service":"","rank_math_schema_SoftwareApplication":"","rank_math_schema_VideoObject":"","rank_math_schema_WooCommerceProduct":"","rank_math_schema_MedicalProcedure":"","footnotes":""},"class_list":["post-26915","page","type-page","status-publish","hentry"],"acf":[],"_links":{"self":[{"href":"https:\/\/kauma.es\/fr\/wp-json\/wp\/v2\/pages\/26915","targetHints":{"allow":["GET"]}}],"collection":[{"href":"https:\/\/kauma.es\/fr\/wp-json\/wp\/v2\/pages"}],"about":[{"href":"https:\/\/kauma.es\/fr\/wp-json\/wp\/v2\/types\/page"}],"author":[{"embeddable":true,"href":"https:\/\/kauma.es\/fr\/wp-json\/wp\/v2\/users\/8"}],"replies":[{"embeddable":true,"href":"https:\/\/kauma.es\/fr\/wp-json\/wp\/v2\/comments?post=26915"}],"version-history":[{"count":0,"href":"https:\/\/kauma.es\/fr\/wp-json\/wp\/v2\/pages\/26915\/revisions"}],"wp:attachment":[{"href":"https:\/\/kauma.es\/fr\/wp-json\/wp\/v2\/media?parent=26915"}],"curies":[{"name":"wp","href":"https:\/\/api.w.org\/{rel}","templated":true}]}}