{"id":26872,"date":"2024-07-26T12:23:14","date_gmt":"2024-07-26T10:23:14","guid":{"rendered":"https:\/\/kauma.es\/empresa\/"},"modified":"2025-04-29T15:25:17","modified_gmt":"2025-04-29T13:25:17","slug":"empresa","status":"publish","type":"page","link":"https:\/\/kauma.es\/pt-pt\/empresa\/","title":{"rendered":"Empresa"},"content":{"rendered":"<section class=\"l-section wpb_row height_auto full_height valign_center color_alternate with_slider\"><div class=\"l-section-slider\"><div class=\"w-slider style_none fit_cover nav_none count_1\"><div class=\"w-slider-h\" aria-hidden=\"true\"><div class=\"royalSlider\"><div class=\"rsContent\"><a class=\"rsImg\" data-rsw=\"1620\" data-rsh=\"1080\" href=\"https:\/\/kauma.es\/wp-content\/uploads\/2024\/10\/1-3.jpg\"><span data-alt=\"\"><\/span><\/a><\/div><\/div><img decoding=\"async\" src=\"https:\/\/kauma.es\/wp-content\/uploads\/2024\/10\/1-3.jpg\" width=\"1620\" height=\"1080\" alt loading=\"lazy\"><\/div><div class=\"w-slider-json\" onclick='return {&quot;autoScaleSlider&quot;:true,&quot;addActiveClass&quot;:true,&quot;loop&quot;:true,&quot;fadeInLoadedSlide&quot;:false,&quot;slidesSpacing&quot;:0,&quot;imageScalePadding&quot;:0,&quot;numImagesToPreload&quot;:2,&quot;arrowsNav&quot;:false,&quot;arrowsNavAutoHide&quot;:false,&quot;transitionType&quot;:&quot;move&quot;,&quot;transitionSpeed&quot;:1000,&quot;block&quot;:{&quot;moveEffect&quot;:&quot;none&quot;,&quot;speed&quot;:300},&quot;thumbs&quot;:{&quot;fitInViewport&quot;:false,&quot;firstMargin&quot;:false,&quot;spacing&quot;:4},&quot;controlNavigation&quot;:&quot;none&quot;,&quot;autoplay&quot;:{&quot;enabled&quot;:true,&quot;pauseOnHover&quot;:false,&quot;delay&quot;:3000},&quot;autoScaleSliderWidth&quot;:1620,&quot;autoScaleSliderHeight&quot;:1080}'><\/div><\/div><\/div><div class=\"l-section-overlay\" style=\"background:rgba(0,0,0,0.15)\"><\/div><div class=\"l-section-h i-cf\"><div class=\"g-cols vc_row via_flex valign_middle type_default stacking_default\"><div class=\"vc_col-sm-12 wpb_column vc_column_container\"><div class=\"vc_column-inner\"><div class=\"wpb_wrapper\"><h2 class=\"w-text\"><span class=\"w-text-h\"><span class=\"w-text-value\">Kauma.<br \/>\nThe natural connection<\/span><\/span><\/h2><div class=\"w-separator size_medium\"><\/div><div class=\"w-btn-wrapper align_left\"><a class=\"w-btn us-btn-style_4 icon-rotate icon_atright\" href=\"#empresa\"><span class=\"w-btn-label\">Conhe\u00e7a nossa companhia<\/span><i class=\"fas fa-caret-right\"><\/i><\/a><\/div><\/div><\/div><\/div><\/div><\/div><\/section><section class=\"l-section wpb_row us_custom_19737bc8 height_auto width_full\" id=\"empresa\"><div class=\"l-section-h i-cf\"><div class=\"g-cols vc_row via_flex valign_top type_default stacking_default\"><div class=\"vc_col-sm-12 wpb_column vc_column_container\"><div class=\"vc_column-inner\"><div class=\"wpb_wrapper\"><div class=\"w-tabs layout_hor style_simple3 switch_click has_scrolling\" style=\"--sections-title-size:1em\"><div class=\"w-tabs-list items_5 align_center\"><div class=\"w-tabs-list-h\"><button class=\"w-tabs-item active\" aria-controls=\"content-m4f4\" aria-expanded=\"false\"><span class=\"w-tabs-item-title\">Nossa sede<\/span><\/button><button class=\"w-tabs-item\" aria-controls=\"content-kb25\" aria-expanded=\"false\"><span class=\"w-tabs-item-title\">Nossa gente<\/span><\/button><button class=\"w-tabs-item\" aria-controls=\"content-o151\" aria-expanded=\"false\"><span class=\"w-tabs-item-title\">Qualidade avalizada<\/span><\/button><button class=\"w-tabs-item\" aria-controls=\"content-l741\" aria-expanded=\"false\"><span class=\"w-tabs-item-title\">Kauma labs<\/span><\/button><button class=\"w-tabs-item\" aria-controls=\"content-md0c\" aria-expanded=\"false\"><span class=\"w-tabs-item-title\">Respeituosos<\/span><\/button><\/div><\/div><div class=\"w-tabs-sections titles-align_center icon_chevron cpos_right\"><div class=\"w-tabs-section no_indents active\" id=\"m4f4\"><button class=\"w-tabs-section-header active\" aria-controls=\"content-m4f4\" aria-expanded=\"true\"><div class=\"w-tabs-section-title\">Nossa sede<\/div><div class=\"w-tabs-section-control\"><\/div><\/button><div  class=\"w-tabs-section-content\" id=\"content-m4f4\"><div class=\"w-tabs-section-content-h i-cf\"><div class=\"g-cols wpb_row via_flex valign_top type_default stacking_default\"><div class=\"vc_col-sm-12 wpb_column vc_column_container\"><div class=\"vc_column-inner\"><div class=\"wpb_wrapper\"><div class=\"w-separator size_custom with_line width_default thick_1 style_solid color_border align_center\" style=\"height:1px\"><div class=\"w-separator-h\"><\/div><\/div><\/div><\/div><\/div><\/div><div class=\"g-cols wpb_row us_custom_573f54b4 via_flex valign_top type_default stacking_default\"><div class=\"vc_col-sm-6 wpb_column vc_column_container\"><div class=\"vc_column-inner\"><div class=\"wpb_wrapper\"><div class=\"w-text\"><span class=\"w-text-h\"><span class=\"w-text-value\">NOSSA SEDE<\/span><\/span><\/div><div class=\"w-separator size_medium\"><\/div><h3 class=\"w-text us_custom_83857763\"><span class=\"w-text-h\"><span class=\"w-text-value\">Produ\u00e7\u00e3o: 9.620 m\u14be Escrit\u00f3rios: 200 m\u14be Showroom: 200 m\u14be&quot;<\/span><\/span><\/h3><\/div><\/div><\/div><div class=\"vc_col-sm-6 wpb_column vc_column_container\"><div class=\"vc_column-inner us_custom_5999c16a\"><div class=\"wpb_wrapper\"><div class=\"wpb_text_column us_custom_5999c16a\"><div class=\"wpb_wrapper\"><p>Contamos com uma planta de produ\u00e7\u00e3o de \u00faltima gera\u00e7\u00e3o: 10.000 m\u14be em Lucena (Espanha). Equipado com maquin\u00e1rio de controle num\u00e9rico computadorizado, planta de tratamento e acabamento de superf\u00edcies, showroom, um avan\u00e7ado software de gest\u00e3o, design, produ\u00e7\u00e3o e log\u00edstica.<\/p>\n<\/div><\/div><\/div><\/div><\/div><\/div><div class=\"g-cols wpb_row us_custom_c70c97eb via_flex valign_top type_default stacking_default\"><div class=\"vc_col-sm-12 wpb_column vc_column_container\"><div class=\"vc_column-inner\"><div class=\"wpb_wrapper\"><div class=\"w-image us_custom_e15740ca align_center\"><div class=\"w-image-h\"><img decoding=\"async\" width=\"990\" height=\"606\" src=\"https:\/\/kauma.es\/wp-content\/uploads\/2024\/07\/Imagen-info1-sobre-nosotros-nuestra-sede1.jpg\" class=\"attachment-full size-full\" alt=\"\" loading=\"lazy\" srcset=\"https:\/\/kauma.es\/wp-content\/uploads\/2024\/07\/Imagen-info1-sobre-nosotros-nuestra-sede1.jpg 990w, https:\/\/kauma.es\/wp-content\/uploads\/2024\/07\/Imagen-info1-sobre-nosotros-nuestra-sede1-600x367.jpg 600w, https:\/\/kauma.es\/wp-content\/uploads\/2024\/07\/Imagen-info1-sobre-nosotros-nuestra-sede1-300x184.jpg 300w\" sizes=\"auto, (max-width: 990px) 100vw, 990px\" \/><\/div><\/div><\/div><\/div><\/div><\/div><\/div><\/div><\/div><div class=\"w-tabs-section no_indents\" id=\"kb25\"><button class=\"w-tabs-section-header\" aria-controls=\"content-kb25\" aria-expanded=\"false\"><div class=\"w-tabs-section-title\">Nossa gente<\/div><div class=\"w-tabs-section-control\"><\/div><\/button><div  class=\"w-tabs-section-content\" id=\"content-kb25\"><div class=\"w-tabs-section-content-h i-cf\"><div class=\"g-cols wpb_row via_flex valign_top type_default stacking_default\"><div class=\"vc_col-sm-12 wpb_column vc_column_container\"><div class=\"vc_column-inner\"><div class=\"wpb_wrapper\"><div class=\"w-separator size_custom with_line width_default thick_1 style_solid color_border align_center\" style=\"height:1px\"><div class=\"w-separator-h\"><\/div><\/div><\/div><\/div><\/div><\/div><div class=\"g-cols wpb_row us_custom_6d603292 via_flex valign_top type_default stacking_default\"><div class=\"vc_col-sm-6 wpb_column vc_column_container\"><div class=\"vc_column-inner\"><div class=\"wpb_wrapper\"><div class=\"w-text\"><span class=\"w-text-h\"><span class=\"w-text-value\">NOSSA GENTE<\/span><\/span><\/div><div class=\"w-separator size_medium\"><\/div><h3 class=\"w-text us_custom_83857763\"><span class=\"w-text-h\"><span class=\"w-text-value\">O esp\u00edrito da Kauma nasce da nossa gente.<\/span><\/span><\/h3><\/div><\/div><\/div><div class=\"vc_col-sm-6 wpb_column vc_column_container\"><div class=\"vc_column-inner us_custom_5999c16a\"><div class=\"wpb_wrapper\"><div class=\"wpb_text_column us_custom_5999c16a\"><div class=\"wpb_wrapper\"><p>Kauma \u00e9 uma empresa jovem, inquieta, independente, criativa e de vanguarda. Todos os dias criamos espa\u00e7os confort\u00e1veis respeitando o ambiente; nos esfor\u00e7amos para assumir novos desafios; e celebramos juntos os sucessos de uma empresa constru\u00edda por todos com o apoio dos nossos clientes. Somos uma fonte de ideias inovadoras que oferecem solu\u00e7\u00f5es para qualquer desafio e nos fazem melhorar a cada ano.<\/p>\n<\/div><\/div><\/div><\/div><\/div><\/div><div class=\"g-cols wpb_row us_custom_c70c97eb via_flex valign_top type_default stacking_default\"><div class=\"vc_col-sm-12 wpb_column vc_column_container\"><div class=\"vc_column-inner\"><div class=\"wpb_wrapper\"><div class=\"w-image us_custom_e15740ca align_center\"><div class=\"w-image-h\"><img decoding=\"async\" width=\"990\" height=\"606\" src=\"https:\/\/kauma.es\/wp-content\/uploads\/2024\/07\/Imagen-info1-sobre-nosotros-nuestra-Gente1.jpeg\" class=\"attachment-full size-full\" alt=\"\" loading=\"lazy\" srcset=\"https:\/\/kauma.es\/wp-content\/uploads\/2024\/07\/Imagen-info1-sobre-nosotros-nuestra-Gente1.jpeg 990w, https:\/\/kauma.es\/wp-content\/uploads\/2024\/07\/Imagen-info1-sobre-nosotros-nuestra-Gente1-600x367.jpeg 600w, https:\/\/kauma.es\/wp-content\/uploads\/2024\/07\/Imagen-info1-sobre-nosotros-nuestra-Gente1-300x184.jpeg 300w\" sizes=\"auto, (max-width: 990px) 100vw, 990px\" \/><\/div><\/div><\/div><\/div><\/div><\/div><\/div><\/div><\/div><div class=\"w-tabs-section no_indents\" id=\"o151\"><button class=\"w-tabs-section-header\" aria-controls=\"content-o151\" aria-expanded=\"false\"><div class=\"w-tabs-section-title\">Qualidade avalizada<\/div><div class=\"w-tabs-section-control\"><\/div><\/button><div  class=\"w-tabs-section-content\" id=\"content-o151\"><div class=\"w-tabs-section-content-h i-cf\"><div class=\"g-cols wpb_row us_custom_887a049b via_flex valign_top type_default stacking_default\"><div class=\"vc_col-sm-12 wpb_column vc_column_container\"><div class=\"vc_column-inner\"><div class=\"wpb_wrapper\"><div class=\"w-separator size_custom with_line width_default thick_1 style_solid color_border align_center\" style=\"height:1px\"><div class=\"w-separator-h\"><\/div><\/div><\/div><\/div><\/div><\/div><div class=\"g-cols wpb_row us_custom_7cd4f94e via_flex valign_top type_default stacking_default\"><div class=\"vc_col-sm-6 wpb_column vc_column_container\"><div class=\"vc_column-inner\"><div class=\"wpb_wrapper\"><div class=\"w-text\"><span class=\"w-text-h\"><span class=\"w-text-value\">QUALIDADE AVALIZADA<\/span><\/span><\/div><div class=\"w-separator size_medium\"><\/div><h3 class=\"w-text us_custom_83857763\"><span class=\"w-text-h\"><span class=\"w-text-value\">Qualidade e seguran\u00e7a: essencial para voc\u00ea e para a Kauma.<\/span><\/span><\/h3><\/div><\/div><\/div><div class=\"vc_col-sm-6 wpb_column vc_column_container\"><div class=\"vc_column-inner us_custom_5999c16a\"><div class=\"wpb_wrapper\"><div class=\"wpb_text_column us_custom_5999c16a\"><div class=\"wpb_wrapper\"><p>A qualidade e seguran\u00e7a dos nossos produtos s\u00e3o \u00e1reas de vital import\u00e2ncia. Submetemos as nossas patentes a rigorosos controles de qualidade por organismos internacionais de prest\u00edgio. Em 2008, obtivemos a certifica\u00e7\u00e3o ISO 9001 e os nossos produtos s\u00e3o marcados com o selo CE. Al\u00e9m disso, realizamos ensaios e testes de vento, for\u00e7a e resist\u00eancia.<\/p>\n<\/div><\/div><\/div><\/div><\/div><\/div><div class=\"g-cols wpb_row us_custom_c70c97eb via_flex valign_top type_default stacking_default\"><div class=\"vc_col-sm-12 wpb_column vc_column_container\"><div class=\"vc_column-inner\"><div class=\"wpb_wrapper\"><div class=\"w-image us_custom_e15740ca align_center\"><div class=\"w-image-h\"><img decoding=\"async\" width=\"985\" height=\"606\" src=\"https:\/\/kauma.es\/wp-content\/uploads\/2024\/07\/Imagen-info1-sobre-nosotros-Calidad-avalada1.jpg\" class=\"attachment-full size-full\" alt=\"\" loading=\"lazy\" srcset=\"https:\/\/kauma.es\/wp-content\/uploads\/2024\/07\/Imagen-info1-sobre-nosotros-Calidad-avalada1.jpg 985w, https:\/\/kauma.es\/wp-content\/uploads\/2024\/07\/Imagen-info1-sobre-nosotros-Calidad-avalada1-600x369.jpg 600w, https:\/\/kauma.es\/wp-content\/uploads\/2024\/07\/Imagen-info1-sobre-nosotros-Calidad-avalada1-300x185.jpg 300w\" sizes=\"auto, (max-width: 985px) 100vw, 985px\" \/><\/div><\/div><\/div><\/div><\/div><\/div><\/div><\/div><\/div><div class=\"w-tabs-section no_indents\" id=\"l741\"><button class=\"w-tabs-section-header\" aria-controls=\"content-l741\" aria-expanded=\"false\"><div class=\"w-tabs-section-title\">Kauma labs<\/div><div class=\"w-tabs-section-control\"><\/div><\/button><div  class=\"w-tabs-section-content\" id=\"content-l741\"><div class=\"w-tabs-section-content-h i-cf\"><div class=\"g-cols wpb_row us_custom_887a049b via_flex valign_top type_default stacking_default\"><div class=\"vc_col-sm-12 wpb_column vc_column_container\"><div class=\"vc_column-inner\"><div class=\"wpb_wrapper\"><div class=\"w-separator size_custom with_line width_default thick_1 style_solid color_border align_center\" style=\"height:1px\"><div class=\"w-separator-h\"><\/div><\/div><\/div><\/div><\/div><\/div><div class=\"g-cols wpb_row us_custom_7cd4f94e via_flex valign_top type_default stacking_default\"><div class=\"vc_col-sm-6 wpb_column vc_column_container\"><div class=\"vc_column-inner\"><div class=\"wpb_wrapper\"><div class=\"w-text\"><span class=\"w-text-h\"><span class=\"w-text-value\">KAUMA LAB<\/span><\/span><\/div><div class=\"w-separator size_medium\"><\/div><h3 class=\"w-text us_custom_83857763\"><span class=\"w-text-h\"><span class=\"w-text-value\">De princ\u00edpio a fim<\/span><\/span><\/h3><\/div><\/div><\/div><div class=\"vc_col-sm-6 wpb_column vc_column_container\"><div class=\"vc_column-inner us_custom_5999c16a\"><div class=\"wpb_wrapper\"><div class=\"wpb_text_column us_custom_5999c16a\"><div class=\"wpb_wrapper\"><p>Kauma nasce de um processo criativo equilibrado de assessoria, estudo e design do espa\u00e7o. Nossa ampla experi\u00eancia oferece uma harmonia entre a t\u00e9cnica, a est\u00e9tica e a qualidade, sob uma premissa: inova\u00e7\u00e3o de vanguarda para te conectar de forma respeitosa e plena com a natureza. Estudamos as suas necessidades de forma personalizada, desenhamos patentes pr\u00f3prias e fabricamos para voc\u00ea em nossas instala\u00e7\u00f5es. Um processo de acompanhamento do princ\u00edpio ao fim para que a \u00fanica coisa que te preocupe seja ativar o seu modo relax em conex\u00e3o com o exterior.<\/p>\n<\/div><\/div><\/div><\/div><\/div><\/div><div class=\"g-cols wpb_row us_custom_c70c97eb via_flex valign_top type_default stacking_default\"><div class=\"vc_col-sm-12 wpb_column vc_column_container\"><div class=\"vc_column-inner\"><div class=\"wpb_wrapper\"><div class=\"w-image us_custom_e15740ca align_center\"><div class=\"w-image-h\"><img decoding=\"async\" width=\"985\" height=\"606\" src=\"https:\/\/kauma.es\/wp-content\/uploads\/2024\/07\/Imagen-info1-sobre-nosotros-Kauma-Lab1.jpg\" class=\"attachment-full size-full\" alt=\"\" loading=\"lazy\" srcset=\"https:\/\/kauma.es\/wp-content\/uploads\/2024\/07\/Imagen-info1-sobre-nosotros-Kauma-Lab1.jpg 985w, https:\/\/kauma.es\/wp-content\/uploads\/2024\/07\/Imagen-info1-sobre-nosotros-Kauma-Lab1-600x369.jpg 600w, https:\/\/kauma.es\/wp-content\/uploads\/2024\/07\/Imagen-info1-sobre-nosotros-Kauma-Lab1-300x185.jpg 300w\" sizes=\"auto, (max-width: 985px) 100vw, 985px\" \/><\/div><\/div><\/div><\/div><\/div><\/div><\/div><\/div><\/div><div class=\"w-tabs-section no_indents\" id=\"md0c\"><button class=\"w-tabs-section-header\" aria-controls=\"content-md0c\" aria-expanded=\"false\"><div class=\"w-tabs-section-title\">Respeituosos<\/div><div class=\"w-tabs-section-control\"><\/div><\/button><div  class=\"w-tabs-section-content\" id=\"content-md0c\"><div class=\"w-tabs-section-content-h i-cf\"><div class=\"g-cols wpb_row us_custom_887a049b via_flex valign_top type_default stacking_default\"><div class=\"vc_col-sm-12 wpb_column vc_column_container\"><div class=\"vc_column-inner\"><div class=\"wpb_wrapper\"><div class=\"w-separator size_custom with_line width_default thick_1 style_solid color_border align_center\" style=\"height:1px\"><div class=\"w-separator-h\"><\/div><\/div><\/div><\/div><\/div><\/div><div class=\"g-cols wpb_row us_custom_7cd4f94e via_flex valign_top type_default stacking_default\"><div class=\"vc_col-sm-6 wpb_column vc_column_container\"><div class=\"vc_column-inner\"><div class=\"wpb_wrapper\"><div class=\"w-text\"><span class=\"w-text-h\"><span class=\"w-text-value\">RESPEIT\u00d3SOS<\/span><\/span><\/div><div class=\"w-separator size_medium\"><\/div><h3 class=\"w-text us_custom_83857763\"><span class=\"w-text-h\"><span class=\"w-text-value\">A natureza do futuro cuidamos no presente.<\/span><\/span><\/h3><\/div><\/div><\/div><div class=\"vc_col-sm-6 wpb_column vc_column_container\"><div class=\"vc_column-inner us_custom_5999c16a\"><div class=\"wpb_wrapper\"><div class=\"wpb_text_column us_custom_5999c16a\"><div class=\"wpb_wrapper\"><p>O compromisso com a produ\u00e7\u00e3o sustent\u00e1vel nos leva a reciclar 100% dos materiais descart\u00e1veis, a controlar as emiss\u00f5es nos processos produtivos e log\u00edsticos e a contar com uma horta solar de cerca de 10.000 m2. Na sua casa, os produtos Kauma contribuem para gerenciar de maneira mais eficiente a energia e reduzir o impacto humano no ambiente urbano.<\/p>\n<\/div><\/div><\/div><\/div><\/div><\/div><div class=\"g-cols wpb_row us_custom_c70c97eb via_flex valign_top type_default stacking_default\"><div class=\"vc_col-sm-12 wpb_column vc_column_container\"><div class=\"vc_column-inner\"><div class=\"wpb_wrapper\"><div class=\"w-image us_custom_e15740ca align_center\"><div class=\"w-image-h\"><img decoding=\"async\" width=\"985\" height=\"448\" src=\"https:\/\/kauma.es\/wp-content\/uploads\/2024\/07\/Imagen-info1-sobre-nosotros-Respetuosos1.jpg\" class=\"attachment-full size-full\" alt=\"\" loading=\"lazy\" srcset=\"https:\/\/kauma.es\/wp-content\/uploads\/2024\/07\/Imagen-info1-sobre-nosotros-Respetuosos1.jpg 985w, https:\/\/kauma.es\/wp-content\/uploads\/2024\/07\/Imagen-info1-sobre-nosotros-Respetuosos1-600x273.jpg 600w, https:\/\/kauma.es\/wp-content\/uploads\/2024\/07\/Imagen-info1-sobre-nosotros-Respetuosos1-300x136.jpg 300w\" sizes=\"auto, (max-width: 985px) 100vw, 985px\" \/><\/div><\/div><\/div><\/div><\/div><\/div><\/div><\/div><\/div><\/div><\/div><\/div><\/div><\/div><\/div><\/div><\/section>\n","protected":false},"excerpt":{"rendered":"Kauma. The natural connectionConhe\u00e7a nossa companhiaNossa sedeNossa genteQualidade avalizadaKauma labsRespeituososNossa sedeNOSSA SEDEProdu\u00e7\u00e3o: 9.620 m\u14be Escrit\u00f3rios: 200 m\u14be Showroom: 200 m\u14be&quot;Contamos com uma planta de produ\u00e7\u00e3o de \u00faltima gera\u00e7\u00e3o: 10.000 m\u14be em Lucena (Espanha). Equipado com maquin\u00e1rio de controle num\u00e9rico computadorizado, planta de tratamento e acabamento de superf\u00edcies, showroom, um avan\u00e7ado software de gest\u00e3o, design, produ\u00e7\u00e3o...","protected":false},"author":8,"featured_media":0,"parent":0,"menu_order":0,"comment_status":"closed","ping_status":"closed","template":"","meta":{"_acf_changed":false,"rank_math_title":"","rank_math_description":"","rank_math_focus_keyword":"","rank_math_robots":null,"rank_math_canonical_url":"","rank_math_seo_score":"","rank_math_pillar_content":"","rank_math_advanced_robots":"","rank_math_facebook_title":"","rank_math_facebook_description":"","rank_math_facebook_image":"","rank_math_twitter_title":"","rank_math_twitter_description":"","rank_math_twitter_image":"","rank_math_twitter_card_type":"","rank_math_breadcrumb_title":"","rank_math_schema_Article":"","rank_math_schema_Book":"","rank_math_schema_Course":"","rank_math_schema_Dataset":"","rank_math_schema_Event":"","rank_math_schema_FAQPage":"","rank_math_schema_FactCheck":"","rank_math_schema_HowTo":"","rank_math_schema_JobPosting":"","rank_math_schema_Movie":"","rank_math_schema_MusicRecording":"","rank_math_schema_Person":"","rank_math_schema_Product":"","rank_math_schema_Recipe":"","rank_math_schema_Restaurant":"","rank_math_schema_Service":"","rank_math_schema_SoftwareApplication":"","rank_math_schema_VideoObject":"","rank_math_schema_WooCommerceProduct":"","rank_math_schema_MedicalProcedure":"","footnotes":""},"class_list":["post-26872","page","type-page","status-publish","hentry"],"acf":[],"_links":{"self":[{"href":"https:\/\/kauma.es\/pt-pt\/wp-json\/wp\/v2\/pages\/26872","targetHints":{"allow":["GET"]}}],"collection":[{"href":"https:\/\/kauma.es\/pt-pt\/wp-json\/wp\/v2\/pages"}],"about":[{"href":"https:\/\/kauma.es\/pt-pt\/wp-json\/wp\/v2\/types\/page"}],"author":[{"embeddable":true,"href":"https:\/\/kauma.es\/pt-pt\/wp-json\/wp\/v2\/users\/8"}],"replies":[{"embeddable":true,"href":"https:\/\/kauma.es\/pt-pt\/wp-json\/wp\/v2\/comments?post=26872"}],"version-history":[{"count":0,"href":"https:\/\/kauma.es\/pt-pt\/wp-json\/wp\/v2\/pages\/26872\/revisions"}],"wp:attachment":[{"href":"https:\/\/kauma.es\/pt-pt\/wp-json\/wp\/v2\/media?parent=26872"}],"curies":[{"name":"wp","href":"https:\/\/api.w.org\/{rel}","templated":true}]}}