{"id":26918,"date":"2024-08-01T09:01:45","date_gmt":"2024-08-01T07:01:45","guid":{"rendered":"https:\/\/kauma.es\/servicos\/"},"modified":"2025-04-30T15:23:56","modified_gmt":"2025-04-30T13:23:56","slug":"servicos","status":"publish","type":"page","link":"https:\/\/kauma.es\/pt-pt\/servicos\/","title":{"rendered":"Servi\u00e7os"},"content":{"rendered":"<section class=\"l-section wpb_row height_auto full_height valign_top color_alternate with_slider\"><div class=\"l-section-slider\"><div class=\"w-slider style_none fit_cover nav_none count_1\"><div class=\"w-slider-h\" aria-hidden=\"true\"><div class=\"royalSlider\"><div class=\"rsContent\"><a class=\"rsImg\" data-rsw=\"1650\" data-rsh=\"1008\" href=\"https:\/\/kauma.es\/wp-content\/uploads\/2024\/10\/1-1.jpg\"><span data-alt=\"\"><\/span><\/a><\/div><\/div><img decoding=\"async\" src=\"https:\/\/kauma.es\/wp-content\/uploads\/2024\/10\/1-1.jpg\" width=\"1650\" height=\"1008\" alt loading=\"lazy\"><\/div><div class=\"w-slider-json\" onclick='return {&quot;autoScaleSlider&quot;:true,&quot;addActiveClass&quot;:true,&quot;loop&quot;:true,&quot;fadeInLoadedSlide&quot;:false,&quot;slidesSpacing&quot;:0,&quot;imageScalePadding&quot;:0,&quot;numImagesToPreload&quot;:2,&quot;arrowsNav&quot;:false,&quot;arrowsNavAutoHide&quot;:false,&quot;transitionType&quot;:&quot;move&quot;,&quot;transitionSpeed&quot;:1000,&quot;block&quot;:{&quot;moveEffect&quot;:&quot;none&quot;,&quot;speed&quot;:300},&quot;thumbs&quot;:{&quot;fitInViewport&quot;:false,&quot;firstMargin&quot;:false,&quot;spacing&quot;:4},&quot;controlNavigation&quot;:&quot;none&quot;,&quot;autoplay&quot;:{&quot;enabled&quot;:true,&quot;pauseOnHover&quot;:false,&quot;delay&quot;:3000},&quot;autoScaleSliderWidth&quot;:1650,&quot;autoScaleSliderHeight&quot;:1008}'><\/div><\/div><\/div><div class=\"l-section-h i-cf\"><div class=\"g-cols vc_row via_flex valign_top type_default stacking_default\"><div class=\"vc_col-sm-12 wpb_column vc_column_container\"><div class=\"vc_column-inner\"><div class=\"wpb_wrapper\"><h2 class=\"w-post-elm post_title align_left entry-title\">Servi\u00e7os<\/h2><div class=\"w-separator size_medium\"><\/div><div class=\"w-btn-wrapper align_left\"><a class=\"w-btn us-btn-style_4 icon-rotate icon_atright\" href=\"#servicios\"><span class=\"w-btn-label\">Fique informado sobre todos os nossos servi\u00e7os<\/span><i class=\"fas fa-caret-right\"><\/i><\/a><\/div><\/div><\/div><\/div><\/div><\/div><\/section><section class=\"l-section wpb_row us_custom_19737bc8 height_auto width_full\" id=\"servicios\"><div class=\"l-section-h i-cf\"><div class=\"g-cols vc_row via_flex valign_top type_default stacking_default\"><div class=\"vc_col-sm-12 wpb_column vc_column_container\"><div class=\"vc_column-inner\"><div class=\"wpb_wrapper\"><div class=\"w-tabs layout_hor style_simple3 switch_click has_scrolling\" style=\"--sections-title-size:1em\"><div class=\"w-tabs-list items_4 align_center\"><div class=\"w-tabs-list-h\"><button class=\"w-tabs-item active\" aria-controls=\"content-m9d3\" aria-expanded=\"false\"><span class=\"w-tabs-item-title\">Desenha o teu espa\u00e7o<\/span><\/button><button class=\"w-tabs-item\" aria-controls=\"content-f1d2\" aria-expanded=\"false\"><span class=\"w-tabs-item-title\">P\u00f5e-te em marcha<\/span><\/button><button class=\"w-tabs-item\" aria-controls=\"content-c69d\" aria-expanded=\"false\"><span class=\"w-tabs-item-title\">Prazos de entrega<\/span><\/button><button class=\"w-tabs-item\" aria-controls=\"content-y091\" aria-expanded=\"false\"><span class=\"w-tabs-item-title\">Instala\u00e7\u00e3o e assist\u00eancia<\/span><\/button><\/div><\/div><div class=\"w-tabs-sections titles-align_center icon_chevron cpos_right\"><div class=\"w-tabs-section no_indents active\" id=\"m9d3\"><button class=\"w-tabs-section-header active\" aria-controls=\"content-m9d3\" aria-expanded=\"true\"><div class=\"w-tabs-section-title\">Desenha o teu espa\u00e7o<\/div><div class=\"w-tabs-section-control\"><\/div><\/button><div  class=\"w-tabs-section-content\" id=\"content-m9d3\"><div class=\"w-tabs-section-content-h i-cf\"><div class=\"g-cols wpb_row via_flex valign_top type_default stacking_default\"><div class=\"vc_col-sm-12 wpb_column vc_column_container\"><div class=\"vc_column-inner\"><div class=\"wpb_wrapper\"><div class=\"w-separator size_custom with_line width_default thick_1 style_solid color_border align_center\" style=\"height:1px\"><div class=\"w-separator-h\"><\/div><\/div><\/div><\/div><\/div><\/div><div class=\"g-cols wpb_row us_custom_573f54b4 via_flex valign_top type_default stacking_default\"><div class=\"vc_col-sm-6 wpb_column vc_column_container\"><div class=\"vc_column-inner\"><div class=\"wpb_wrapper\"><div class=\"w-text\"><span class=\"w-text-h\"><span class=\"w-text-value\">DESENHA O TEU ESPA\u00c7O<\/span><\/span><\/div><div class=\"w-separator size_medium\"><\/div><h3 class=\"w-text us_custom_83857763\"><span class=\"w-text-h\"><span class=\"w-text-value\">Nem todos os espa\u00e7os s\u00e3o iguais, por isso encontraremos a solu\u00e7\u00e3o ideal para ti.<\/span><\/span><\/h3><\/div><\/div><\/div><div class=\"vc_col-sm-6 wpb_column vc_column_container\"><div class=\"vc_column-inner us_custom_5999c16a\"><div class=\"wpb_wrapper\"><div class=\"wpb_text_column us_custom_5999c16a\"><div class=\"wpb_wrapper\"><p>Com mais de 30 anos de experi\u00eancia, podemos oferecer-te o melhor aconselhamento, considerando as diferentes possibilidades e a melhor rela\u00e7\u00e3o qualidade-pre\u00e7o.<\/p>\n<\/div><\/div><\/div><\/div><\/div><\/div><div class=\"g-cols wpb_row us_custom_d30832b3 via_flex valign_top type_default stacking_default\"><div class=\"vc_col-sm-3 wpb_column vc_column_container\"><div class=\"vc_column-inner\"><div class=\"wpb_wrapper\"><\/div><\/div><\/div><div class=\"vc_col-sm-3 wpb_column vc_column_container\"><div class=\"vc_column-inner\"><div class=\"wpb_wrapper\"><div class=\"w-iconbox iconpos_left style_default color_custom align_left\"><div class=\"w-iconbox-icon\" style=\"font-size:2rem;--icon-color:#000000;\"><i class=\"fas fa-check\"><\/i><\/div><div class=\"w-iconbox-meta\"><h4 class=\"w-iconbox-title\">Escolhe bem<\/h4><div class=\"w-iconbox-text\"><p>O nosso projeto ser\u00e1 distinto se for um espa\u00e7o de uso casual ou intensivo, se estiver na costa ou na montanha, se a sua orienta\u00e7\u00e3o for sul ou norte. Para te ajudar a encontrar a melhor op\u00e7\u00e3o e orientar-te nos espa\u00e7os mais complexos\u2026<\/p>\n<\/div><\/div><\/div><div class=\"w-separator size_custom\" style=\"height:10px\"><\/div><div class=\"w-btn-wrapper align_center\"><a class=\"w-btn us-btn-style_3\" href=\"https:\/\/kauma.es\/pt-pt\/contato\/\"><span class=\"w-btn-label\">Conta-nos o teu projeto<\/span><\/a><\/div><div class=\"w-separator size_medium\"><\/div><div class=\"w-iconbox iconpos_left style_default color_custom align_left\"><div class=\"w-iconbox-icon\" style=\"font-size:2rem;--icon-color:#000000;\"><i class=\"far fa-home\"><\/i><\/div><div class=\"w-iconbox-meta\"><h4 class=\"w-iconbox-title\">Experimente<\/h4><div class=\"w-iconbox-text\"><p>Se ainda n\u00e3o experimentaste, tocaste e sentiste a diferen\u00e7a dos produtos Kauma, faz-nos uma visita no nosso showroom.<\/p>\n<p>Showroom<br \/>\nN-331 km 75,8 \u2013 14900 Lucena, Espa\u00f1a<br \/>\n+34 957 749 749 \u2013 info@kauma.es<\/p>\n<\/div><\/div><\/div><div class=\"w-separator size_medium\"><\/div><div class=\"w-iconbox iconpos_left style_default color_custom align_left\"><div class=\"w-iconbox-icon\" style=\"font-size:2rem;--icon-color:#000000;\"><i class=\"far fa-paint-brush\"><\/i><\/div><div class=\"w-iconbox-meta\"><h4 class=\"w-iconbox-title\">Op\u00e7\u00f5es de cor e acabamento<\/h4><div class=\"w-iconbox-text\"><p>Dispomos da nossa pr\u00f3pria planta de lacagem para te oferecer uma infinidade de cores e acabamentos de acordo com os teus gostos. Solicita o nosso cat\u00e1logo de cores lisas ou imita\u00e7\u00e3o de madeira.<\/p>\n<\/div><\/div><\/div><\/div><\/div><\/div><div class=\"vc_col-sm-3 wpb_column vc_column_container\"><div class=\"vc_column-inner\"><div class=\"wpb_wrapper\"><div class=\"w-iconbox iconpos_left style_default color_custom align_left\"><div class=\"w-iconbox-icon\" style=\"font-size:2rem;--icon-color:#000000;\"><i class=\"far fa-eye\"><\/i><\/div><div class=\"w-iconbox-meta\"><h4 class=\"w-iconbox-title\">Visita pr\u00e9via<\/h4><div class=\"w-iconbox-text\"><p>A nossa equipa t\u00e9cnica est\u00e1 dispon\u00edvel para analisar no local o teu espa\u00e7o e ajudar-te a resolver todas as d\u00favidas espec\u00edficas para cumprir todos os requisitos do teu projeto.<\/p>\n<\/div><\/div><\/div><div class=\"w-separator size_custom\" style=\"height:10px\"><\/div><div class=\"w-btn-wrapper align_center\"><a class=\"w-btn us-btn-style_3\" href=\"https:\/\/kauma.es\/pt-pt\/contato\/\"><span class=\"w-btn-label\">Pede-nos uma visita<\/span><\/a><\/div><div class=\"w-separator size_medium\"><\/div><div class=\"w-iconbox iconpos_left style_default color_custom align_left\"><div class=\"w-iconbox-icon\" style=\"font-size:2rem;--icon-color:#000000;\"><i class=\"fas fa-leaf-heart\"><\/i><\/div><div class=\"w-iconbox-meta\"><h4 class=\"w-iconbox-title\">Medidas que economizam<\/h4><div class=\"w-iconbox-text\"><p>Sabias que trabalhamos contigo para otimizar o tamanho ou o n\u00famero de pain\u00e9is num sistema para reduzir custos? Os tamanhos que aparecem no or\u00e7amento s\u00e3o apenas um ponto de partida, pois tratam-se de medidas aproximadas. Com base nesse or\u00e7amento, tomaremos as medidas exatas para a fabrica\u00e7\u00e3o e, se a ideia final for muito diferente do or\u00e7amento inicial, reconfiguraremos a avalia\u00e7\u00e3o com base no projeto para te oferecer o pre\u00e7o definitivo.<\/p>\n<\/div><\/div><\/div><div class=\"w-separator size_medium\"><\/div><div class=\"w-iconbox iconpos_left style_default color_custom align_left\"><div class=\"w-iconbox-icon\" style=\"font-size:2rem;--icon-color:#000000;\"><i class=\"far fa-shield-check\"><\/i><\/div><div class=\"w-iconbox-meta\"><h4 class=\"w-iconbox-title\">Como conseguir o teu or\u00e7amento<\/h4><div class=\"w-iconbox-text\"><p><span>Como conseguir o teu or\u00e7amento. A melhor forma de determinar o pre\u00e7o \u00e9 consultar com um agente oficial Kauma e pedir um or\u00e7amento atrav\u00e9s do nosso formul\u00e1rio no site ou enviando um e-mail para  <\/span><a href=\"mailto:atencioncomercial@kauma.es\" target=\"_blank\" rel=\"noopener\">atencioncomercial@kauma.es<\/a><span>.<\/span><\/p>\n<\/div><\/div><\/div><div class=\"w-separator size_custom\" style=\"height:10px\"><\/div><div class=\"w-btn-wrapper align_center\"><a class=\"w-btn us-btn-style_3\" href=\"https:\/\/kauma.es\/pt-pt\/orcamento\/\"><span class=\"w-btn-label\">Pe\u00e7am-nos or\u00e7amento<\/span><\/a><\/div><\/div><\/div><\/div><div class=\"vc_col-sm-3 wpb_column vc_column_container\"><div class=\"vc_column-inner\"><div class=\"wpb_wrapper\"><\/div><\/div><\/div><\/div><\/div><\/div><\/div><div class=\"w-tabs-section no_indents\" id=\"f1d2\"><button class=\"w-tabs-section-header\" aria-controls=\"content-f1d2\" aria-expanded=\"false\"><div class=\"w-tabs-section-title\">P\u00f5e-te em marcha<\/div><div class=\"w-tabs-section-control\"><\/div><\/button><div  class=\"w-tabs-section-content\" id=\"content-f1d2\"><div class=\"w-tabs-section-content-h i-cf\"><div class=\"g-cols wpb_row via_flex valign_top type_default stacking_default\"><div class=\"vc_col-sm-12 wpb_column vc_column_container\"><div class=\"vc_column-inner\"><div class=\"wpb_wrapper\"><div class=\"w-separator size_custom with_line width_default thick_1 style_solid color_border align_center\" style=\"height:1px\"><div class=\"w-separator-h\"><\/div><\/div><\/div><\/div><\/div><\/div><div class=\"g-cols wpb_row us_custom_6d603292 via_flex valign_top type_default stacking_default\"><div class=\"vc_col-sm-6 wpb_column vc_column_container\"><div class=\"vc_column-inner\"><div class=\"wpb_wrapper\"><div class=\"w-text\"><span class=\"w-text-h\"><span class=\"w-text-value\">P\u00d5E-TE EM A\u00c7\u00c3O<\/span><\/span><\/div><div class=\"w-separator size_medium\"><\/div><h3 class=\"w-text us_custom_83857763\"><span class=\"w-text-h\"><span class=\"w-text-value\">J\u00e1 tens o teu or\u00e7amento, e agora o que?<\/span><\/span><\/h3><\/div><\/div><\/div><div class=\"vc_col-sm-6 wpb_column vc_column_container\"><div class=\"vc_column-inner us_custom_5999c16a\"><div class=\"wpb_wrapper\"><div class=\"wpb_text_column us_custom_6bc09bf8\"><div class=\"wpb_wrapper\"><p>Para confirmar o or\u00e7amento, s\u00f3 tens de nos enviar por e-mail o documento revisto e assinado. Assim que recebemos o documento de confirma\u00e7\u00e3o e o pagamento inicial, a tua encomenda come\u00e7ar\u00e1 a ganhar forma na nossa f\u00e1brica.<\/p>\n<\/div><\/div><\/div><\/div><\/div><\/div><div class=\"g-cols wpb_row us_custom_245b2909 via_flex valign_top type_default stacking_default\"><div class=\"vc_col-sm-3 wpb_column vc_column_container\"><div class=\"vc_column-inner\"><div class=\"wpb_wrapper\"><\/div><\/div><\/div><div class=\"vc_col-sm-3 wpb_column vc_column_container\"><div class=\"vc_column-inner\"><div class=\"wpb_wrapper\"><div class=\"w-iconbox iconpos_left style_default color_custom align_left\"><div class=\"w-iconbox-icon\" style=\"font-size:2rem;--icon-color:#000000;\"><i class=\"fas fa-check\"><\/i><\/div><div class=\"w-iconbox-meta\"><h4 class=\"w-iconbox-title\">Como saberei se a minha encomenda foi recebida?<\/h4><div class=\"w-iconbox-text\"><p>Quando recebermos a tua encomenda, enviaremos uma confirma\u00e7\u00e3o por e-mail, com as datas estimadas de produ\u00e7\u00e3o e entrega. A partir desse momento, ser\u00e1 criado um contrato legalmente vinculativo entre ti e a Kauma. Iremos atender a tua encomenda o mais r\u00e1pido poss\u00edvel e receber\u00e1s o produto dentro dos prazos estabelecidos<\/p>\n<\/div><\/div><\/div><div class=\"w-separator size_medium\"><\/div><div class=\"w-iconbox iconpos_left style_default color_custom align_left\"><div class=\"w-iconbox-icon\" style=\"font-size:2rem;--icon-color:#000000;\"><i class=\"far fa-envelope\"><\/i><\/div><div class=\"w-iconbox-meta\"><h4 class=\"w-iconbox-title\">Encomendas e produ\u00e7\u00e3o<\/h4><div class=\"w-iconbox-text\"><p>Para consultar d\u00favidas t\u00e9cnicas, estado da encomenda, prazos de entrega ou m\u00e9todos de envio, contacta connosco em pedidos@kauma.es<\/p>\n<\/div><\/div><\/div><\/div><\/div><\/div><div class=\"vc_col-sm-3 wpb_column vc_column_container\"><div class=\"vc_column-inner\"><div class=\"wpb_wrapper\"><div class=\"w-iconbox iconpos_left style_default color_custom align_left\"><div class=\"w-iconbox-icon\" style=\"font-size:2rem;--icon-color:#000000;\"><i class=\"far fa-credit-card\"><\/i><\/div><div class=\"w-iconbox-meta\"><h4 class=\"w-iconbox-title\">Pagamentos<\/h4><div class=\"w-iconbox-text\"><p>Oferecemos condi\u00e7\u00f5es de pagamento amig\u00e1veis aos nossos clientes. Sendo um produto feito exclusivamente para ti, solicitamos um pagamento inicial de 50% no momento da encomenda e o pagamento do valor restante na finaliza\u00e7\u00e3o e entrega do produto.<\/p>\n<\/div><\/div><\/div><\/div><\/div><\/div><div class=\"vc_col-sm-3 wpb_column vc_column_container\"><div class=\"vc_column-inner\"><div class=\"wpb_wrapper\"><\/div><\/div><\/div><\/div><\/div><\/div><\/div><div class=\"w-tabs-section no_indents\" id=\"c69d\"><button class=\"w-tabs-section-header\" aria-controls=\"content-c69d\" aria-expanded=\"false\"><div class=\"w-tabs-section-title\">Prazos de entrega<\/div><div class=\"w-tabs-section-control\"><\/div><\/button><div  class=\"w-tabs-section-content\" id=\"content-c69d\"><div class=\"w-tabs-section-content-h i-cf\"><div class=\"g-cols wpb_row us_custom_887a049b via_flex valign_top type_default stacking_default\"><div class=\"vc_col-sm-12 wpb_column vc_column_container\"><div class=\"vc_column-inner\"><div class=\"wpb_wrapper\"><div class=\"w-separator size_custom with_line width_default thick_1 style_solid color_border align_center\" style=\"height:1px\"><div class=\"w-separator-h\"><\/div><\/div><\/div><\/div><\/div><\/div><div class=\"g-cols wpb_row us_custom_7cd4f94e via_flex valign_top type_default stacking_default\"><div class=\"vc_col-sm-6 wpb_column vc_column_container\"><div class=\"vc_column-inner\"><div class=\"wpb_wrapper\"><div class=\"w-text\"><span class=\"w-text-h\"><span class=\"w-text-value\">PRAZOS E ENTREGA<\/span><\/span><\/div><div class=\"w-separator size_medium\"><\/div><h3 class=\"w-text us_custom_83857763\"><span class=\"w-text-h\"><span class=\"w-text-value\">96% das nossas encomendas s\u00e3o geridas com total pontualidade.<\/span><\/span><\/h3><\/div><\/div><\/div><div class=\"vc_col-sm-6 wpb_column vc_column_container\"><div class=\"vc_column-inner us_custom_5999c16a\"><div class=\"wpb_wrapper\"><div class=\"wpb_text_column us_custom_5999c16a\"><div class=\"wpb_wrapper\"><p><span>Sabemos que \u00e9 muito importante cumprir com os prazos estabelecidos, e nisso colocamos um cuidado especial. Coordenamos contigo os prazos de entrega e instala\u00e7\u00e3o e mantemos-te informado sobre o estado da tua encomenda. <\/span><\/p>\n<\/div><\/div><\/div><\/div><\/div><\/div><div class=\"g-cols wpb_row us_custom_245b2909 via_flex valign_top type_default stacking_default\"><div class=\"vc_col-sm-3 wpb_column vc_column_container\"><div class=\"vc_column-inner\"><div class=\"wpb_wrapper\"><\/div><\/div><\/div><div class=\"vc_col-sm-3 wpb_column vc_column_container\"><div class=\"vc_column-inner\"><div class=\"wpb_wrapper\"><div class=\"w-iconbox iconpos_left style_default color_custom align_left\"><div class=\"w-iconbox-icon\" style=\"font-size:2rem;--icon-color:#000000;\"><i class=\"fas fa-calendar-alt\"><\/i><\/div><div class=\"w-iconbox-meta\"><h4 class=\"w-iconbox-title\">Prazos de entrega<\/h4><div class=\"w-iconbox-text\"><p>Quando fizeres a tua encomenda, daremos-te um prazo de entrega estimado. \u00c0 medida que o processo de fabrico avance, iremos informar-te da data exata.<\/p>\n<\/div><\/div><\/div><\/div><\/div><\/div><div class=\"vc_col-sm-3 wpb_column vc_column_container\"><div class=\"vc_column-inner\"><div class=\"wpb_wrapper\"><div class=\"w-iconbox iconpos_left style_default color_custom align_left\"><div class=\"w-iconbox-icon\" style=\"font-size:2rem;--icon-color:#000000;\"><i class=\"fas fa-envelope\"><\/i><\/div><div class=\"w-iconbox-meta\"><h4 class=\"w-iconbox-title\">Envio de produtos<\/h4><div class=\"w-iconbox-text\"><p>Os produtos s\u00e3o enviados completamente protegidos, revestidos com cart\u00e3o e corti\u00e7a ou caixas de madeira se contiverem vidro. Sempre damos uma ideia aproximada do peso da mercadoria e do n\u00famero de pacotes.<\/p>\n<\/div><\/div><\/div><\/div><\/div><\/div><div class=\"vc_col-sm-3 wpb_column vc_column_container\"><div class=\"vc_column-inner\"><div class=\"wpb_wrapper\"><\/div><\/div><\/div><\/div><\/div><\/div><\/div><div class=\"w-tabs-section no_indents\" id=\"y091\"><button class=\"w-tabs-section-header\" aria-controls=\"content-y091\" aria-expanded=\"false\"><div class=\"w-tabs-section-title\">Instala\u00e7\u00e3o e assist\u00eancia<\/div><div class=\"w-tabs-section-control\"><\/div><\/button><div  class=\"w-tabs-section-content\" id=\"content-y091\"><div class=\"w-tabs-section-content-h i-cf\"><div class=\"g-cols wpb_row us_custom_887a049b via_flex valign_top type_default stacking_default\"><div class=\"vc_col-sm-12 wpb_column vc_column_container\"><div class=\"vc_column-inner\"><div class=\"wpb_wrapper\"><div class=\"w-separator size_custom with_line width_default thick_1 style_solid color_border align_center\" style=\"height:1px\"><div class=\"w-separator-h\"><\/div><\/div><\/div><\/div><\/div><\/div><div class=\"g-cols wpb_row us_custom_7cd4f94e via_flex valign_top type_default stacking_default\"><div class=\"vc_col-sm-6 wpb_column vc_column_container\"><div class=\"vc_column-inner\"><div class=\"wpb_wrapper\"><div class=\"w-text\"><span class=\"w-text-h\"><span class=\"w-text-value\">INSTALA\u00c7\u00c3O E ASSIST\u00caNCIA<\/span><\/span><\/div><div class=\"w-separator size_medium\"><\/div><h3 class=\"w-text us_custom_83857763\"><span class=\"w-text-h\"><span class=\"w-text-value\">Limpeza e precis\u00e3o na execu\u00e7\u00e3o. Servi\u00e7o p\u00f3s-venda sempre disposto a ajudar-te. <\/span><\/span><\/h3><\/div><\/div><\/div><div class=\"vc_col-sm-6 wpb_column vc_column_container\"><div class=\"vc_column-inner us_custom_5999c16a\"><div class=\"wpb_wrapper\"><div class=\"wpb_text_column us_custom_5999c16a\"><div class=\"wpb_wrapper\"><p>A Kauma tem sido uma empresa instaladora durante muitos anos, por isso sabemos as dificuldades que surgem na instala\u00e7\u00e3o de primeira m\u00e3o e no seu uso posterior. Isso ajudou-nos a melhorar os nossos produtos e o servi\u00e7o de apoio t\u00e9cnico.<\/p>\n<\/div><\/div><\/div><\/div><\/div><\/div><div class=\"g-cols wpb_row us_custom_d30832b3 via_flex valign_top type_default stacking_default\"><div class=\"vc_col-sm-3 wpb_column vc_column_container\"><div class=\"vc_column-inner\"><div class=\"wpb_wrapper\"><\/div><\/div><\/div><div class=\"vc_col-sm-3 wpb_column vc_column_container\"><div class=\"vc_column-inner\"><div class=\"wpb_wrapper\"><div class=\"w-iconbox iconpos_left style_default color_custom align_left\"><div class=\"w-iconbox-icon\" style=\"font-size:2rem;--icon-color:#000000;\"><i class=\"fas fa-user-hard-hat\"><\/i><\/div><div class=\"w-iconbox-meta\"><h4 class=\"w-iconbox-title\">O dia da instala\u00e7\u00e3o<\/h4><div class=\"w-iconbox-text\"><p>A instala\u00e7\u00e3o \u00e9 uma parte chave de todo o processo de compra, pois sem uma boa execu\u00e7\u00e3o na obra n\u00e3o conseguiremos a qualidade esperada dos nossos produtos. Escolher a exig\u00eancia de um instalador certificado da Kauma \u00e9 uma garantia de sucesso, que al\u00e9m disso evitar\u00e1 problemas e poupar\u00e1 tempo ao comprador. Comprometemo-nos a instalar o produto de forma confort\u00e1vel para ti, sem causar danos e sem gerar res\u00edduos excessivos.<\/p>\n<\/div><\/div><\/div><div class=\"w-separator size_medium\"><\/div><div class=\"w-iconbox iconpos_left style_default color_custom align_left\"><div class=\"w-iconbox-icon\" style=\"font-size:2rem;--icon-color:#000000;\"><i class=\"far fa-tint\"><\/i><\/div><div class=\"w-iconbox-meta\"><h4 class=\"w-iconbox-title\">Limpeza<\/h4><div class=\"w-iconbox-text\"><p>Para saber como manter as estruturas e pain\u00e9is Kauma, convidamos-te a consultar o Manual de Uso e Manuten\u00e7\u00e3o. Estas indica\u00e7\u00f5es, al\u00e9m disso, ser\u00e3o entregues pessoalmente pelo instalador Kauma assim que o produto estiver instalado.<\/p>\n<\/div><\/div><\/div><\/div><\/div><\/div><div class=\"vc_col-sm-3 wpb_column vc_column_container\"><div class=\"vc_column-inner\"><div class=\"wpb_wrapper\"><div class=\"w-iconbox iconpos_left style_default color_custom align_left\"><div class=\"w-iconbox-icon\" style=\"font-size:2rem;--icon-color:#000000;\"><i class=\"far fa-shield-check\"><\/i><\/div><div class=\"w-iconbox-meta\"><h4 class=\"w-iconbox-title\">Garantia<\/h4><div class=\"w-iconbox-text\"><p>As estruturas da Kauma, assim como os pain\u00e9is de vidro ou de qualquer outro material, possuem uma garantia de 2 anos a partir da data de instala\u00e7\u00e3o. No entanto, por se tratar de materiais diferentes, cada um pode apresentar condi\u00e7\u00f5es especiais de cobertura dentro de um per\u00edodo de 5 anos ap\u00f3s a instala\u00e7\u00e3o. Recomendamos que consultes a nossa Pol\u00edtica de Garantia.<\/p>\n<\/div><\/div><\/div><div class=\"w-separator size_medium\"><\/div><div class=\"w-iconbox iconpos_left style_default color_custom align_left\"><div class=\"w-iconbox-icon\" style=\"font-size:2rem;--icon-color:#000000;\"><i class=\"far fa-pencil-ruler\"><\/i><\/div><div class=\"w-iconbox-meta\"><h4 class=\"w-iconbox-title\">Relaxar e despreocupar-se<\/h4><div class=\"w-iconbox-text\"><p>Desenhamos os nossos produtos para te oferecer o m\u00e1ximo conforto ano ap\u00f3s ano. Trabalhamos para atender \u00e0s tuas necessidades em qualquer momento e, caso seja necess\u00e1rio, o nosso departamento t\u00e9cnico tratar\u00e1 de qualquer incidente para que tu s\u00f3 tenhas de te preocupar em viver tranquilo e protegido pela Kauma. Aqui nos encontrar\u00e1s sempre.<\/p>\n<\/div><\/div><\/div><\/div><\/div><\/div><div class=\"vc_col-sm-3 wpb_column vc_column_container\"><div class=\"vc_column-inner\"><div class=\"wpb_wrapper\"><\/div><\/div><\/div><\/div><\/div><\/div><\/div><\/div><\/div><\/div><\/div><\/div><\/div><\/div><\/section>\n","protected":false},"excerpt":{"rendered":"Servi\u00e7osFique informado sobre todos os nossos servi\u00e7osDesenha o teu espa\u00e7oP\u00f5e-te em marchaPrazos de entregaInstala\u00e7\u00e3o e assist\u00eanciaDesenha o teu espa\u00e7oDESENHA O TEU ESPA\u00c7ONem todos os espa\u00e7os s\u00e3o iguais, por isso encontraremos a solu\u00e7\u00e3o ideal para ti.Com mais de 30 anos de experi\u00eancia, podemos oferecer-te o melhor aconselhamento, considerando as diferentes possibilidades e a melhor rela\u00e7\u00e3o qualidade-pre\u00e7o....","protected":false},"author":8,"featured_media":0,"parent":0,"menu_order":0,"comment_status":"closed","ping_status":"closed","template":"","meta":{"_acf_changed":false,"rank_math_title":"","rank_math_description":"","rank_math_focus_keyword":"","rank_math_robots":null,"rank_math_canonical_url":"","rank_math_seo_score":"","rank_math_pillar_content":"","rank_math_advanced_robots":"","rank_math_facebook_title":"","rank_math_facebook_description":"","rank_math_facebook_image":"","rank_math_twitter_title":"","rank_math_twitter_description":"","rank_math_twitter_image":"","rank_math_twitter_card_type":"","rank_math_breadcrumb_title":"","rank_math_schema_Article":"","rank_math_schema_Book":"","rank_math_schema_Course":"","rank_math_schema_Dataset":"","rank_math_schema_Event":"","rank_math_schema_FAQPage":"","rank_math_schema_FactCheck":"","rank_math_schema_HowTo":"","rank_math_schema_JobPosting":"","rank_math_schema_Movie":"","rank_math_schema_MusicRecording":"","rank_math_schema_Person":"","rank_math_schema_Product":"","rank_math_schema_Recipe":"","rank_math_schema_Restaurant":"","rank_math_schema_Service":"","rank_math_schema_SoftwareApplication":"","rank_math_schema_VideoObject":"","rank_math_schema_WooCommerceProduct":"","rank_math_schema_MedicalProcedure":"","footnotes":""},"class_list":["post-26918","page","type-page","status-publish","hentry"],"acf":[],"_links":{"self":[{"href":"https:\/\/kauma.es\/pt-pt\/wp-json\/wp\/v2\/pages\/26918","targetHints":{"allow":["GET"]}}],"collection":[{"href":"https:\/\/kauma.es\/pt-pt\/wp-json\/wp\/v2\/pages"}],"about":[{"href":"https:\/\/kauma.es\/pt-pt\/wp-json\/wp\/v2\/types\/page"}],"author":[{"embeddable":true,"href":"https:\/\/kauma.es\/pt-pt\/wp-json\/wp\/v2\/users\/8"}],"replies":[{"embeddable":true,"href":"https:\/\/kauma.es\/pt-pt\/wp-json\/wp\/v2\/comments?post=26918"}],"version-history":[{"count":0,"href":"https:\/\/kauma.es\/pt-pt\/wp-json\/wp\/v2\/pages\/26918\/revisions"}],"wp:attachment":[{"href":"https:\/\/kauma.es\/pt-pt\/wp-json\/wp\/v2\/media?parent=26918"}],"curies":[{"name":"wp","href":"https:\/\/api.w.org\/{rel}","templated":true}]}}